{"id":12845,"date":"2020-05-18T21:59:48","date_gmt":"2020-05-18T18:59:48","guid":{"rendered":"https:\/\/lima.com.tr\/?post_type=product&#038;p=12845"},"modified":"2021-05-22T14:40:39","modified_gmt":"2021-05-22T11:40:39","slug":"fwa-1010vc-8ca2s","status":"publish","type":"product","link":"https:\/\/lima.com.tr\/en\/shop\/endustriyel-bilisim\/ag-aygitlari\/masaustu\/fwa-1010vc-8ca2s\/","title":{"rendered":"FWA-1010VC-8CA2S"},"content":{"rendered":"<p><strong>Geni\u015fleme Se\u00e7enekleri :<\/strong> 1 x Full-size Mini PCIe with SIM holder for 3G\/4G LTE (WWAN) module with 2 x antenna holes, 1 x Mini SIM type (25 x 15 mm), 1 x M.2 2232 for WiFi (WLAN) module with 2 x antenna holes<\/p>\n<p><strong>\u00c7al\u0131\u015fma S\u0131cakl\u0131\u011f\u0131 :<\/strong> 0 ~ 40 \u00b0C<\/p>\n<p><strong>Depolama S\u0131cakl\u0131\u011f\u0131 :<\/strong>\u00a0 -20 ~ 80 \u00b0C<\/p>\n<p><strong>Nem :<\/strong> 5 ~ 95% @ 40 \u00b0C<\/p>\n<p><strong>Sertifikalar :<\/strong> CE\/FCC\/CB\/UL\/CCC (not including any Wi-Fi and LTE RF certificate)<\/p>\n<p><strong>\u0130\u015fletim Sistemi :<\/strong> Linux (CentOS, Red Hat, Ubuntu)<\/p>","protected":false},"excerpt":{"rendered":"<p>Tabletop Network Appliance with Intel\u00ae Atom\u2122 Processor C2000 for universal vCPE and SD-WAN<\/p>","protected":false},"featured_media":12640,"template":"","meta":[],"product_brand":[],"product_cat":[90,39,93],"product_tag":[45,48,44,46,47],"class_list":{"0":"post-12845","1":"product","2":"type-product","3":"status-publish","4":"has-post-thumbnail","6":"product_cat-ag-aygitlari","7":"product_cat-endustriyel-bilisim","8":"product_cat-masaustu","9":"product_tag-akilli-sehir","10":"product_tag-altyapi","11":"product_tag-guvenlik","12":"product_tag-savunma","13":"product_tag-uretim","14":"pa_cozumler-ve-urunler-endustriyel-bilisim","15":"pa_depolama-secenekleri-1-x-2-5-ssd","16":"pa_depolama-secenekleri-1-x-m-2","17":"pa_gb-lan-2-port","18":"pa_grafik-cikisi-1-x-hdmi","19":"pa_guc-girisi-100-v-240-v","20":"pa_islemci-modeli-intel-atom-c2758","21":"pa_islemci-sinifi-intel-atom","22":"pa_mikrofon-giris-yok","23":"pa_ram-maks-32gb","24":"pa_uretici-advantech","25":"pa_urun-gruplari-ag-aygitlari","26":"pa_usb-2-0-1-adet","28":"first","29":"outofstock","30":"shipping-taxable","31":"product-type-variable"},"_links":{"self":[{"href":"https:\/\/lima.com.tr\/en\/wp-json\/wp\/v2\/product\/12845","targetHints":{"allow":["GET"]}}],"collection":[{"href":"https:\/\/lima.com.tr\/en\/wp-json\/wp\/v2\/product"}],"about":[{"href":"https:\/\/lima.com.tr\/en\/wp-json\/wp\/v2\/types\/product"}],"version-history":[{"count":1,"href":"https:\/\/lima.com.tr\/en\/wp-json\/wp\/v2\/product\/12845\/revisions"}],"predecessor-version":[{"id":12846,"href":"https:\/\/lima.com.tr\/en\/wp-json\/wp\/v2\/product\/12845\/revisions\/12846"}],"wp:featuredmedia":[{"embeddable":true,"href":"https:\/\/lima.com.tr\/en\/wp-json\/wp\/v2\/media\/12640"}],"wp:attachment":[{"href":"https:\/\/lima.com.tr\/en\/wp-json\/wp\/v2\/media?parent=12845"}],"wp:term":[{"taxonomy":"product_brand","embeddable":true,"href":"https:\/\/lima.com.tr\/en\/wp-json\/wp\/v2\/product_brand?post=12845"},{"taxonomy":"product_cat","embeddable":true,"href":"https:\/\/lima.com.tr\/en\/wp-json\/wp\/v2\/product_cat?post=12845"},{"taxonomy":"product_tag","embeddable":true,"href":"https:\/\/lima.com.tr\/en\/wp-json\/wp\/v2\/product_tag?post=12845"}],"curies":[{"name":"wp","href":"https:\/\/api.w.org\/{rel}","templated":true}]}}