{"id":12825,"date":"2020-05-18T21:04:43","date_gmt":"2020-05-18T18:04:43","guid":{"rendered":"https:\/\/lima.com.tr\/?post_type=product&#038;p=12825"},"modified":"2021-05-22T14:40:43","modified_gmt":"2021-05-22T11:40:43","slug":"fwa-t011l-2ca1s","status":"publish","type":"product","link":"https:\/\/lima.com.tr\/en\/shop\/endustriyel-bilisim\/ag-aygitlari\/masaustu\/fwa-t011l-2ca1s\/","title":{"rendered":"FWA-T011L-2CA1S"},"content":{"rendered":"<p><strong>Geni\u015fleme Se\u00e7enekleri :<\/strong> 1 x Mini SIM type (25 x 15 mm), 1xM.2 2230 for Wifi\/BT module 1x M.2 3042 for 3G\/4G LTE module<\/p>\n<p><strong>\u00c7al\u0131\u015fma S\u0131cakl\u0131\u011f\u0131 :<\/strong> 0 ~ 40 \u00b0C<\/p>\n<p><strong>Depolama S\u0131cakl\u0131\u011f\u0131 : <\/strong>-40 ~ 85 \u00b0C<\/p>\n<p><strong>Nem :<\/strong> 5 ~ 95% @ 40 \u00b0C<\/p>\n<p><strong>Sertifikalar :<\/strong> CE\/FCC\/CB\/UL\/CCC (not including any Wi-Fi and LTE RF certificate)<\/p>\n<p><strong>\u0130\u015fletim Sistemi :<\/strong> Linux, Windows10<\/p>","protected":false},"excerpt":{"rendered":"<p>Tiny Network Appliance with Intel\u00ae Celeron\u00ae J3355\/J3455 for Entry Level SD-WAN and Security Gateway<\/p>","protected":false},"featured_media":12640,"template":"","meta":[],"product_brand":[],"product_cat":[90,39,93],"product_tag":[45,48,44,46,47],"class_list":{"0":"post-12825","1":"product","2":"type-product","3":"status-publish","4":"has-post-thumbnail","6":"product_cat-ag-aygitlari","7":"product_cat-endustriyel-bilisim","8":"product_cat-masaustu","9":"product_tag-akilli-sehir","10":"product_tag-altyapi","11":"product_tag-guvenlik","12":"product_tag-savunma","13":"product_tag-uretim","14":"pa_cozumler-ve-urunler-endustriyel-bilisim","15":"pa_depolama-secenekleri-1-x-m-2","16":"pa_gb-lan-4-port","17":"pa_grafik-cikisi-1-x-hdmi","18":"pa_guc-girisi-100-240vac-en","19":"pa_islemci-modeli-intel-celeron-j3455","20":"pa_islemci-sinifi-intel-celeron-2","21":"pa_mikrofon-giris-yok","22":"pa_ram-maks-8gb","23":"pa_uretici-advantech","24":"pa_urun-gruplari-ag-aygitlari","25":"pa_usb-2-0-2-adet","27":"first","28":"outofstock","29":"shipping-taxable","30":"product-type-variable"},"_links":{"self":[{"href":"https:\/\/lima.com.tr\/en\/wp-json\/wp\/v2\/product\/12825","targetHints":{"allow":["GET"]}}],"collection":[{"href":"https:\/\/lima.com.tr\/en\/wp-json\/wp\/v2\/product"}],"about":[{"href":"https:\/\/lima.com.tr\/en\/wp-json\/wp\/v2\/types\/product"}],"version-history":[{"count":1,"href":"https:\/\/lima.com.tr\/en\/wp-json\/wp\/v2\/product\/12825\/revisions"}],"predecessor-version":[{"id":12826,"href":"https:\/\/lima.com.tr\/en\/wp-json\/wp\/v2\/product\/12825\/revisions\/12826"}],"wp:featuredmedia":[{"embeddable":true,"href":"https:\/\/lima.com.tr\/en\/wp-json\/wp\/v2\/media\/12640"}],"wp:attachment":[{"href":"https:\/\/lima.com.tr\/en\/wp-json\/wp\/v2\/media?parent=12825"}],"wp:term":[{"taxonomy":"product_brand","embeddable":true,"href":"https:\/\/lima.com.tr\/en\/wp-json\/wp\/v2\/product_brand?post=12825"},{"taxonomy":"product_cat","embeddable":true,"href":"https:\/\/lima.com.tr\/en\/wp-json\/wp\/v2\/product_cat?post=12825"},{"taxonomy":"product_tag","embeddable":true,"href":"https:\/\/lima.com.tr\/en\/wp-json\/wp\/v2\/product_tag?post=12825"}],"curies":[{"name":"wp","href":"https:\/\/api.w.org\/{rel}","templated":true}]}}