{"id":1282,"date":"2019-06-28T10:38:02","date_gmt":"2019-06-28T10:38:02","guid":{"rendered":"http:\/\/lima.com.tr\/?post_type=product&#038;p=1282"},"modified":"2024-07-30T12:19:55","modified_gmt":"2024-07-30T09:19:55","slug":"basler-lens-c125-1618-5m-f1-8-f16mm","status":"publish","type":"product","link":"https:\/\/lima.com.tr\/en\/shop\/yapay-gorme\/lensler\/c-mount-lensler\/basler-lens-c125-1618-5m-f1-8-f16mm\/","title":{"rendered":"Basler Lens C125-1620-5M F2.0 f16mm"},"content":{"rendered":"<p><strong>\u0130ris Tipi :<\/strong> Manuel<\/p>\n<p><strong>Ekstra D\u00fc\u015f\u00fck Distorsiyon :<\/strong>\u00a0 No<\/p>\n<p><strong>IR kesme filtresi :<\/strong> No<\/p>","protected":false},"excerpt":{"rendered":"<p>\u0130ris Tipi : Manuel Ekstra D\u00fc\u015f\u00fck Distorsiyon :\u00a0 Hay\u0131r IR kesme filtresi : Hay\u0131r<\/p>","protected":false},"featured_media":5425,"template":"","meta":[],"product_brand":[],"product_cat":[1656,3926,159,1642,4020,1662,1637,157,1679,1648,1626,1673,42],"product_tag":[45,44,43,47],"class_list":{"0":"post-1282","1":"product","2":"type-product","3":"status-publish","4":"has-post-thumbnail","6":"product_cat-akilli-sehir-altyapi","7":"product_cat-basler-is-ortagi","8":"product_cat-c-mount-lensler","9":"product_cat-guvenlik","10":"product_cat-lensler-basler","11":"product_cat-lensler-akilli-sehir","12":"product_cat-lensler-ulasim","13":"product_cat-lensler","14":"product_cat-lensler-uretim","15":"product_cat-lensler-guvenlik","16":"product_cat-ulasim","17":"product_cat-uretim","18":"product_cat-yapay-gorme","19":"product_tag-akilli-sehir","20":"product_tag-guvenlik","21":"product_tag-ulasim","22":"product_tag-uretim","23":"pa_cozumler-ve-urunler-yapay-gorme","24":"pa_dalga-boyu-araligi-vis","25":"pa_min-calisma-mesafesi-200-mm","26":"pa_min-f-number-f2-0","27":"pa_montaj-tipi-c-mount","28":"pa_odak-uzunlugu-16-mm","29":"pa_piksel-boyutu-2-2-m","30":"pa_sensor-boyu-1-2-5","31":"pa_tip-sabit-odak-uzunlugu","32":"pa_uretici-basler","33":"pa_urun-gruplari-lensler","35":"first","36":"outofstock","37":"shipping-taxable","38":"product-type-variable"},"_links":{"self":[{"href":"https:\/\/lima.com.tr\/en\/wp-json\/wp\/v2\/product\/1282","targetHints":{"allow":["GET"]}}],"collection":[{"href":"https:\/\/lima.com.tr\/en\/wp-json\/wp\/v2\/product"}],"about":[{"href":"https:\/\/lima.com.tr\/en\/wp-json\/wp\/v2\/types\/product"}],"version-history":[{"count":4,"href":"https:\/\/lima.com.tr\/en\/wp-json\/wp\/v2\/product\/1282\/revisions"}],"predecessor-version":[{"id":1346,"href":"https:\/\/lima.com.tr\/en\/wp-json\/wp\/v2\/product\/1282\/revisions\/1346"}],"wp:featuredmedia":[{"embeddable":true,"href":"https:\/\/lima.com.tr\/en\/wp-json\/wp\/v2\/media\/5425"}],"wp:attachment":[{"href":"https:\/\/lima.com.tr\/en\/wp-json\/wp\/v2\/media?parent=1282"}],"wp:term":[{"taxonomy":"product_brand","embeddable":true,"href":"https:\/\/lima.com.tr\/en\/wp-json\/wp\/v2\/product_brand?post=1282"},{"taxonomy":"product_cat","embeddable":true,"href":"https:\/\/lima.com.tr\/en\/wp-json\/wp\/v2\/product_cat?post=1282"},{"taxonomy":"product_tag","embeddable":true,"href":"https:\/\/lima.com.tr\/en\/wp-json\/wp\/v2\/product_tag?post=1282"}],"curies":[{"name":"wp","href":"https:\/\/api.w.org\/{rel}","templated":true}]}}