{"id":12781,"date":"2020-05-14T22:43:14","date_gmt":"2020-05-14T19:43:14","guid":{"rendered":"https:\/\/lima.com.tr\/?post_type=product&#038;p=12781"},"modified":"2021-05-22T14:40:49","modified_gmt":"2021-05-22T11:40:49","slug":"fwa-4030cl-00a1r","status":"publish","type":"product","link":"https:\/\/lima.com.tr\/en\/shop\/endustriyel-bilisim\/ag-aygitlari\/2u-ag-aygitlari\/fwa-4030cl-00a1r\/","title":{"rendered":"FWA-4030CL-00A1R"},"content":{"rendered":"<p><strong>Geni\u015fleme Se\u00e7enekleri :<\/strong> 1 x FH\/HL gen3 PCIe x 4 slot , 2\/4 NMCs<\/p>\n<p><strong>\u00c7al\u0131\u015fma S\u0131cakl\u0131\u011f\u0131 :<\/strong> 0 ~ 40 \u00b0C<\/p>\n<p><strong>Depolama S\u0131cakl\u0131\u011f\u0131 :<\/strong> -40 ~ 60 \u00b0C<\/p>\n<p><strong>Nem :<\/strong> 5 ~ 95% @ 40 \u00b0C<\/p>\n<p><strong>Sertifikalar :<\/strong> CCC\/CE\/FCC\/UL\/CB<\/p>\n<p><strong>\u0130\u015fletim Sistemi :<\/strong> Linux (CentOS, Red Hat, Ubuntu)<\/p>","protected":false},"excerpt":{"rendered":"<p>Uzaktan Y\u00f6netilebilir 2U Rackmount Network Appliance Platform based on Intel\u00ae Xeon\u00ae E3 series<br \/>\nand 6th\/7th generation Intel\u00ae Core\u2122i7\/i5\/i3 Processors, up to 4NMC slots<\/p>","protected":false},"featured_media":12638,"template":"","meta":[],"product_brand":[],"product_cat":[92,90,39],"product_tag":[45,48,44,46,47],"class_list":{"0":"post-12781","1":"product","2":"type-product","3":"status-publish","4":"has-post-thumbnail","6":"product_cat-2u-ag-aygitlari","7":"product_cat-ag-aygitlari","8":"product_cat-endustriyel-bilisim","9":"product_tag-akilli-sehir","10":"product_tag-altyapi","11":"product_tag-guvenlik","12":"product_tag-savunma","13":"product_tag-uretim","14":"pa_10gb-lan-nmc-modulleri-ile-eklenebilir","15":"pa_10gb-lan-yok","16":"pa_10gb-sfp-nmc-modulleri-ile-eklenebilir","17":"pa_10gb-sfp-yok","18":"pa_cozumler-ve-urunler-endustriyel-bilisim","19":"pa_depolama-secenekleri-1-x-cfast-slot","20":"pa_depolama-secenekleri-1-x-msata","21":"pa_depolama-secenekleri-2-x-3-5-sata-or-2-5-sata","22":"pa_gb-lan-10-ports","23":"pa_gb-lan-nmc-modulleri-ile-artirilabilir","24":"pa_giga-sfp-port-nmc-modulleri-ile-eklenebilir","25":"pa_giga-sfp-port-yok","26":"pa_grafik-cikisi-yok","27":"pa_guc-girisi-100v-240v","28":"pa_islemci-modeli-6th-7th-generation-intel-corei7-i5-i3","29":"pa_islemci-modeli-intel-celeron","30":"pa_islemci-modeli-intel-pentium","31":"pa_islemci-modeli-intel-xeon-e3-1200-v5-v6","32":"pa_islemci-sinifi-intel-core-i-2","33":"pa_islemci-sinifi-intel-celeron-2","34":"pa_islemci-sinifi-intel-pentium-2","35":"pa_islemci-sinifi-intel-xeon","36":"pa_mikrofon-giris-yok","37":"pa_ram-maks-64gb","38":"pa_uretici-advantech","39":"pa_urun-gruplari-ag-aygitlari","40":"pa_usb-3-0-2-adet","42":"first","43":"outofstock","44":"shipping-taxable","45":"product-type-variable"},"_links":{"self":[{"href":"https:\/\/lima.com.tr\/en\/wp-json\/wp\/v2\/product\/12781","targetHints":{"allow":["GET"]}}],"collection":[{"href":"https:\/\/lima.com.tr\/en\/wp-json\/wp\/v2\/product"}],"about":[{"href":"https:\/\/lima.com.tr\/en\/wp-json\/wp\/v2\/types\/product"}],"version-history":[{"count":3,"href":"https:\/\/lima.com.tr\/en\/wp-json\/wp\/v2\/product\/12781\/revisions"}],"predecessor-version":[{"id":12812,"href":"https:\/\/lima.com.tr\/en\/wp-json\/wp\/v2\/product\/12781\/revisions\/12812"}],"wp:featuredmedia":[{"embeddable":true,"href":"https:\/\/lima.com.tr\/en\/wp-json\/wp\/v2\/media\/12638"}],"wp:attachment":[{"href":"https:\/\/lima.com.tr\/en\/wp-json\/wp\/v2\/media?parent=12781"}],"wp:term":[{"taxonomy":"product_brand","embeddable":true,"href":"https:\/\/lima.com.tr\/en\/wp-json\/wp\/v2\/product_brand?post=12781"},{"taxonomy":"product_cat","embeddable":true,"href":"https:\/\/lima.com.tr\/en\/wp-json\/wp\/v2\/product_cat?post=12781"},{"taxonomy":"product_tag","embeddable":true,"href":"https:\/\/lima.com.tr\/en\/wp-json\/wp\/v2\/product_tag?post=12781"}],"curies":[{"name":"wp","href":"https:\/\/api.w.org\/{rel}","templated":true}]}}