{"id":12777,"date":"2020-05-14T09:41:56","date_gmt":"2020-05-14T06:41:56","guid":{"rendered":"https:\/\/lima.com.tr\/?post_type=product&#038;p=12777"},"modified":"2021-05-22T14:40:49","modified_gmt":"2021-05-22T11:40:49","slug":"fwa-6510-00e","status":"publish","type":"product","link":"https:\/\/lima.com.tr\/en\/shop\/endustriyel-bilisim\/ag-aygitlari\/2u-ag-aygitlari\/fwa-6510-00e\/","title":{"rendered":"FWA-6510-00E"},"content":{"rendered":"<p><strong>Geni\u015fleme Se\u00e7enekleri :<\/strong>1 x PCIe Gen3 x8 , 4 x NMC ( PCIe Gen3 x8 slots)<\/p>\n<p><strong>\u00c7al\u0131\u015fma S\u0131cakl\u0131\u011f\u0131 :<\/strong> 0 ~ 40 \u00b0C<\/p>\n<p><strong>Depolama S\u0131cakl\u0131\u011f\u0131 :<\/strong> -20 ~ 80 \u00b0C<\/p>\n<p><strong>Nem :<\/strong> 5 ~ 85% @ 40 \u00b0C<\/p>\n<p><strong>Sertifikalar :<\/strong> CCC\/CE\/FCC\/UL\/CB<\/p>\n<p><strong>\u0130\u015fletim Sistemi :<\/strong> Linux (CentOS, Red Hat, Ubuntu, etc.)<\/p>","protected":false},"excerpt":{"rendered":"<p>Uzaktan Y\u00f6netilebilir Dual Intel\u00ae Xeon\u00ae E5-2600 Processor-based 2U Network Application Platform<\/p>","protected":false},"featured_media":12638,"template":"","meta":[],"product_brand":[],"product_cat":[92,90,39],"product_tag":[45,48,44,46,47],"class_list":{"0":"post-12777","1":"product","2":"type-product","3":"status-publish","4":"has-post-thumbnail","6":"product_cat-2u-ag-aygitlari","7":"product_cat-ag-aygitlari","8":"product_cat-endustriyel-bilisim","9":"product_tag-akilli-sehir","10":"product_tag-altyapi","11":"product_tag-guvenlik","12":"product_tag-savunma","13":"product_tag-uretim","14":"pa_10gb-lan-nmc-modulleri-ile-eklenebilir","15":"pa_10gb-sfp-nmc-modulleri-ile-eklenebilir","16":"pa_cozumler-ve-urunler-endustriyel-bilisim","17":"pa_depolama-secenekleri-1-x-cfast","18":"pa_depolama-secenekleri-2-x-usb-2-0-on-board-pin-header-for-usb-flash-disk-dom","19":"pa_depolama-secenekleri-4-x-2-5-sata-sas","20":"pa_gb-lan-32-port-max","21":"pa_gb-lan-nmc-modulleri-ile-eklenebilir","22":"pa_giga-sfp-port-8-port-max","23":"pa_giga-sfp-port-nmc-modulleri-ile-eklenebilir","24":"pa_grafik-cikisi-1-x-vga-pin-header-for-debug-only","25":"pa_guc-girisi-100v-240v","26":"pa_islemci-modeli-2-x-intel-xeon-e5-2600","27":"pa_islemci-sinifi-intel-xeon","28":"pa_mikrofon-giris-yok","29":"pa_ram-maks-384gb","30":"pa_uretici-advantech","31":"pa_urun-gruplari-ag-aygitlari","32":"pa_usb-2-0-2-adet","34":"first","35":"outofstock","36":"shipping-taxable","37":"product-type-variable"},"_links":{"self":[{"href":"https:\/\/lima.com.tr\/en\/wp-json\/wp\/v2\/product\/12777","targetHints":{"allow":["GET"]}}],"collection":[{"href":"https:\/\/lima.com.tr\/en\/wp-json\/wp\/v2\/product"}],"about":[{"href":"https:\/\/lima.com.tr\/en\/wp-json\/wp\/v2\/types\/product"}],"version-history":[{"count":2,"href":"https:\/\/lima.com.tr\/en\/wp-json\/wp\/v2\/product\/12777\/revisions"}],"predecessor-version":[{"id":12780,"href":"https:\/\/lima.com.tr\/en\/wp-json\/wp\/v2\/product\/12777\/revisions\/12780"}],"wp:featuredmedia":[{"embeddable":true,"href":"https:\/\/lima.com.tr\/en\/wp-json\/wp\/v2\/media\/12638"}],"wp:attachment":[{"href":"https:\/\/lima.com.tr\/en\/wp-json\/wp\/v2\/media?parent=12777"}],"wp:term":[{"taxonomy":"product_brand","embeddable":true,"href":"https:\/\/lima.com.tr\/en\/wp-json\/wp\/v2\/product_brand?post=12777"},{"taxonomy":"product_cat","embeddable":true,"href":"https:\/\/lima.com.tr\/en\/wp-json\/wp\/v2\/product_cat?post=12777"},{"taxonomy":"product_tag","embeddable":true,"href":"https:\/\/lima.com.tr\/en\/wp-json\/wp\/v2\/product_tag?post=12777"}],"curies":[{"name":"wp","href":"https:\/\/api.w.org\/{rel}","templated":true}]}}