{"id":12647,"date":"2020-05-10T13:42:34","date_gmt":"2020-05-10T10:42:34","guid":{"rendered":"https:\/\/lima.com.tr\/?post_type=product&#038;p=12647"},"modified":"2021-05-22T14:40:54","modified_gmt":"2021-05-22T11:40:54","slug":"fwa-1011f-4c00e","status":"publish","type":"product","link":"https:\/\/lima.com.tr\/en\/shop\/endustriyel-bilisim\/ag-aygitlari\/masaustu\/fwa-1011f-4c00e\/","title":{"rendered":"FWA-1011F-4C00E"},"content":{"rendered":"<p><strong>Geni\u015fleme Se\u00e7enekleri :<\/strong> 1 x M.2 2230(E-Key, PCIE x1) for Wi-Fi module, 1 x M.2 Slot 3042 (B Key, USB3.0, combo with storage ) for LTE module<\/p>\n<p><strong>\u00c7al\u0131\u015fma S\u0131cakl\u0131\u011f\u0131 :<\/strong> 0 ~ 40 \u00b0C<\/p>\n<p><strong>Depolama S\u0131cakl\u0131\u011f\u0131 : <\/strong>-40 ~ 60\u00b0 C<\/p>\n<p><strong>Nem :<\/strong> 5 ~ 95% @ 40 \u00b0C<\/p>\n<p><strong>Sertifikalar :<\/strong> CE\/FCC\/CB\/UL\/CCC (not including any Wi-Fi and LTE RF certificate)<\/p>\n<p><strong>\u0130\u015fletim Sistemi :<\/strong> Linux (CentOS, Red Hat, Ubuntu)<\/p>","protected":false},"excerpt":{"rendered":"<p>Tabletop Network Appliance with Intel Celeron\u00ae J3455\/J3355 processor Platform with 6GbE LAN Ports<\/p>","protected":false},"featured_media":12640,"template":"","meta":[],"product_brand":[],"product_cat":[90,39,93],"product_tag":[45,48,44,46,47],"class_list":{"0":"post-12647","1":"product","2":"type-product","3":"status-publish","4":"has-post-thumbnail","6":"product_cat-ag-aygitlari","7":"product_cat-endustriyel-bilisim","8":"product_cat-masaustu","9":"product_tag-akilli-sehir","10":"product_tag-altyapi","11":"product_tag-guvenlik","12":"product_tag-savunma","13":"product_tag-uretim","14":"pa_cozumler-ve-urunler-endustriyel-bilisim","15":"pa_depolama-secenekleri-1-x-2-5-ssd","16":"pa_depolama-secenekleri-1-x-m-2","17":"pa_gb-lan-5-port","18":"pa_grafik-cikisi-1-x-hdmi","19":"pa_guc-girisi-12-vdc-en","20":"pa_islemci-modeli-intel-celeron-j3355","21":"pa_islemci-sinifi-intel-celeron-2","22":"pa_mikrofon-giris-yok","23":"pa_ram-maks-8gb","24":"pa_uretici-advantech","25":"pa_urun-gruplari-ag-aygitlari","26":"pa_usb-2-0-1-adet","27":"pa_usb-3-0-1-adet","29":"first","30":"outofstock","31":"shipping-taxable","32":"product-type-variable"},"_links":{"self":[{"href":"https:\/\/lima.com.tr\/en\/wp-json\/wp\/v2\/product\/12647","targetHints":{"allow":["GET"]}}],"collection":[{"href":"https:\/\/lima.com.tr\/en\/wp-json\/wp\/v2\/product"}],"about":[{"href":"https:\/\/lima.com.tr\/en\/wp-json\/wp\/v2\/types\/product"}],"version-history":[{"count":3,"href":"https:\/\/lima.com.tr\/en\/wp-json\/wp\/v2\/product\/12647\/revisions"}],"predecessor-version":[{"id":12821,"href":"https:\/\/lima.com.tr\/en\/wp-json\/wp\/v2\/product\/12647\/revisions\/12821"}],"wp:featuredmedia":[{"embeddable":true,"href":"https:\/\/lima.com.tr\/en\/wp-json\/wp\/v2\/media\/12640"}],"wp:attachment":[{"href":"https:\/\/lima.com.tr\/en\/wp-json\/wp\/v2\/media?parent=12647"}],"wp:term":[{"taxonomy":"product_brand","embeddable":true,"href":"https:\/\/lima.com.tr\/en\/wp-json\/wp\/v2\/product_brand?post=12647"},{"taxonomy":"product_cat","embeddable":true,"href":"https:\/\/lima.com.tr\/en\/wp-json\/wp\/v2\/product_cat?post=12647"},{"taxonomy":"product_tag","embeddable":true,"href":"https:\/\/lima.com.tr\/en\/wp-json\/wp\/v2\/product_tag?post=12647"}],"curies":[{"name":"wp","href":"https:\/\/api.w.org\/{rel}","templated":true}]}}