{"id":12557,"date":"2020-05-09T22:40:23","date_gmt":"2020-05-09T19:40:23","guid":{"rendered":"https:\/\/lima.com.tr\/?post_type=product&#038;p=12557"},"modified":"2021-05-22T14:40:59","modified_gmt":"2021-05-22T11:40:59","slug":"fwa-2012-4ca1s","status":"publish","type":"product","link":"https:\/\/lima.com.tr\/en\/shop\/endustriyel-bilisim\/ag-aygitlari\/1u-ag-aygitlari\/fwa-2012-4ca1s\/","title":{"rendered":"FWA-2012-4CA1S"},"content":{"rendered":"<p><strong>Geni\u015fleme Se\u00e7enekleri :<\/strong> Yok, 1 x NMC<\/p>\n<p><strong>\u00c7al\u0131\u015fma S\u0131cakl\u0131\u011f\u0131 :<\/strong> 0 ~ 40 \u00b0C<\/p>\n<p><strong>Depolama S\u0131cakl\u0131\u011f\u0131 : <\/strong>-40 ~ 60\u00b0 C<\/p>\n<p><strong>Nem :<\/strong> 5 ~ 95% @ 40 \u00b0C<\/p>\n<p><strong>Sertifikalar :<\/strong> CCC\/CE\/FCC\/UL\/CB<\/p>\n<p><strong>\u0130\u015fletim Sistemi : <\/strong>Linux (CentOS, Red Hat, Ubuntu)<\/p>","protected":false},"excerpt":{"rendered":"<p>Uzaktan Y\u00f6netilebilir1U Rackmount Platform for Network Application with Intel\u00ae Atom\u00ae C3000 Processor<\/p>","protected":false},"featured_media":12616,"template":"","meta":[],"product_brand":[],"product_cat":[91,90,39],"product_tag":[45,48,44,46,47],"class_list":{"0":"post-12557","1":"product","2":"type-product","3":"status-publish","4":"has-post-thumbnail","6":"product_cat-1u-ag-aygitlari","7":"product_cat-ag-aygitlari","8":"product_cat-endustriyel-bilisim","9":"product_tag-akilli-sehir","10":"product_tag-altyapi","11":"product_tag-guvenlik","12":"product_tag-savunma","13":"product_tag-uretim","14":"pa_10gb-lan-nmc-modulleri-ile-eklenebilir","15":"pa_10gb-lan-yok","16":"pa_10gb-sfp-nmc-modulleri-ile-eklenebilir","17":"pa_10gb-sfp-yok","18":"pa_cozumler-ve-urunler-endustriyel-bilisim","19":"pa_depolama-secenekleri-1-x-3-5-sata","20":"pa_depolama-secenekleri-2-x-2-5-ssd-hdd","21":"pa_depolama-secenekleri-2-x-m-2-sata","22":"pa_gb-lan-4-port","23":"pa_gb-lan-nmc-modulleri-ile-artirilabilir","24":"pa_giga-sfp-port-nmc-modulleri-ile-eklenebilir","25":"pa_giga-sfp-port-yok","26":"pa_grafik-cikisi-yok","27":"pa_guc-girisi-100-240vac-en","28":"pa_islemci-modeli-intel-atom-c3558","29":"pa_islemci-sinifi-intel-atom","30":"pa_mikrofon-giris-yok","31":"pa_ram-maks-64gb","32":"pa_uretici-advantech","33":"pa_urun-gruplari-ag-aygitlari","34":"pa_usb-3-0-2-adet","36":"first","37":"outofstock","38":"shipping-taxable","39":"product-type-variable"},"_links":{"self":[{"href":"https:\/\/lima.com.tr\/en\/wp-json\/wp\/v2\/product\/12557","targetHints":{"allow":["GET"]}}],"collection":[{"href":"https:\/\/lima.com.tr\/en\/wp-json\/wp\/v2\/product"}],"about":[{"href":"https:\/\/lima.com.tr\/en\/wp-json\/wp\/v2\/types\/product"}],"version-history":[{"count":1,"href":"https:\/\/lima.com.tr\/en\/wp-json\/wp\/v2\/product\/12557\/revisions"}],"predecessor-version":[{"id":12559,"href":"https:\/\/lima.com.tr\/en\/wp-json\/wp\/v2\/product\/12557\/revisions\/12559"}],"wp:featuredmedia":[{"embeddable":true,"href":"https:\/\/lima.com.tr\/en\/wp-json\/wp\/v2\/media\/12616"}],"wp:attachment":[{"href":"https:\/\/lima.com.tr\/en\/wp-json\/wp\/v2\/media?parent=12557"}],"wp:term":[{"taxonomy":"product_brand","embeddable":true,"href":"https:\/\/lima.com.tr\/en\/wp-json\/wp\/v2\/product_brand?post=12557"},{"taxonomy":"product_cat","embeddable":true,"href":"https:\/\/lima.com.tr\/en\/wp-json\/wp\/v2\/product_cat?post=12557"},{"taxonomy":"product_tag","embeddable":true,"href":"https:\/\/lima.com.tr\/en\/wp-json\/wp\/v2\/product_tag?post=12557"}],"curies":[{"name":"wp","href":"https:\/\/api.w.org\/{rel}","templated":true}]}}