{"id":12546,"date":"2020-05-08T00:15:46","date_gmt":"2020-05-07T21:15:46","guid":{"rendered":"https:\/\/lima.com.tr\/?post_type=product&#038;p=12546"},"modified":"2021-05-22T14:41:00","modified_gmt":"2021-05-22T11:41:00","slug":"fwa-3232b-00a1e","status":"publish","type":"product","link":"https:\/\/lima.com.tr\/en\/shop\/endustriyel-bilisim\/ag-aygitlari\/1u-ag-aygitlari\/fwa-3232b-00a1e\/","title":{"rendered":"FWA-3232B-00A1E"},"content":{"rendered":"<p><strong>Geni\u015fleme Se\u00e7enekleri :<\/strong> Yok,\u00a0 1 x NMC<\/p>\n<p><strong>\u00c7al\u0131\u015fma S\u0131cakl\u0131\u011f\u0131 :<\/strong> 0 ~ 40 \u00b0C<\/p>\n<p><strong>Depolama S\u0131cakl\u0131\u011f\u0131 : <\/strong>-40 ~ 60\u00b0 C<\/p>\n<p><strong>Nem :<\/strong> 5 ~ 95% @ 40 \u00b0C<\/p>\n<p><strong>Sertifikalar :<\/strong> CCC\/CE\/FCC\/UL\/CB<\/p>\n<p><strong>\u0130\u015fletim Sistemi : <\/strong>Linux (CentOS, Red Hat,), Windows* 7<\/p>","protected":false},"excerpt":{"rendered":"<p>Uzaktan Y\u00f6netilebilir 1U Rackmount Network Appliance with 4th gen. Intel\u00ae Xeon\u00ae Processor E3 series and Intel\u00ae Core\u2122 i7\/i5\/i3 Processors, up to 8 GbE ports<\/p>","protected":false},"featured_media":12618,"template":"","meta":[],"product_brand":[],"product_cat":[91,90,39],"product_tag":[45,48,44,46,47],"class_list":{"0":"post-12546","1":"product","2":"type-product","3":"status-publish","4":"has-post-thumbnail","6":"product_cat-1u-ag-aygitlari","7":"product_cat-ag-aygitlari","8":"product_cat-endustriyel-bilisim","9":"product_tag-akilli-sehir","10":"product_tag-altyapi","11":"product_tag-guvenlik","12":"product_tag-savunma","13":"product_tag-uretim","14":"pa_10gb-lan-nmc-modulleri-ile-eklenebilir","15":"pa_10gb-lan-yok","16":"pa_10gb-sfp-nmc-modulleri-ile-eklenebilir","17":"pa_10gb-sfp-yok","18":"pa_cozumler-ve-urunler-endustriyel-bilisim","19":"pa_depolama-secenekleri-2-x-2-5-ssd-hdd","20":"pa_gb-lan-6-port","21":"pa_gb-lan-nmc-modulleri-ile-artirilabilir","22":"pa_giga-sfp-port-nmc-modulleri-ile-eklenebilir","23":"pa_giga-sfp-port-yok","24":"pa_grafik-cikisi-yok","25":"pa_guc-girisi-100-240vac-en","26":"pa_islemci-modeli-4th-generation-core-i7-4770s-i5-4570te-4570s","27":"pa_islemci-modeli-intel-celeron-g1820-g1820te","28":"pa_islemci-modeli-intel-pentium-g3420-g3320te","29":"pa_islemci-sinifi-intel-pentium","30":"pa_islemci-sinifi-intel-celeron-2","31":"pa_islemci-sinifi-intel-core","32":"pa_mikrofon-giris-yok","33":"pa_ram-maks-16gb","34":"pa_uretici-advantech","35":"pa_urun-gruplari-ag-aygitlari","36":"pa_usb-2-0-2-adet","37":"pa_usb-3-0-2-adet","39":"first","40":"outofstock","41":"shipping-taxable","42":"product-type-variable"},"_links":{"self":[{"href":"https:\/\/lima.com.tr\/en\/wp-json\/wp\/v2\/product\/12546","targetHints":{"allow":["GET"]}}],"collection":[{"href":"https:\/\/lima.com.tr\/en\/wp-json\/wp\/v2\/product"}],"about":[{"href":"https:\/\/lima.com.tr\/en\/wp-json\/wp\/v2\/types\/product"}],"version-history":[{"count":2,"href":"https:\/\/lima.com.tr\/en\/wp-json\/wp\/v2\/product\/12546\/revisions"}],"predecessor-version":[{"id":12633,"href":"https:\/\/lima.com.tr\/en\/wp-json\/wp\/v2\/product\/12546\/revisions\/12633"}],"wp:featuredmedia":[{"embeddable":true,"href":"https:\/\/lima.com.tr\/en\/wp-json\/wp\/v2\/media\/12618"}],"wp:attachment":[{"href":"https:\/\/lima.com.tr\/en\/wp-json\/wp\/v2\/media?parent=12546"}],"wp:term":[{"taxonomy":"product_brand","embeddable":true,"href":"https:\/\/lima.com.tr\/en\/wp-json\/wp\/v2\/product_brand?post=12546"},{"taxonomy":"product_cat","embeddable":true,"href":"https:\/\/lima.com.tr\/en\/wp-json\/wp\/v2\/product_cat?post=12546"},{"taxonomy":"product_tag","embeddable":true,"href":"https:\/\/lima.com.tr\/en\/wp-json\/wp\/v2\/product_tag?post=12546"}],"curies":[{"name":"wp","href":"https:\/\/api.w.org\/{rel}","templated":true}]}}