{"id":12542,"date":"2020-05-07T23:56:48","date_gmt":"2020-05-07T20:56:48","guid":{"rendered":"https:\/\/lima.com.tr\/?post_type=product&#038;p=12542"},"modified":"2021-05-22T14:41:01","modified_gmt":"2021-05-22T11:41:01","slug":"fwa-3232a-00a1e","status":"publish","type":"product","link":"https:\/\/lima.com.tr\/en\/shop\/endustriyel-bilisim\/ag-aygitlari\/1u-ag-aygitlari\/fwa-3232a-00a1e\/","title":{"rendered":"FWA-3232A-00A1E"},"content":{"rendered":"<p><strong>Geni\u015fleme Se\u00e7enekleri :<\/strong> 1 x FH\/HL gen3 x8 slot (optional) PCIe x 8, 2 x FH\/HL gen3 x4 slot (default)PCIe x 4,\u00a0 2 x NMC<\/p>\n<p><strong>\u00c7al\u0131\u015fma S\u0131cakl\u0131\u011f\u0131 :<\/strong> 0 ~ 40 \u00b0C<\/p>\n<p><strong>Depolama S\u0131cakl\u0131\u011f\u0131 : <\/strong>-40 ~ 60\u00b0 C<\/p>\n<p><strong>Nem :<\/strong> 5 ~ 95% @ 40 \u00b0C<\/p>\n<p><strong>Sertifikalar :<\/strong> CCC\/CE\/FCC\/UL\/CB<\/p>\n<p><strong>\u0130\u015fletim Sistemi : <\/strong>Linux (CentOS, Red Hat,), Windows* 7<\/p>","protected":false},"excerpt":{"rendered":"<p>Uzaktan Y\u00f6netilebilir 1U Rackmount Network Appliance with 4th gen. Intel\u00ae Xeon\u00ae Processor E3 series and Intel\u00ae Core\u2122 i7\/i5\/i3 Processors, up to 8 GbE ports<\/p>","protected":false},"featured_media":12618,"template":"","meta":[],"product_brand":[],"product_cat":[91,90,39],"product_tag":[45,48,44,46,47],"class_list":{"0":"post-12542","1":"product","2":"type-product","3":"status-publish","4":"has-post-thumbnail","6":"product_cat-1u-ag-aygitlari","7":"product_cat-ag-aygitlari","8":"product_cat-endustriyel-bilisim","9":"product_tag-akilli-sehir","10":"product_tag-altyapi","11":"product_tag-guvenlik","12":"product_tag-savunma","13":"product_tag-uretim","14":"pa_10gb-lan-nmc-modulleri-ile-eklenebilir","15":"pa_10gb-lan-yok","16":"pa_10gb-sfp-nmc-modulleri-ile-eklenebilir","17":"pa_10gb-sfp-yok","18":"pa_cozumler-ve-urunler-endustriyel-bilisim","19":"pa_depolama-secenekleri-1-x-3-5-sata","20":"pa_depolama-secenekleri-1-x-msata","21":"pa_depolama-secenekleri-2-x-2-5-ssd-hdd","22":"pa_gb-lan-8-port","23":"pa_gb-lan-nmc-modulleri-ile-artirilabilir","24":"pa_giga-sfp-port-nmc-modulleri-ile-eklenebilir","25":"pa_giga-sfp-port-yok","26":"pa_grafik-cikisi-yok","27":"pa_guc-girisi-100-240vac-en","28":"pa_islemci-modeli-4th-generation-core-i7-4770s-i5-4570te-4570s","29":"pa_islemci-modeli-intel-celeron-g1820-g1820te","30":"pa_islemci-modeli-intel-pentium-g3420-g3320te","31":"pa_islemci-modeli-intel-xeon-e3-1275-e3-1225-e3-1268lv3","32":"pa_islemci-sinifi-intel-pentium","33":"pa_islemci-sinifi-intel-celeron-2","34":"pa_islemci-sinifi-intel-core","35":"pa_islemci-sinifi-intel-xeon-en","36":"pa_mikrofon-giris-yok","37":"pa_ram-maks-32gb","38":"pa_uretici-advantech","39":"pa_urun-gruplari-ag-aygitlari","40":"pa_usb-2-0-2-adet","41":"pa_usb-3-0-2-adet","43":"first","44":"outofstock","45":"shipping-taxable","46":"product-type-variable"},"_links":{"self":[{"href":"https:\/\/lima.com.tr\/en\/wp-json\/wp\/v2\/product\/12542","targetHints":{"allow":["GET"]}}],"collection":[{"href":"https:\/\/lima.com.tr\/en\/wp-json\/wp\/v2\/product"}],"about":[{"href":"https:\/\/lima.com.tr\/en\/wp-json\/wp\/v2\/types\/product"}],"version-history":[{"count":2,"href":"https:\/\/lima.com.tr\/en\/wp-json\/wp\/v2\/product\/12542\/revisions"}],"predecessor-version":[{"id":12545,"href":"https:\/\/lima.com.tr\/en\/wp-json\/wp\/v2\/product\/12542\/revisions\/12545"}],"wp:featuredmedia":[{"embeddable":true,"href":"https:\/\/lima.com.tr\/en\/wp-json\/wp\/v2\/media\/12618"}],"wp:attachment":[{"href":"https:\/\/lima.com.tr\/en\/wp-json\/wp\/v2\/media?parent=12542"}],"wp:term":[{"taxonomy":"product_brand","embeddable":true,"href":"https:\/\/lima.com.tr\/en\/wp-json\/wp\/v2\/product_brand?post=12542"},{"taxonomy":"product_cat","embeddable":true,"href":"https:\/\/lima.com.tr\/en\/wp-json\/wp\/v2\/product_cat?post=12542"},{"taxonomy":"product_tag","embeddable":true,"href":"https:\/\/lima.com.tr\/en\/wp-json\/wp\/v2\/product_tag?post=12542"}],"curies":[{"name":"wp","href":"https:\/\/api.w.org\/{rel}","templated":true}]}}