{"id":12534,"date":"2020-05-07T22:10:28","date_gmt":"2020-05-07T19:10:28","guid":{"rendered":"https:\/\/lima.com.tr\/?post_type=product&#038;p=12534"},"modified":"2021-05-22T14:41:02","modified_gmt":"2021-05-22T11:41:02","slug":"fwa-3270b-00a1e","status":"publish","type":"product","link":"https:\/\/lima.com.tr\/en\/shop\/endustriyel-bilisim\/ag-aygitlari\/1u-ag-aygitlari\/fwa-3270b-00a1e\/","title":{"rendered":"FWA-3270B-00A1E"},"content":{"rendered":"<p><strong>Geni\u015fleme Se\u00e7enekleri :<\/strong> Not Available<\/p>\n<p><strong>\u00c7al\u0131\u015fma S\u0131cakl\u0131\u011f\u0131 :<\/strong> 0 ~ 40 \u00b0C<\/p>\n<p><strong>Depolama S\u0131cakl\u0131\u011f\u0131 :<\/strong> -40 ~ 60 \u00b0C<\/p>\n<p><strong>Nem :<\/strong> 5 ~ 95% @ 40 \u00b0C<\/p>\n<p><strong>Sertifikalar :<\/strong> CCC\/CE\/FCC\/UL\/CB<\/p>\n<p><strong>\u0130\u015fletim Sistemi : <\/strong>Linux (CentOS, Red Hat, Ubuntu, etc.), Windows*10<\/p>","protected":false},"excerpt":{"rendered":"<p>Uzaktan Y\u00f6netilebilir 1U Rackmount Network Appliance with Intel\u00ae Xeon\u00ae Processor E3 series and<br \/>\n6th gen. Intel\u00ae Core\u2122 i7\/ i5\/ i3 Processor, up to 2 NMC slots<\/p>","protected":false},"featured_media":12622,"template":"","meta":[],"product_brand":[],"product_cat":[91,90,39],"product_tag":[45,48,44,46,47],"class_list":{"0":"post-12534","1":"product","2":"type-product","3":"status-publish","4":"has-post-thumbnail","6":"product_cat-1u-ag-aygitlari","7":"product_cat-ag-aygitlari","8":"product_cat-endustriyel-bilisim","9":"product_tag-akilli-sehir","10":"product_tag-altyapi","11":"product_tag-guvenlik","12":"product_tag-savunma","13":"product_tag-uretim","14":"pa_10gb-lan-nmc-modulleri-ile-eklenebilir","15":"pa_10gb-lan-yok","16":"pa_10gb-sfp-nmc-modulleri-ile-eklenebilir","17":"pa_10gb-sfp-yok","18":"pa_cozumler-ve-urunler-endustriyel-bilisim","19":"pa_depolama-secenekleri-1-x-3-5-sata","20":"pa_depolama-secenekleri-1-x-m-2-ssd","21":"pa_depolama-secenekleri-1-x-msata","22":"pa_depolama-secenekleri-2-x-2-5-ssd-hdd","23":"pa_gb-lan-6-port","24":"pa_gb-lan-nmc-modulleri-ile-artirilabilir","25":"pa_giga-sfp-port-nmc-modulleri-ile-eklenebilir","26":"pa_giga-sfp-port-yok","27":"pa_grafik-cikisi-yok","28":"pa_guc-girisi-100-240vac-en","29":"pa_islemci-modeli-6th-generation-intel-core-i7-6700-i7-6700te-i5-6500-i5-6500te-i3-6100-i3-6100te","30":"pa_islemci-modeli-intel-celeron-g3900-g3900te","31":"pa_islemci-modeli-intel-pentium-g4400-g4400te","32":"pa_islemci-sinifi-intel-pentium","33":"pa_islemci-sinifi-intel-celeron-2","34":"pa_islemci-sinifi-intel-core","35":"pa_mikrofon-giris-yok","36":"pa_ram-maks-32gb","37":"pa_uretici-advantech","38":"pa_urun-gruplari-ag-aygitlari","39":"pa_usb-3-0-4-adet","41":"first","42":"outofstock","43":"shipping-taxable","44":"product-type-variable"},"_links":{"self":[{"href":"https:\/\/lima.com.tr\/en\/wp-json\/wp\/v2\/product\/12534","targetHints":{"allow":["GET"]}}],"collection":[{"href":"https:\/\/lima.com.tr\/en\/wp-json\/wp\/v2\/product"}],"about":[{"href":"https:\/\/lima.com.tr\/en\/wp-json\/wp\/v2\/types\/product"}],"version-history":[{"count":1,"href":"https:\/\/lima.com.tr\/en\/wp-json\/wp\/v2\/product\/12534\/revisions"}],"predecessor-version":[{"id":12535,"href":"https:\/\/lima.com.tr\/en\/wp-json\/wp\/v2\/product\/12534\/revisions\/12535"}],"wp:featuredmedia":[{"embeddable":true,"href":"https:\/\/lima.com.tr\/en\/wp-json\/wp\/v2\/media\/12622"}],"wp:attachment":[{"href":"https:\/\/lima.com.tr\/en\/wp-json\/wp\/v2\/media?parent=12534"}],"wp:term":[{"taxonomy":"product_brand","embeddable":true,"href":"https:\/\/lima.com.tr\/en\/wp-json\/wp\/v2\/product_brand?post=12534"},{"taxonomy":"product_cat","embeddable":true,"href":"https:\/\/lima.com.tr\/en\/wp-json\/wp\/v2\/product_cat?post=12534"},{"taxonomy":"product_tag","embeddable":true,"href":"https:\/\/lima.com.tr\/en\/wp-json\/wp\/v2\/product_tag?post=12534"}],"curies":[{"name":"wp","href":"https:\/\/api.w.org\/{rel}","templated":true}]}}