{"id":12527,"date":"2020-05-06T18:55:25","date_gmt":"2020-05-06T15:55:25","guid":{"rendered":"https:\/\/lima.com.tr\/?post_type=product&#038;p=12527"},"modified":"2021-05-22T14:41:03","modified_gmt":"2021-05-22T11:41:03","slug":"fwa-5020u-d0a1r","status":"publish","type":"product","link":"https:\/\/lima.com.tr\/en\/shop\/endustriyel-bilisim\/ag-aygitlari\/1u-ag-aygitlari\/fwa-5020u-d0a1r\/","title":{"rendered":"FWA-5020U-D0A1R"},"content":{"rendered":"<p><strong>Geni\u015fleme Se\u00e7enekleri :<\/strong> Up to 2 x Proprietary x16 crypto PCIe, 4 NMCs<\/p>\n<p><strong>\u00c7al\u0131\u015fma S\u0131cakl\u0131\u011f\u0131 :<\/strong> 0 ~ 40 \u00b0C<\/p>\n<p><strong>Depolama S\u0131cakl\u0131\u011f\u0131 :<\/strong> -20 ~ 80\u00b0C<\/p>\n<p><strong>Nem :<\/strong> 5 ~ 95% @ 40 \u00b0C<\/p>\n<p><strong>Sertifikalar :<\/strong> CCC\/CE\/FCC\/UL\/CB<\/p>\n<p><strong>\u0130\u015fletim Sistemi :<\/strong>Linux (CentOS, Red Hat, Ubuntu)<\/p>","protected":false},"excerpt":{"rendered":"<p>Uzaktan Y\u00f6netilebilir 1U Rackmount Network Appliance with Intel\u00ae Xeon\u00ae Processor E5-2600 v4<br \/>\nseries, up to 4 NMC slots<\/p>","protected":false},"featured_media":12624,"template":"","meta":[],"product_brand":[],"product_cat":[91,90,39],"product_tag":[45,48,44,46,47],"class_list":{"0":"post-12527","1":"product","2":"type-product","3":"status-publish","4":"has-post-thumbnail","6":"product_cat-1u-ag-aygitlari","7":"product_cat-ag-aygitlari","8":"product_cat-endustriyel-bilisim","9":"product_tag-akilli-sehir","10":"product_tag-altyapi","11":"product_tag-guvenlik","12":"product_tag-savunma","13":"product_tag-uretim","14":"pa_10gb-lan-nmc-modulleri-ile-eklenebilir","15":"pa_10gb-lan-yok","16":"pa_10gb-sfp-nmc-modulleri-ile-eklenebilir","17":"pa_10gb-sfp-yok","18":"pa_cozumler-ve-urunler-endustriyel-bilisim","19":"pa_depolama-secenekleri-2-x-2-5-ssd-hdd","20":"pa_gb-lan-2-port","21":"pa_gb-lan-nmc-modulleri-ile-artirilabilir","22":"pa_giga-sfp-port-nmc-modulleri-ile-eklenebilir","23":"pa_grafik-cikisi-yok","24":"pa_guc-girisi-100-240vac-en","25":"pa_islemci-modeli-intel-xeon-e5-2600-v3-v4-socket","26":"pa_islemci-sinifi-intel-xeon-en","27":"pa_mikrofon-giris-yok","28":"pa_ram-maks-512gb","29":"pa_uretici-advantech","30":"pa_urun-gruplari-ag-aygitlari","31":"pa_usb-3-0-2-adet","33":"first","34":"outofstock","35":"shipping-taxable","36":"product-type-variable"},"_links":{"self":[{"href":"https:\/\/lima.com.tr\/en\/wp-json\/wp\/v2\/product\/12527","targetHints":{"allow":["GET"]}}],"collection":[{"href":"https:\/\/lima.com.tr\/en\/wp-json\/wp\/v2\/product"}],"about":[{"href":"https:\/\/lima.com.tr\/en\/wp-json\/wp\/v2\/types\/product"}],"version-history":[{"count":1,"href":"https:\/\/lima.com.tr\/en\/wp-json\/wp\/v2\/product\/12527\/revisions"}],"predecessor-version":[{"id":12528,"href":"https:\/\/lima.com.tr\/en\/wp-json\/wp\/v2\/product\/12527\/revisions\/12528"}],"wp:featuredmedia":[{"embeddable":true,"href":"https:\/\/lima.com.tr\/en\/wp-json\/wp\/v2\/media\/12624"}],"wp:attachment":[{"href":"https:\/\/lima.com.tr\/en\/wp-json\/wp\/v2\/media?parent=12527"}],"wp:term":[{"taxonomy":"product_brand","embeddable":true,"href":"https:\/\/lima.com.tr\/en\/wp-json\/wp\/v2\/product_brand?post=12527"},{"taxonomy":"product_cat","embeddable":true,"href":"https:\/\/lima.com.tr\/en\/wp-json\/wp\/v2\/product_cat?post=12527"},{"taxonomy":"product_tag","embeddable":true,"href":"https:\/\/lima.com.tr\/en\/wp-json\/wp\/v2\/product_tag?post=12527"}],"curies":[{"name":"wp","href":"https:\/\/api.w.org\/{rel}","templated":true}]}}