{"id":12506,"date":"2020-05-04T17:09:05","date_gmt":"2020-05-04T14:09:05","guid":{"rendered":"https:\/\/lima.com.tr\/?post_type=product&#038;p=12506"},"modified":"2021-05-22T14:41:06","modified_gmt":"2021-05-22T11:41:06","slug":"fwa-3050-4ca1s","status":"publish","type":"product","link":"https:\/\/lima.com.tr\/en\/shop\/endustriyel-bilisim\/ag-aygitlari\/1u-ag-aygitlari\/fwa-3050-4ca1s\/","title":{"rendered":"FWA-3050-4CA1S"},"content":{"rendered":"<p><strong>Geni\u015fleme Se\u00e7enekleri :<\/strong> Not Available<\/p>\n<p><strong>\u00c7al\u0131\u015fma S\u0131cakl\u0131\u011f\u0131 :<\/strong> 0 ~ 40 \u00b0C<\/p>\n<p><strong>Depolama S\u0131cakl\u0131\u011f\u0131 :<\/strong> -20 ~ 80\u00b0C<\/p>\n<p><strong>Nem :<\/strong> 5 ~ 95% @ 40 \u00b0C<\/p>\n<p><strong>Sertifikalar :<\/strong> CCC\/CE\/FCC\/UL\/CB<\/p>\n<p><strong>\u0130\u015fletim Sistemi :<\/strong>Linux (CentOS, Fedora, Red Hat, Ubuntu)<\/p>","protected":false},"excerpt":{"rendered":"<p>Uzaktan Y\u00f6netilebilir 1U Network Appliance for uCPE\/SD-WAN and NGFW base on Intel\u00ae Xeon D-2100 Series Processor<\/p>","protected":false},"featured_media":12629,"template":"","meta":[],"product_brand":[],"product_cat":[91,90,39],"product_tag":[45,48,44,46,47],"class_list":{"0":"post-12506","1":"product","2":"type-product","3":"status-publish","4":"has-post-thumbnail","6":"product_cat-1u-ag-aygitlari","7":"product_cat-ag-aygitlari","8":"product_cat-endustriyel-bilisim","9":"product_tag-akilli-sehir","10":"product_tag-altyapi","11":"product_tag-guvenlik","12":"product_tag-savunma","13":"product_tag-uretim","14":"pa_10gb-lan-nmc-modulleri-ile-eklenebilir","15":"pa_10gb-sfp-4-port","16":"pa_cozumler-ve-urunler-endustriyel-bilisim","17":"pa_depolama-secenekleri-2-x-2-5-ssd-hdd","18":"pa_depolama-secenekleri-2-x-m-2-2280-ssd-nvme","19":"pa_gb-lan-8-port","20":"pa_gb-lan-nmc-modulleri-ile-eklenebilir","21":"pa_giga-sfp-port-nmc-modulleri-ile-eklenebilir","22":"pa_grafik-cikisi-yok","23":"pa_guc-girisi-100-240vac-en","24":"pa_islemci-modeli-intel-xeon-d-2123it","25":"pa_islemci-sinifi-intel-xeon-en","26":"pa_mikrofon-giris-yok","27":"pa_ram-maks-128gb-rdimm-256gb-lrdimm","28":"pa_uretici-advantech","29":"pa_urun-gruplari-ag-aygitlari","30":"pa_usb-3-0-2-adet","32":"first","33":"outofstock","34":"shipping-taxable","35":"product-type-variable"},"_links":{"self":[{"href":"https:\/\/lima.com.tr\/en\/wp-json\/wp\/v2\/product\/12506","targetHints":{"allow":["GET"]}}],"collection":[{"href":"https:\/\/lima.com.tr\/en\/wp-json\/wp\/v2\/product"}],"about":[{"href":"https:\/\/lima.com.tr\/en\/wp-json\/wp\/v2\/types\/product"}],"version-history":[{"count":3,"href":"https:\/\/lima.com.tr\/en\/wp-json\/wp\/v2\/product\/12506\/revisions"}],"predecessor-version":[{"id":12630,"href":"https:\/\/lima.com.tr\/en\/wp-json\/wp\/v2\/product\/12506\/revisions\/12630"}],"wp:featuredmedia":[{"embeddable":true,"href":"https:\/\/lima.com.tr\/en\/wp-json\/wp\/v2\/media\/12629"}],"wp:attachment":[{"href":"https:\/\/lima.com.tr\/en\/wp-json\/wp\/v2\/media?parent=12506"}],"wp:term":[{"taxonomy":"product_brand","embeddable":true,"href":"https:\/\/lima.com.tr\/en\/wp-json\/wp\/v2\/product_brand?post=12506"},{"taxonomy":"product_cat","embeddable":true,"href":"https:\/\/lima.com.tr\/en\/wp-json\/wp\/v2\/product_cat?post=12506"},{"taxonomy":"product_tag","embeddable":true,"href":"https:\/\/lima.com.tr\/en\/wp-json\/wp\/v2\/product_tag?post=12506"}],"curies":[{"name":"wp","href":"https:\/\/api.w.org\/{rel}","templated":true}]}}