{"id":12483,"date":"2020-05-04T12:01:44","date_gmt":"2020-05-04T09:01:44","guid":{"rendered":"https:\/\/lima.com.tr\/?post_type=product&#038;p=12483"},"modified":"2021-05-22T14:41:07","modified_gmt":"2021-05-22T11:41:07","slug":"fwa-3033-00a1r","status":"publish","type":"product","link":"https:\/\/lima.com.tr\/en\/shop\/endustriyel-bilisim\/ag-aygitlari\/1u-ag-aygitlari\/fwa-3033-00a1r\/","title":{"rendered":"FWA-3033-00A1R"},"content":{"rendered":"<p><strong>Geni\u015fleme Se\u00e7enekleri :<\/strong> 2 x NMC Slot, 2 x FH\/HL PCIE x 8 slot (one slot bandwidth is PCIe x4 Gen3, another is PCIex2 Gen3)<\/p>\n<p><strong>\u00c7al\u0131\u015fma S\u0131cakl\u0131\u011f\u0131 :<\/strong> 0 ~ 40 \u00b0C<\/p>\n<p><strong>Depolama S\u0131cakl\u0131\u011f\u0131 :<\/strong> -40 ~ 60 \u00b0C<\/p>\n<p><strong>Nem :<\/strong> 5 ~ 95% @ 40 \u00b0C<\/p>\n<p><strong>Sertifikalar :<\/strong> CCC\/CE\/FCC\/UL\/CB<\/p>\n<p><strong>\u0130\u015fletim Sistemi :<\/strong>Linux (CentOS, Red Hat, Ubuntu, etc.)<\/p>","protected":false},"excerpt":{"rendered":"<p>1U Rackmount Network Appliance, 10 GbE LAN ports and 2NMC Slots,Intel Xeon\u00ae E family and 8th\/9th gen., Intel\u00ae Core\u2122 i7\/i5\/i3 processors<\/p>","protected":false},"featured_media":12631,"template":"","meta":[],"product_brand":[],"product_cat":[91,90,39],"product_tag":[45,48,44,46,47],"class_list":{"0":"post-12483","1":"product","2":"type-product","3":"status-publish","4":"has-post-thumbnail","6":"product_cat-1u-ag-aygitlari","7":"product_cat-ag-aygitlari","8":"product_cat-endustriyel-bilisim","9":"product_tag-akilli-sehir","10":"product_tag-altyapi","11":"product_tag-guvenlik","12":"product_tag-savunma","13":"product_tag-uretim","14":"pa_10gb-lan-nmc-modulleri-ile-eklenebilir","15":"pa_10gb-sfp-nmc-modulleri-ile-eklenebilir","16":"pa_cozumler-ve-urunler-endustriyel-bilisim","17":"pa_depolama-secenekleri-1-x-3-5-sata","18":"pa_depolama-secenekleri-1-x-cf-opsiyonel","19":"pa_depolama-secenekleri-1-x-m-2","20":"pa_gb-lan-6-port","21":"pa_gb-lan-nmc-modulleri-ile-eklenebilir","22":"pa_giga-sfp-port-4-port","23":"pa_grafik-cikisi-yok","24":"pa_guc-girisi-100-240vac","25":"pa_islemci-modeli-8th-9th-gen-intel-core-i7-i5-i3","26":"pa_islemci-modeli-intel-celeron-g4900","27":"pa_islemci-modeli-intel-pentium-g5400","28":"pa_islemci-modeli-intel-xeon-e-2278ge-e-2226ge-e-2176g-e-2174g","29":"pa_islemci-sinifi-intel-pentium","30":"pa_islemci-sinifi-intel-atom","31":"pa_islemci-sinifi-intel-celeron-2","32":"pa_islemci-sinifi-intel-core","33":"pa_islemci-sinifi-intel-xeon-en","34":"pa_mikrofon-giris-yok","35":"pa_ram-maks-128gb","36":"pa_uretici-advantech","37":"pa_urun-gruplari-ag-aygitlari","38":"pa_usb-3-0-2-adet","40":"first","41":"outofstock","42":"shipping-taxable","43":"product-type-variable"},"_links":{"self":[{"href":"https:\/\/lima.com.tr\/en\/wp-json\/wp\/v2\/product\/12483","targetHints":{"allow":["GET"]}}],"collection":[{"href":"https:\/\/lima.com.tr\/en\/wp-json\/wp\/v2\/product"}],"about":[{"href":"https:\/\/lima.com.tr\/en\/wp-json\/wp\/v2\/types\/product"}],"version-history":[{"count":2,"href":"https:\/\/lima.com.tr\/en\/wp-json\/wp\/v2\/product\/12483\/revisions"}],"predecessor-version":[{"id":12487,"href":"https:\/\/lima.com.tr\/en\/wp-json\/wp\/v2\/product\/12483\/revisions\/12487"}],"wp:featuredmedia":[{"embeddable":true,"href":"https:\/\/lima.com.tr\/en\/wp-json\/wp\/v2\/media\/12631"}],"wp:attachment":[{"href":"https:\/\/lima.com.tr\/en\/wp-json\/wp\/v2\/media?parent=12483"}],"wp:term":[{"taxonomy":"product_brand","embeddable":true,"href":"https:\/\/lima.com.tr\/en\/wp-json\/wp\/v2\/product_brand?post=12483"},{"taxonomy":"product_cat","embeddable":true,"href":"https:\/\/lima.com.tr\/en\/wp-json\/wp\/v2\/product_cat?post=12483"},{"taxonomy":"product_tag","embeddable":true,"href":"https:\/\/lima.com.tr\/en\/wp-json\/wp\/v2\/product_tag?post=12483"}],"curies":[{"name":"wp","href":"https:\/\/api.w.org\/{rel}","templated":true}]}}