{"id":12442,"date":"2020-05-01T18:33:12","date_gmt":"2020-05-01T15:33:12","guid":{"rendered":"https:\/\/lima.com.tr\/?post_type=product&#038;p=12442"},"modified":"2024-07-30T12:14:32","modified_gmt":"2024-07-30T09:14:32","slug":"basler-lens-c23-0824-5m-p-f2-4-f8mm-2-3","status":"publish","type":"product","link":"https:\/\/lima.com.tr\/en\/shop\/yapay-gorme\/lensler\/c-mount-lensler\/basler-lens-c23-0824-5m-p-f2-4-f8mm-2-3\/","title":{"rendered":"Basler Lens C23-0824-5M-P F2.4 f8mm 2\/3&#8243;"},"content":{"rendered":"<p><strong>\u0130ris Tipi :<\/strong> Manuel<\/p>\n<p><strong>Ekstra D\u00fc\u015f\u00fck Distorsiyon :<\/strong>\u00a0 No<\/p>\n<p><strong>IR kesme filtresi :<\/strong> No<\/p>","protected":false},"excerpt":{"rendered":"<p>\u0130ris Tipi : Manuel Ekstra D\u00fc\u015f\u00fck Distorsiyon :\u00a0 Hay\u0131r IR kesme filtresi : Hay\u0131r<\/p>","protected":false},"featured_media":12444,"template":"","meta":[],"product_brand":[],"product_cat":[1656,3926,159,1642,1648,157,1662,1637,4020,1679,1626,1673,42],"product_tag":[45,44,43,47],"class_list":{"0":"post-12442","1":"product","2":"type-product","3":"status-publish","4":"has-post-thumbnail","6":"product_cat-akilli-sehir-altyapi","7":"product_cat-basler-is-ortagi","8":"product_cat-c-mount-lensler","9":"product_cat-guvenlik","10":"product_cat-lensler-guvenlik","11":"product_cat-lensler","12":"product_cat-lensler-akilli-sehir","13":"product_cat-lensler-ulasim","14":"product_cat-lensler-basler","15":"product_cat-lensler-uretim","16":"product_cat-ulasim","17":"product_cat-uretim","18":"product_cat-yapay-gorme","19":"product_tag-akilli-sehir","20":"product_tag-guvenlik","21":"product_tag-ulasim","22":"product_tag-uretim","23":"pa_cozumler-ve-urunler-yapay-gorme","24":"pa_dalga-boyu-araligi-vis","25":"pa_min-calisma-mesafesi-100-mm","26":"pa_min-f-number-f2-4-en","27":"pa_montaj-tipi-c-mount","28":"pa_odak-uzunlugu-8mm","29":"pa_piksel-boyutu-3-40-m","30":"pa_sensor-boyu-2-3","31":"pa_tip-sabit-odak-uzunlugu","32":"pa_uretici-basler","33":"pa_urun-gruplari-lensler","35":"first","36":"outofstock","37":"shipping-taxable","38":"product-type-variable"},"_links":{"self":[{"href":"https:\/\/lima.com.tr\/en\/wp-json\/wp\/v2\/product\/12442","targetHints":{"allow":["GET"]}}],"collection":[{"href":"https:\/\/lima.com.tr\/en\/wp-json\/wp\/v2\/product"}],"about":[{"href":"https:\/\/lima.com.tr\/en\/wp-json\/wp\/v2\/types\/product"}],"version-history":[{"count":1,"href":"https:\/\/lima.com.tr\/en\/wp-json\/wp\/v2\/product\/12442\/revisions"}],"predecessor-version":[{"id":12445,"href":"https:\/\/lima.com.tr\/en\/wp-json\/wp\/v2\/product\/12442\/revisions\/12445"}],"wp:featuredmedia":[{"embeddable":true,"href":"https:\/\/lima.com.tr\/en\/wp-json\/wp\/v2\/media\/12444"}],"wp:attachment":[{"href":"https:\/\/lima.com.tr\/en\/wp-json\/wp\/v2\/media?parent=12442"}],"wp:term":[{"taxonomy":"product_brand","embeddable":true,"href":"https:\/\/lima.com.tr\/en\/wp-json\/wp\/v2\/product_brand?post=12442"},{"taxonomy":"product_cat","embeddable":true,"href":"https:\/\/lima.com.tr\/en\/wp-json\/wp\/v2\/product_cat?post=12442"},{"taxonomy":"product_tag","embeddable":true,"href":"https:\/\/lima.com.tr\/en\/wp-json\/wp\/v2\/product_tag?post=12442"}],"curies":[{"name":"wp","href":"https:\/\/api.w.org\/{rel}","templated":true}]}}