{"id":776,"date":"2019-06-24T12:17:25","date_gmt":"2019-06-24T12:17:25","guid":{"rendered":"http:\/\/lima.com.tr\/?page_id=776"},"modified":"2024-12-09T16:01:03","modified_gmt":"2024-12-09T13:01:03","slug":"sertifikalar","status":"publish","type":"page","link":"https:\/\/lima.com.tr\/en\/hakkimizda\/sertifikalar\/","title":{"rendered":"Certifications"},"content":{"rendered":"<div data-elementor-type=\"wp-post\" data-elementor-id=\"776\" class=\"elementor elementor-776\" data-elementor-post-type=\"page\">\n\t\t\t\t\t\t<section class=\"elementor-section elementor-top-section elementor-element elementor-element-1f4739d elementor-section-full_width elementor-section-height-default elementor-section-height-default\" data-id=\"1f4739d\" data-element_type=\"section\" data-e-type=\"section\">\n\t\t\t\t\t\t<div class=\"elementor-container elementor-column-gap-no\">\n\t\t\t\t\t<div class=\"elementor-column elementor-col-100 elementor-top-column elementor-element elementor-element-bb07ad2\" data-id=\"bb07ad2\" data-element_type=\"column\" data-e-type=\"column\">\n\t\t\t<div class=\"elementor-widget-wrap elementor-element-populated\">\n\t\t\t\t\t\t<div class=\"elementor-element elementor-element-8ab756e elementor-widget elementor-widget-image\" data-id=\"8ab756e\" data-element_type=\"widget\" data-e-type=\"widget\" data-widget_type=\"image.default\">\n\t\t\t\t<div class=\"elementor-widget-container\">\n\t\t\t\t\t\t\t\t\t\t\t\t\t\t\t<img fetchpriority=\"high\" decoding=\"async\" width=\"800\" height=\"173\" src=\"https:\/\/lima.com.tr\/wp-content\/uploads\/2019\/06\/sertifikalar-1024x222.png\" class=\"attachment-large size-large wp-image-781\" alt=\"\" srcset=\"https:\/\/lima.com.tr\/wp-content\/uploads\/2019\/06\/sertifikalar-1024x222.png 1024w, https:\/\/lima.com.tr\/wp-content\/uploads\/2019\/06\/sertifikalar-600x130.png 600w, https:\/\/lima.com.tr\/wp-content\/uploads\/2019\/06\/sertifikalar-300x65.png 300w, https:\/\/lima.com.tr\/wp-content\/uploads\/2019\/06\/sertifikalar-768x166.png 768w, https:\/\/lima.com.tr\/wp-content\/uploads\/2019\/06\/sertifikalar-1536x333.png 1536w, https:\/\/lima.com.tr\/wp-content\/uploads\/2019\/06\/sertifikalar.png 1921w\" sizes=\"(max-width: 800px) 100vw, 800px\" \/>\t\t\t\t\t\t\t\t\t\t\t\t\t\t\t<\/div>\n\t\t\t\t<\/div>\n\t\t\t\t\t<\/div>\n\t\t<\/div>\n\t\t\t\t\t<\/div>\n\t\t<\/section>\n\t\t\t\t<section class=\"elementor-section elementor-top-section elementor-element elementor-element-81f4c73 elementor-section-boxed elementor-section-height-default elementor-section-height-default\" data-id=\"81f4c73\" data-element_type=\"section\" data-e-type=\"section\">\n\t\t\t\t\t\t<div class=\"elementor-container elementor-column-gap-default\">\n\t\t\t\t\t<div class=\"elementor-column elementor-col-33 elementor-top-column elementor-element elementor-element-529840c\" data-id=\"529840c\" data-element_type=\"column\" data-e-type=\"column\">\n\t\t\t<div class=\"elementor-widget-wrap elementor-element-populated\">\n\t\t\t\t\t\t<div class=\"elementor-element elementor-element-940d2f4 elementor-align-center elementor-widget elementor-widget-post-info\" data-id=\"940d2f4\" data-element_type=\"widget\" data-e-type=\"widget\" data-widget_type=\"post-info.default\">\n\t\t\t\t<div class=\"elementor-widget-container\">\n\t\t\t\t\t\t\t<ul class=\"elementor-icon-list-items elementor-post-info\">\n\t\t\t\t\t\t\t\t<li class=\"elementor-icon-list-item elementor-repeater-item-5899428\">\n\t\t\t\t\t\t\t\t\t\t\t\t\t<span class=\"elementor-icon-list-text elementor-post-info__item elementor-post-info__item--type-custom\">\n\t\t\t\t\t\t\t\t\t\t01\/06\/2023\t\t\t\t\t<\/span>\n\t\t\t\t\t\t\t\t<\/li>\n\t\t\t\t<\/ul>\n\t\t\t\t\t\t<\/div>\n\t\t\t\t<\/div>\n\t\t\t\t<div class=\"elementor-element elementor-element-cc4b4e1 elementor-position-left elementor-vertical-align-top elementor-widget elementor-widget-image-box\" data-id=\"cc4b4e1\" data-element_type=\"widget\" data-e-type=\"widget\" data-widget_type=\"image-box.default\">\n\t\t\t\t<div class=\"elementor-widget-container\">\n\t\t\t\t\t<div class=\"elementor-image-box-wrapper\"><figure class=\"elementor-image-box-img\"><a href=\"https:\/\/lima.com.tr\/wp-content\/uploads\/2024\/06\/Lima_Politikalar_2023.pdf\" target=\"_blank\" tabindex=\"-1\"><img decoding=\"async\" width=\"150\" height=\"150\" src=\"https:\/\/lima.com.tr\/wp-content\/uploads\/2023\/03\/Certificate-150x150.png\" class=\"attachment-thumbnail size-thumbnail wp-image-13720\" alt=\"Sertifika\" srcset=\"https:\/\/lima.com.tr\/wp-content\/uploads\/2023\/03\/Certificate-150x150.png 150w, https:\/\/lima.com.tr\/wp-content\/uploads\/2023\/03\/Certificate-12x12.png 12w, https:\/\/lima.com.tr\/wp-content\/uploads\/2023\/03\/Certificate-100x100.png 100w, https:\/\/lima.com.tr\/wp-content\/uploads\/2023\/03\/Certificate.png 255w\" sizes=\"(max-width: 150px) 100vw, 150px\" \/><\/a><\/figure><div class=\"elementor-image-box-content\"><h4 class=\"elementor-image-box-title\"><a href=\"https:\/\/lima.com.tr\/wp-content\/uploads\/2024\/06\/Lima_Politikalar_2023.pdf\" target=\"_blank\">Kalite, Bilgi G\u00fcvenli\u011fi ve \u00c7evre Politikam\u0131z<\/a><\/h4><p class=\"elementor-image-box-description\">&nbsp;<\/p><\/div><\/div>\t\t\t\t<\/div>\n\t\t\t\t<\/div>\n\t\t\t\t<div class=\"elementor-element elementor-element-5f0f0e0 elementor-align-center elementor-widget elementor-widget-button\" data-id=\"5f0f0e0\" data-element_type=\"widget\" data-e-type=\"widget\" data-widget_type=\"button.default\">\n\t\t\t\t<div class=\"elementor-widget-container\">\n\t\t\t\t\t\t\t\t\t<div class=\"elementor-button-wrapper\">\n\t\t\t\t\t<a class=\"elementor-button elementor-button-link elementor-size-sm\" href=\"https:\/\/lima.com.tr\/en\/kalite-politikamiz\/\" target=\"_blank\">\n\t\t\t\t\t\t<span class=\"elementor-button-content-wrapper\">\n\t\t\t\t\t\t\t\t\t<span class=\"elementor-button-text\">Ek Bilgi<\/span>\n\t\t\t\t\t<\/span>\n\t\t\t\t\t<\/a>\n\t\t\t\t<\/div>\n\t\t\t\t\t\t\t\t<\/div>\n\t\t\t\t<\/div>\n\t\t\t\t\t<\/div>\n\t\t<\/div>\n\t\t\t\t<div class=\"elementor-column elementor-col-33 elementor-top-column elementor-element elementor-element-ae1db23\" data-id=\"ae1db23\" data-element_type=\"column\" data-e-type=\"column\">\n\t\t\t<div class=\"elementor-widget-wrap elementor-element-populated\">\n\t\t\t\t\t\t<div class=\"elementor-element elementor-element-2f0c57e elementor-align-center elementor-widget elementor-widget-post-info\" data-id=\"2f0c57e\" data-element_type=\"widget\" data-e-type=\"widget\" data-widget_type=\"post-info.default\">\n\t\t\t\t<div class=\"elementor-widget-container\">\n\t\t\t\t\t\t\t<ul class=\"elementor-icon-list-items elementor-post-info\">\n\t\t\t\t\t\t\t\t<li class=\"elementor-icon-list-item elementor-repeater-item-5899428\">\n\t\t\t\t\t\t\t\t\t\t\t\t\t<span class=\"elementor-icon-list-text elementor-post-info__item elementor-post-info__item--type-custom\">\n\t\t\t\t\t\t\t\t\t\t21\/08\/2024\t\t\t\t\t<\/span>\n\t\t\t\t\t\t\t\t<\/li>\n\t\t\t\t<\/ul>\n\t\t\t\t\t\t<\/div>\n\t\t\t\t<\/div>\n\t\t\t\t<div class=\"elementor-element elementor-element-91854e2 elementor-position-left elementor-vertical-align-top elementor-widget elementor-widget-image-box\" data-id=\"91854e2\" data-element_type=\"widget\" data-e-type=\"widget\" data-widget_type=\"image-box.default\">\n\t\t\t\t<div class=\"elementor-widget-container\">\n\t\t\t\t\t<div class=\"elementor-image-box-wrapper\"><figure class=\"elementor-image-box-img\"><a href=\"https:\/\/lima.com.tr\/wp-content\/uploads\/2024\/06\/SSHYB_2023.pdf\" tabindex=\"-1\"><img decoding=\"async\" width=\"255\" height=\"255\" src=\"https:\/\/lima.com.tr\/wp-content\/uploads\/2023\/03\/Certificate.png\" class=\"attachment-full size-full wp-image-13720\" alt=\"Sertifika\" srcset=\"https:\/\/lima.com.tr\/wp-content\/uploads\/2023\/03\/Certificate.png 255w, https:\/\/lima.com.tr\/wp-content\/uploads\/2023\/03\/Certificate-150x150.png 150w, https:\/\/lima.com.tr\/wp-content\/uploads\/2023\/03\/Certificate-12x12.png 12w, https:\/\/lima.com.tr\/wp-content\/uploads\/2023\/03\/Certificate-100x100.png 100w\" sizes=\"(max-width: 255px) 100vw, 255px\" \/><\/a><\/figure><div class=\"elementor-image-box-content\"><h3 class=\"elementor-image-box-title\"><a href=\"https:\/\/lima.com.tr\/wp-content\/uploads\/2024\/06\/SSHYB_2023.pdf\">SSHYB<\/a><\/h3><p class=\"elementor-image-box-description\">TS 12498 Sat\u0131\u015f Sonras\u0131 Hizmet Yeterlilik Belgesi<\/p><\/div><\/div>\t\t\t\t<\/div>\n\t\t\t\t<\/div>\n\t\t\t\t<div class=\"elementor-element elementor-element-1021275 elementor-align-center elementor-widget elementor-widget-button\" data-id=\"1021275\" data-element_type=\"widget\" data-e-type=\"widget\" data-widget_type=\"button.default\">\n\t\t\t\t<div class=\"elementor-widget-container\">\n\t\t\t\t\t\t\t\t\t<div class=\"elementor-button-wrapper\">\n\t\t\t\t\t<a class=\"elementor-button elementor-button-link elementor-size-sm\" href=\"https:\/\/lima.com.tr\/wp-content\/uploads\/2024\/12\/Lima-SSHYB-2024-2025.pdf\" target=\"_blank\">\n\t\t\t\t\t\t<span class=\"elementor-button-content-wrapper\">\n\t\t\t\t\t\t\t\t\t<span class=\"elementor-button-text\">View<\/span>\n\t\t\t\t\t<\/span>\n\t\t\t\t\t<\/a>\n\t\t\t\t<\/div>\n\t\t\t\t\t\t\t\t<\/div>\n\t\t\t\t<\/div>\n\t\t\t\t\t<\/div>\n\t\t<\/div>\n\t\t\t\t<div class=\"elementor-column elementor-col-33 elementor-top-column elementor-element elementor-element-b891ff7\" data-id=\"b891ff7\" data-element_type=\"column\" data-e-type=\"column\">\n\t\t\t<div class=\"elementor-widget-wrap elementor-element-populated\">\n\t\t\t\t\t\t<div class=\"elementor-element elementor-element-44e1138 elementor-align-center elementor-widget elementor-widget-post-info\" data-id=\"44e1138\" data-element_type=\"widget\" data-e-type=\"widget\" data-widget_type=\"post-info.default\">\n\t\t\t\t<div class=\"elementor-widget-container\">\n\t\t\t\t\t\t\t<ul class=\"elementor-icon-list-items elementor-post-info\">\n\t\t\t\t\t\t\t\t<li class=\"elementor-icon-list-item elementor-repeater-item-5899428\">\n\t\t\t\t\t\t\t\t\t\t\t\t\t<span class=\"elementor-icon-list-text elementor-post-info__item elementor-post-info__item--type-custom\">\n\t\t\t\t\t\t\t\t\t\t06\/12\/2024\t\t\t\t\t<\/span>\n\t\t\t\t\t\t\t\t<\/li>\n\t\t\t\t<\/ul>\n\t\t\t\t\t\t<\/div>\n\t\t\t\t<\/div>\n\t\t\t\t<div class=\"elementor-element elementor-element-7100df7 elementor-position-left elementor-vertical-align-top elementor-widget elementor-widget-image-box\" data-id=\"7100df7\" data-element_type=\"widget\" data-e-type=\"widget\" data-widget_type=\"image-box.default\">\n\t\t\t\t<div class=\"elementor-widget-container\">\n\t\t\t\t\t<div class=\"elementor-image-box-wrapper\"><figure class=\"elementor-image-box-img\"><a href=\"https:\/\/lima.com.tr\/wp-content\/uploads\/2024\/06\/ISO-9001_2023-2024.pdf\" target=\"_blank\" tabindex=\"-1\"><img decoding=\"async\" width=\"150\" height=\"150\" src=\"https:\/\/lima.com.tr\/wp-content\/uploads\/2023\/03\/Certificate-150x150.png\" class=\"attachment-thumbnail size-thumbnail wp-image-13720\" alt=\"Sertifika\" srcset=\"https:\/\/lima.com.tr\/wp-content\/uploads\/2023\/03\/Certificate-150x150.png 150w, https:\/\/lima.com.tr\/wp-content\/uploads\/2023\/03\/Certificate-12x12.png 12w, https:\/\/lima.com.tr\/wp-content\/uploads\/2023\/03\/Certificate-100x100.png 100w, https:\/\/lima.com.tr\/wp-content\/uploads\/2023\/03\/Certificate.png 255w\" sizes=\"(max-width: 150px) 100vw, 150px\" \/><\/a><\/figure><div class=\"elementor-image-box-content\"><h3 class=\"elementor-image-box-title\"><a href=\"https:\/\/lima.com.tr\/wp-content\/uploads\/2024\/06\/ISO-9001_2023-2024.pdf\" target=\"_blank\">ISO 9001:2015<\/a><\/h3><p class=\"elementor-image-box-description\">Kalite Y\u00f6netim Sistemi Standard\u0131<br>&amp;nbsp<\/p><\/div><\/div>\t\t\t\t<\/div>\n\t\t\t\t<\/div>\n\t\t\t\t<div class=\"elementor-element elementor-element-9f45304 elementor-align-center elementor-widget elementor-widget-button\" data-id=\"9f45304\" data-element_type=\"widget\" data-e-type=\"widget\" data-widget_type=\"button.default\">\n\t\t\t\t<div class=\"elementor-widget-container\">\n\t\t\t\t\t\t\t\t\t<div class=\"elementor-button-wrapper\">\n\t\t\t\t\t<a class=\"elementor-button elementor-button-link elementor-size-sm\" href=\"https:\/\/lima.com.tr\/wp-content\/uploads\/2024\/12\/Lima-ISO-9001-2024-2025.pdf\" target=\"_blank\">\n\t\t\t\t\t\t<span class=\"elementor-button-content-wrapper\">\n\t\t\t\t\t\t\t\t\t<span class=\"elementor-button-text\">View<\/span>\n\t\t\t\t\t<\/span>\n\t\t\t\t\t<\/a>\n\t\t\t\t<\/div>\n\t\t\t\t\t\t\t\t<\/div>\n\t\t\t\t<\/div>\n\t\t\t\t\t<\/div>\n\t\t<\/div>\n\t\t\t\t\t<\/div>\n\t\t<\/section>\n\t\t\t\t<section class=\"elementor-section elementor-top-section elementor-element elementor-element-929f9ff elementor-section-boxed elementor-section-height-default elementor-section-height-default\" data-id=\"929f9ff\" data-element_type=\"section\" data-e-type=\"section\">\n\t\t\t\t\t\t<div class=\"elementor-container elementor-column-gap-default\">\n\t\t\t\t\t<div class=\"elementor-column elementor-col-33 elementor-top-column elementor-element elementor-element-fd6ea33\" data-id=\"fd6ea33\" data-element_type=\"column\" data-e-type=\"column\">\n\t\t\t<div class=\"elementor-widget-wrap elementor-element-populated\">\n\t\t\t\t\t\t<div class=\"elementor-element elementor-element-8d9cafc elementor-align-center elementor-widget elementor-widget-post-info\" data-id=\"8d9cafc\" data-element_type=\"widget\" data-e-type=\"widget\" data-widget_type=\"post-info.default\">\n\t\t\t\t<div class=\"elementor-widget-container\">\n\t\t\t\t\t\t\t<ul class=\"elementor-icon-list-items elementor-post-info\">\n\t\t\t\t\t\t\t\t<li class=\"elementor-icon-list-item elementor-repeater-item-5899428\">\n\t\t\t\t\t\t\t\t\t\t\t\t\t<span class=\"elementor-icon-list-text elementor-post-info__item elementor-post-info__item--type-custom\">\n\t\t\t\t\t\t\t\t\t\t01\/07\/2024\t\t\t\t\t<\/span>\n\t\t\t\t\t\t\t\t<\/li>\n\t\t\t\t<\/ul>\n\t\t\t\t\t\t<\/div>\n\t\t\t\t<\/div>\n\t\t\t\t<div class=\"elementor-element elementor-element-5d6f865 elementor-position-left elementor-vertical-align-top elementor-widget elementor-widget-image-box\" data-id=\"5d6f865\" data-element_type=\"widget\" data-e-type=\"widget\" data-widget_type=\"image-box.default\">\n\t\t\t\t<div class=\"elementor-widget-container\">\n\t\t\t\t\t<div class=\"elementor-image-box-wrapper\"><figure class=\"elementor-image-box-img\"><a href=\"https:\/\/lima.com.tr\/wp-content\/uploads\/2024\/06\/ISO14001-_2023.pdf\" tabindex=\"-1\"><img decoding=\"async\" width=\"255\" height=\"255\" src=\"https:\/\/lima.com.tr\/wp-content\/uploads\/2023\/03\/Certificate.png\" class=\"attachment-full size-full wp-image-13720\" alt=\"Sertifika\" srcset=\"https:\/\/lima.com.tr\/wp-content\/uploads\/2023\/03\/Certificate.png 255w, https:\/\/lima.com.tr\/wp-content\/uploads\/2023\/03\/Certificate-150x150.png 150w, https:\/\/lima.com.tr\/wp-content\/uploads\/2023\/03\/Certificate-12x12.png 12w, https:\/\/lima.com.tr\/wp-content\/uploads\/2023\/03\/Certificate-100x100.png 100w\" sizes=\"(max-width: 255px) 100vw, 255px\" \/><\/a><\/figure><div class=\"elementor-image-box-content\"><h3 class=\"elementor-image-box-title\"><a href=\"https:\/\/lima.com.tr\/wp-content\/uploads\/2024\/06\/ISO14001-_2023.pdf\">ISO 27001:2015<\/a><\/h3><p class=\"elementor-image-box-description\">Bilgi G\u00fcvenli\u011fi Y\u00f6netim Standard\u0131<br>&amp;nbsp<\/p><\/div><\/div>\t\t\t\t<\/div>\n\t\t\t\t<\/div>\n\t\t\t\t<div class=\"elementor-element elementor-element-61354c8 elementor-align-center elementor-widget elementor-widget-button\" data-id=\"61354c8\" data-element_type=\"widget\" data-e-type=\"widget\" data-widget_type=\"button.default\">\n\t\t\t\t<div class=\"elementor-widget-container\">\n\t\t\t\t\t\t\t\t\t<div class=\"elementor-button-wrapper\">\n\t\t\t\t\t<a class=\"elementor-button elementor-button-link elementor-size-sm\" href=\"https:\/\/lima.com.tr\/wp-content\/uploads\/2024\/12\/Lima-ISO-27001-2024-2025.pdf\" rel=\"nofollow\">\n\t\t\t\t\t\t<span class=\"elementor-button-content-wrapper\">\n\t\t\t\t\t\t\t\t\t<span class=\"elementor-button-text\">View<\/span>\n\t\t\t\t\t<\/span>\n\t\t\t\t\t<\/a>\n\t\t\t\t<\/div>\n\t\t\t\t\t\t\t\t<\/div>\n\t\t\t\t<\/div>\n\t\t\t\t\t<\/div>\n\t\t<\/div>\n\t\t\t\t<div class=\"elementor-column elementor-col-33 elementor-top-column elementor-element elementor-element-266bea6\" data-id=\"266bea6\" data-element_type=\"column\" data-e-type=\"column\">\n\t\t\t<div class=\"elementor-widget-wrap elementor-element-populated\">\n\t\t\t\t\t\t<div class=\"elementor-element elementor-element-af99db3 elementor-align-center elementor-widget elementor-widget-post-info\" data-id=\"af99db3\" data-element_type=\"widget\" data-e-type=\"widget\" data-widget_type=\"post-info.default\">\n\t\t\t\t<div class=\"elementor-widget-container\">\n\t\t\t\t\t\t\t<ul class=\"elementor-inline-items elementor-icon-list-items elementor-post-info\">\n\t\t\t\t\t\t\t\t<li class=\"elementor-icon-list-item elementor-repeater-item-5899428 elementor-inline-item\">\n\t\t\t\t\t\t\t\t\t\t\t\t\t<span class=\"elementor-icon-list-text elementor-post-info__item elementor-post-info__item--type-custom\">\n\t\t\t\t\t\t\t\t\t\t01\/07\/2024\t\t\t\t\t<\/span>\n\t\t\t\t\t\t\t\t<\/li>\n\t\t\t\t<\/ul>\n\t\t\t\t\t\t<\/div>\n\t\t\t\t<\/div>\n\t\t\t\t<div class=\"elementor-element elementor-element-921ef4a elementor-position-left elementor-vertical-align-top elementor-widget elementor-widget-image-box\" data-id=\"921ef4a\" data-element_type=\"widget\" data-e-type=\"widget\" data-widget_type=\"image-box.default\">\n\t\t\t\t<div class=\"elementor-widget-container\">\n\t\t\t\t\t<div class=\"elementor-image-box-wrapper\"><figure class=\"elementor-image-box-img\"><a href=\"https:\/\/lima.com.tr\/wp-content\/uploads\/2024\/06\/ISO14001-_2023.pdf\" tabindex=\"-1\"><img decoding=\"async\" width=\"255\" height=\"255\" src=\"https:\/\/lima.com.tr\/wp-content\/uploads\/2023\/03\/Certificate.png\" class=\"attachment-full size-full wp-image-13720\" alt=\"Sertifika\" srcset=\"https:\/\/lima.com.tr\/wp-content\/uploads\/2023\/03\/Certificate.png 255w, https:\/\/lima.com.tr\/wp-content\/uploads\/2023\/03\/Certificate-150x150.png 150w, https:\/\/lima.com.tr\/wp-content\/uploads\/2023\/03\/Certificate-12x12.png 12w, https:\/\/lima.com.tr\/wp-content\/uploads\/2023\/03\/Certificate-100x100.png 100w\" sizes=\"(max-width: 255px) 100vw, 255px\" \/><\/a><\/figure><div class=\"elementor-image-box-content\"><h3 class=\"elementor-image-box-title\"><a href=\"https:\/\/lima.com.tr\/wp-content\/uploads\/2024\/06\/ISO14001-_2023.pdf\"><span style=\"color: var( --e-global-color-primary );font-family: var( --e-global-typography-primary-font-family );font-size: 1.75rem;font-weight: var( --e-global-typography-primary-font-weight )\">ISO 14001:2015<\/span><\/a><\/h3><p class=\"elementor-image-box-description\">\u00c7evre Y\u00f6netim Sistemi Standard\u0131<br>&nbsp;<\/p><\/div><\/div>\t\t\t\t<\/div>\n\t\t\t\t<\/div>\n\t\t\t\t<div class=\"elementor-element elementor-element-f915658 elementor-align-center elementor-widget elementor-widget-button\" data-id=\"f915658\" data-element_type=\"widget\" data-e-type=\"widget\" data-widget_type=\"button.default\">\n\t\t\t\t<div class=\"elementor-widget-container\">\n\t\t\t\t\t\t\t\t\t<div class=\"elementor-button-wrapper\">\n\t\t\t\t\t<a class=\"elementor-button elementor-button-link elementor-size-sm\" href=\"https:\/\/lima.com.tr\/wp-content\/uploads\/2024\/12\/Lima-ISO-14001-2024-2025.pdf\" target=\"_blank\">\n\t\t\t\t\t\t<span class=\"elementor-button-content-wrapper\">\n\t\t\t\t\t\t\t\t\t<span class=\"elementor-button-text\">View<\/span>\n\t\t\t\t\t<\/span>\n\t\t\t\t\t<\/a>\n\t\t\t\t<\/div>\n\t\t\t\t\t\t\t\t<\/div>\n\t\t\t\t<\/div>\n\t\t\t\t\t<\/div>\n\t\t<\/div>\n\t\t\t\t<div class=\"elementor-column elementor-col-33 elementor-top-column elementor-element elementor-element-a13d026\" data-id=\"a13d026\" data-element_type=\"column\" data-e-type=\"column\">\n\t\t\t<div class=\"elementor-widget-wrap\">\n\t\t\t\t\t\t\t<\/div>\n\t\t<\/div>\n\t\t\t\t\t<\/div>\n\t\t<\/section>\n\t\t\t\t<\/div>","protected":false},"excerpt":{"rendered":"<p>Kalite, Bilgi G\u00fcvenli\u011fi ve \u00c7evre Politikam\u0131z &nbsp; Ek Bilgi SSHYB TS 12498 Sat\u0131\u015f Sonras\u0131 Hizmet Yeterlilik Belgesi \u0130ncele ISO 9001:2015 Kalite Y\u00f6netim Sistemi Standard\u0131&#038;nbsp \u0130ncele ISO 27001:2015 Bilgi G\u00fcvenli\u011fi Y\u00f6netim Standard\u0131&#038;nbsp \u0130ncele ISO 14001:2015 \u00c7evre Y\u00f6netim Sistemi Standard\u0131&nbsp; \u0130ncele<\/p>","protected":false},"author":8,"featured_media":0,"parent":73,"menu_order":0,"comment_status":"closed","ping_status":"closed","template":"","meta":{"footnotes":""},"class_list":["post-776","page","type-page","status-publish","hentry"],"_links":{"self":[{"href":"https:\/\/lima.com.tr\/en\/wp-json\/wp\/v2\/pages\/776","targetHints":{"allow":["GET"]}}],"collection":[{"href":"https:\/\/lima.com.tr\/en\/wp-json\/wp\/v2\/pages"}],"about":[{"href":"https:\/\/lima.com.tr\/en\/wp-json\/wp\/v2\/types\/page"}],"author":[{"embeddable":true,"href":"https:\/\/lima.com.tr\/en\/wp-json\/wp\/v2\/users\/8"}],"replies":[{"embeddable":true,"href":"https:\/\/lima.com.tr\/en\/wp-json\/wp\/v2\/comments?post=776"}],"version-history":[{"count":5,"href":"https:\/\/lima.com.tr\/en\/wp-json\/wp\/v2\/pages\/776\/revisions"}],"predecessor-version":[{"id":18113,"href":"https:\/\/lima.com.tr\/en\/wp-json\/wp\/v2\/pages\/776\/revisions\/18113"}],"up":[{"embeddable":true,"href":"https:\/\/lima.com.tr\/en\/wp-json\/wp\/v2\/pages\/73"}],"wp:attachment":[{"href":"https:\/\/lima.com.tr\/en\/wp-json\/wp\/v2\/media?parent=776"}],"curies":[{"name":"wp","href":"https:\/\/api.w.org\/{rel}","templated":true}]}}