{"id":75,"date":"2019-06-18T00:01:11","date_gmt":"2019-06-18T00:01:11","guid":{"rendered":"http:\/\/lima.com.tr\/?page_id=75"},"modified":"2024-06-10T16:08:28","modified_gmt":"2024-06-10T13:08:28","slug":"kalite-politikamiz","status":"publish","type":"page","link":"https:\/\/lima.com.tr\/en\/kalite-politikamiz\/","title":{"rendered":"Our Quality Policy"},"content":{"rendered":"<div data-elementor-type=\"wp-post\" data-elementor-id=\"75\" class=\"elementor elementor-75\" data-elementor-post-type=\"page\">\n\t\t\t\t\t\t<section class=\"elementor-section elementor-top-section elementor-element elementor-element-fe53998 elementor-section-full_width elementor-section-height-default elementor-section-height-default\" data-id=\"fe53998\" data-element_type=\"section\" data-e-type=\"section\">\n\t\t\t\t\t\t<div class=\"elementor-container elementor-column-gap-no\">\n\t\t\t\t\t<div class=\"elementor-column elementor-col-100 elementor-top-column elementor-element elementor-element-0786952\" data-id=\"0786952\" data-element_type=\"column\" data-e-type=\"column\">\n\t\t\t<div class=\"elementor-widget-wrap elementor-element-populated\">\n\t\t\t\t\t\t<div class=\"elementor-element elementor-element-5744f1b elementor-widget elementor-widget-image\" data-id=\"5744f1b\" data-element_type=\"widget\" data-e-type=\"widget\" data-widget_type=\"image.default\">\n\t\t\t\t<div class=\"elementor-widget-container\">\n\t\t\t\t\t\t\t\t\t\t\t\t\t\t\t<img decoding=\"async\" src=\"https:\/\/lima.com.tr\/wp-content\/uploads\/2020\/05\/kalite-politikamiz.png\" title=\"kalite-politikamiz\" alt=\"kalite-politikamiz\" loading=\"lazy\" \/>\t\t\t\t\t\t\t\t\t\t\t\t\t\t\t<\/div>\n\t\t\t\t<\/div>\n\t\t\t\t\t<\/div>\n\t\t<\/div>\n\t\t\t\t\t<\/div>\n\t\t<\/section>\n\t\t\t\t<section class=\"elementor-section elementor-top-section elementor-element elementor-element-c2fce0e elementor-section-boxed elementor-section-height-default elementor-section-height-default\" data-id=\"c2fce0e\" data-element_type=\"section\" data-e-type=\"section\">\n\t\t\t\t\t\t<div class=\"elementor-container elementor-column-gap-default\">\n\t\t\t\t\t<div class=\"elementor-column elementor-col-100 elementor-top-column elementor-element elementor-element-9accfe8\" data-id=\"9accfe8\" data-element_type=\"column\" data-e-type=\"column\">\n\t\t\t<div class=\"elementor-widget-wrap elementor-element-populated\">\n\t\t\t\t\t\t<div class=\"elementor-element elementor-element-04b108f elementor-widget elementor-widget-heading\" data-id=\"04b108f\" data-element_type=\"widget\" data-e-type=\"widget\" data-widget_type=\"heading.default\">\n\t\t\t\t<div class=\"elementor-widget-container\">\n\t\t\t\t\t<h2 class=\"elementor-heading-title elementor-size-default\">Kalite, Bilgi G\u00fcvenli\u011fi ve \u00c7evre Politikam\u0131z<\/h2>\t\t\t\t<\/div>\n\t\t\t\t<\/div>\n\t\t\t\t<div class=\"elementor-element elementor-element-a96784a elementor-widget elementor-widget-text-editor\" data-id=\"a96784a\" data-element_type=\"widget\" data-e-type=\"widget\" data-widget_type=\"text-editor.default\">\n\t\t\t\t<div class=\"elementor-widget-container\">\n\t\t\t\t\t\t\t\t\t<ul><li>Farkl\u0131l\u0131k ve yarat\u0131c\u0131l\u0131k ilkesi ile end\u00fcstriyel bili\u015fim, otomasyon ve yapay g\u00f6rme sekt\u00f6rlerinde \u00f6rnek g\u00f6sterilen lider kurulu\u015f olmak,<\/li><li>\u00dcretim, hizmet ve ticarette; d\u00fcr\u00fcstl\u00fck, g\u00fcven ve kaliteyi \u00f6n planda tutarak, m\u00fc\u015fterilerimizin gereksinim ve beklentilerini a\u015fan \u00e7\u00f6z\u00fcmler sunmak ve en \u00fcst seviyede m\u00fc\u015fteri memnuniyeti sa\u011flamak,<\/li><li>Y\u00fcr\u00fcrl\u00fckteki yasal ve d\u00fczenleyici \u015fartlar\u0131 eksiksiz olarak yerine getirmek,<\/li><li>Kalite Y\u00f6netim Sistemi \u015fartlar\u0131na uymak ve Kalite Y\u00f6netim Sistemimizin etkinli\u011fini ekip \u00e7al\u0131\u015fmas\u0131 bilinci ile s\u00fcrekli iyile\u015ftirmek,<\/li><li>\u015eirket i\u00e7i ve d\u0131\u015f\u0131nda bilgi sistemleri kullan\u0131m\u0131nda Bilgi G\u00fcvenli\u011fi Sistemi \u015fartlar\u0131na uymak ve etkinli\u011fini sa\u011flamak,<\/li><li>\u00c7al\u0131\u015fma ortam\u0131, montaj s\u00fcre\u00e7leri, \u00fcr\u00fcn ve yar\u0131 mamul kullan\u0131m\u0131nda, lojistik faaliyetlerinde \u00c7evre Y\u00f6netim Standartlar\u0131na uyumlu davranmak,<\/li><li>\u00c7al\u0131\u015fanlar\u0131m\u0131za d\u00fczenli e\u011fitimler vererek kalite, bilgi g\u00fcvenli\u011fi ve \u00e7evre koruma bilincini yerle\u015ftirmek ve geli\u015fimlerini s\u00fcrekli k\u0131lmak,<\/li><li>Bu bilincinin artt\u0131r\u0131lmas\u0131 i\u00e7in tedarik\u00e7ilerimiz ile birlikte e\u015fg\u00fcd\u00fcm i\u00e7inde \u00e7al\u0131\u015fmak, mevcut standartlar\u0131m\u0131z\u0131 geli\u015ftirmek,<\/li><li>M\u00fc\u015fterilerimizin ki\u015fisel ve kurumsal haklar\u0131na, zaman kullan\u0131mlar\u0131na ve bilgi gizliliklerine \u00f6zen g\u00f6sterip onlar\u0131 \u00f6nceliklendirmek,<\/li><li>Faaliyetlerimizi ve geli\u015fme s\u00fcre\u00e7lerimizi; gelecek nesillerin sosyal, ekonomik ve \u00e7evresel ihtiya\u00e7lar\u0131na uygun, dengeli ve s\u00fcrd\u00fcr\u00fclebilir k\u0131lmak<\/li><\/ul>\t\t\t\t\t\t\t\t<\/div>\n\t\t\t\t<\/div>\n\t\t\t\t<section class=\"elementor-section elementor-inner-section elementor-element elementor-element-74bcd52 elementor-section-boxed elementor-section-height-default elementor-section-height-default\" data-id=\"74bcd52\" data-element_type=\"section\" data-e-type=\"section\">\n\t\t\t\t\t\t<div class=\"elementor-container elementor-column-gap-default\">\n\t\t\t\t\t<div class=\"elementor-column elementor-col-50 elementor-inner-column elementor-element elementor-element-04365e2\" data-id=\"04365e2\" data-element_type=\"column\" data-e-type=\"column\">\n\t\t\t<div class=\"elementor-widget-wrap elementor-element-populated\">\n\t\t\t\t\t\t<div class=\"elementor-element elementor-element-5a29074 elementor-align-center elementor-widget elementor-widget-post-info\" data-id=\"5a29074\" data-element_type=\"widget\" data-e-type=\"widget\" data-widget_type=\"post-info.default\">\n\t\t\t\t<div class=\"elementor-widget-container\">\n\t\t\t\t\t\t\t<ul class=\"elementor-inline-items elementor-icon-list-items elementor-post-info\">\n\t\t\t\t\t\t\t\t<li class=\"elementor-icon-list-item elementor-repeater-item-5899428 elementor-inline-item\">\n\t\t\t\t\t\t\t\t\t\t\t\t\t<span class=\"elementor-icon-list-text elementor-post-info__item elementor-post-info__item--type-custom\">\n\t\t\t\t\t\t\t\t\t\t01\/06\/2023\t\t\t\t\t<\/span>\n\t\t\t\t\t\t\t\t<\/li>\n\t\t\t\t<\/ul>\n\t\t\t\t\t\t<\/div>\n\t\t\t\t<\/div>\n\t\t\t\t<div class=\"elementor-element elementor-element-0a7229f elementor-position-left elementor-vertical-align-top elementor-widget elementor-widget-image-box\" data-id=\"0a7229f\" data-element_type=\"widget\" data-e-type=\"widget\" data-widget_type=\"image-box.default\">\n\t\t\t\t<div class=\"elementor-widget-container\">\n\t\t\t\t\t<div class=\"elementor-image-box-wrapper\"><figure class=\"elementor-image-box-img\"><a href=\"https:\/\/lima.com.tr\/wp-content\/uploads\/2024\/06\/Lima_Politikalar_2023.pdf\" target=\"_blank\" tabindex=\"-1\"><img decoding=\"async\" width=\"150\" height=\"150\" src=\"https:\/\/lima.com.tr\/wp-content\/uploads\/2023\/03\/Certificate-150x150.png\" class=\"attachment-thumbnail size-thumbnail wp-image-13720\" alt=\"Sertifika\" srcset=\"https:\/\/lima.com.tr\/wp-content\/uploads\/2023\/03\/Certificate-150x150.png 150w, https:\/\/lima.com.tr\/wp-content\/uploads\/2023\/03\/Certificate-12x12.png 12w, https:\/\/lima.com.tr\/wp-content\/uploads\/2023\/03\/Certificate-100x100.png 100w, https:\/\/lima.com.tr\/wp-content\/uploads\/2023\/03\/Certificate.png 255w\" sizes=\"(max-width: 150px) 100vw, 150px\" \/><\/a><\/figure><div class=\"elementor-image-box-content\"><h3 class=\"elementor-image-box-title\"><a href=\"https:\/\/lima.com.tr\/wp-content\/uploads\/2024\/06\/Lima_Politikalar_2023.pdf\" target=\"_blank\">EYS:KEK<\/a><\/h3><p class=\"elementor-image-box-description\">Kalite, Bilgi G\u00fcvenli\u011fi ve \u00c7evre Politikam\u0131z<\/p><\/div><\/div>\t\t\t\t<\/div>\n\t\t\t\t<\/div>\n\t\t\t\t<div class=\"elementor-element elementor-element-2b63f51 elementor-align-center elementor-widget elementor-widget-button\" data-id=\"2b63f51\" data-element_type=\"widget\" data-e-type=\"widget\" data-widget_type=\"button.default\">\n\t\t\t\t<div class=\"elementor-widget-container\">\n\t\t\t\t\t\t\t\t\t<div class=\"elementor-button-wrapper\">\n\t\t\t\t\t<a class=\"elementor-button elementor-button-link elementor-size-sm\" href=\"https:\/\/lima.com.tr\/wp-content\/uploads\/2024\/06\/Lima_Politikalar_2023.pdf\" target=\"_blank\">\n\t\t\t\t\t\t<span class=\"elementor-button-content-wrapper\">\n\t\t\t\t\t\t\t\t\t<span class=\"elementor-button-text\">View<\/span>\n\t\t\t\t\t<\/span>\n\t\t\t\t\t<\/a>\n\t\t\t\t<\/div>\n\t\t\t\t\t\t\t\t<\/div>\n\t\t\t\t<\/div>\n\t\t\t\t\t<\/div>\n\t\t<\/div>\n\t\t\t\t<div class=\"elementor-column elementor-col-50 elementor-inner-column elementor-element elementor-element-ca7b617\" data-id=\"ca7b617\" data-element_type=\"column\" data-e-type=\"column\">\n\t\t\t<div class=\"elementor-widget-wrap\">\n\t\t\t\t\t\t\t<\/div>\n\t\t<\/div>\n\t\t\t\t\t<\/div>\n\t\t<\/section>\n\t\t\t\t\t<\/div>\n\t\t<\/div>\n\t\t\t\t\t<\/div>\n\t\t<\/section>\n\t\t\t\t<\/div>","protected":false},"excerpt":{"rendered":"<p>Kalite, Bilgi G\u00fcvenli\u011fi ve \u00c7evre Politikam\u0131z Farkl\u0131l\u0131k ve yarat\u0131c\u0131l\u0131k ilkesi ile end\u00fcstriyel bili\u015fim, otomasyon ve yapay g\u00f6rme sekt\u00f6rlerinde \u00f6rnek g\u00f6sterilen lider kurulu\u015f olmak, \u00dcretim, hizmet ve ticarette; d\u00fcr\u00fcstl\u00fck, g\u00fcven ve kaliteyi \u00f6n planda tutarak, m\u00fc\u015fterilerimizin gereksinim ve beklentilerini a\u015fan \u00e7\u00f6z\u00fcmler sunmak ve en \u00fcst seviyede m\u00fc\u015fteri memnuniyeti sa\u011flamak, Y\u00fcr\u00fcrl\u00fckteki yasal ve d\u00fczenleyici \u015fartlar\u0131 eksiksiz olarak [&hellip;]<\/p>\n","protected":false},"author":8,"featured_media":0,"parent":0,"menu_order":0,"comment_status":"closed","ping_status":"closed","template":"","meta":{"footnotes":""},"class_list":["post-75","page","type-page","status-publish","hentry"],"_links":{"self":[{"href":"https:\/\/lima.com.tr\/en\/wp-json\/wp\/v2\/pages\/75","targetHints":{"allow":["GET"]}}],"collection":[{"href":"https:\/\/lima.com.tr\/en\/wp-json\/wp\/v2\/pages"}],"about":[{"href":"https:\/\/lima.com.tr\/en\/wp-json\/wp\/v2\/types\/page"}],"author":[{"embeddable":true,"href":"https:\/\/lima.com.tr\/en\/wp-json\/wp\/v2\/users\/8"}],"replies":[{"embeddable":true,"href":"https:\/\/lima.com.tr\/en\/wp-json\/wp\/v2\/comments?post=75"}],"version-history":[{"count":5,"href":"https:\/\/lima.com.tr\/en\/wp-json\/wp\/v2\/pages\/75\/revisions"}],"predecessor-version":[{"id":16277,"href":"https:\/\/lima.com.tr\/en\/wp-json\/wp\/v2\/pages\/75\/revisions\/16277"}],"wp:attachment":[{"href":"https:\/\/lima.com.tr\/en\/wp-json\/wp\/v2\/media?parent=75"}],"curies":[{"name":"wp","href":"https:\/\/api.w.org\/{rel}","templated":true}]}}