{"id":73,"date":"2019-06-18T00:00:57","date_gmt":"2019-06-18T00:00:57","guid":{"rendered":"http:\/\/lima.com.tr\/?page_id=73"},"modified":"2024-06-10T15:38:25","modified_gmt":"2024-06-10T12:38:25","slug":"hakkimizda","status":"publish","type":"page","link":"https:\/\/lima.com.tr\/en\/hakkimizda\/","title":{"rendered":"About Us"},"content":{"rendered":"<div data-elementor-type=\"wp-post\" data-elementor-id=\"73\" class=\"elementor elementor-73\" data-elementor-post-type=\"page\">\n\t\t\t\t\t\t<section class=\"elementor-section elementor-top-section elementor-element elementor-element-e45d4af elementor-section-full_width elementor-section-height-default elementor-section-height-default\" data-id=\"e45d4af\" data-element_type=\"section\" data-e-type=\"section\">\n\t\t\t\t\t\t<div class=\"elementor-container elementor-column-gap-no\">\n\t\t\t\t\t<div class=\"elementor-column elementor-col-100 elementor-top-column elementor-element elementor-element-fbb2f10\" data-id=\"fbb2f10\" data-element_type=\"column\" data-e-type=\"column\">\n\t\t\t<div class=\"elementor-widget-wrap elementor-element-populated\">\n\t\t\t\t\t\t<div class=\"elementor-element elementor-element-6ef4f30 elementor-widget elementor-widget-image\" data-id=\"6ef4f30\" data-element_type=\"widget\" data-e-type=\"widget\" data-widget_type=\"image.default\">\n\t\t\t\t<div class=\"elementor-widget-container\">\n\t\t\t\t\t\t\t\t\t\t\t\t\t\t\t<img fetchpriority=\"high\" decoding=\"async\" width=\"800\" height=\"173\" src=\"https:\/\/lima.com.tr\/wp-content\/uploads\/2019\/06\/hakkimizda-1024x222.png\" class=\"attachment-large size-large wp-image-517\" alt=\"\" srcset=\"https:\/\/lima.com.tr\/wp-content\/uploads\/2019\/06\/hakkimizda-1024x222.png 1024w, https:\/\/lima.com.tr\/wp-content\/uploads\/2019\/06\/hakkimizda-600x130.png 600w, https:\/\/lima.com.tr\/wp-content\/uploads\/2019\/06\/hakkimizda-300x65.png 300w, https:\/\/lima.com.tr\/wp-content\/uploads\/2019\/06\/hakkimizda-768x166.png 768w, https:\/\/lima.com.tr\/wp-content\/uploads\/2019\/06\/hakkimizda-1536x333.png 1536w, https:\/\/lima.com.tr\/wp-content\/uploads\/2019\/06\/hakkimizda.png 1921w\" sizes=\"(max-width: 800px) 100vw, 800px\" \/>\t\t\t\t\t\t\t\t\t\t\t\t\t\t\t<\/div>\n\t\t\t\t<\/div>\n\t\t\t\t\t<\/div>\n\t\t<\/div>\n\t\t\t\t\t<\/div>\n\t\t<\/section>\n\t\t\t\t<section class=\"elementor-section elementor-top-section elementor-element elementor-element-bc96496 elementor-section-boxed elementor-section-height-default elementor-section-height-default\" data-id=\"bc96496\" data-element_type=\"section\" data-e-type=\"section\">\n\t\t\t\t\t\t<div class=\"elementor-container elementor-column-gap-default\">\n\t\t\t\t\t<div class=\"elementor-column elementor-col-100 elementor-top-column elementor-element elementor-element-5cada13\" data-id=\"5cada13\" data-element_type=\"column\" data-e-type=\"column\">\n\t\t\t<div class=\"elementor-widget-wrap elementor-element-populated\">\n\t\t\t\t\t\t<div class=\"elementor-element elementor-element-6ae39b4 elementor-widget elementor-widget-heading\" data-id=\"6ae39b4\" data-element_type=\"widget\" data-e-type=\"widget\" data-widget_type=\"heading.default\">\n\t\t\t\t<div class=\"elementor-widget-container\">\n\t\t\t\t\t<h2 class=\"elementor-heading-title elementor-size-default\">Lima Endustriyel Bilgisayar<\/h2>\t\t\t\t<\/div>\n\t\t\t\t<\/div>\n\t\t\t\t<div class=\"elementor-element elementor-element-a322cb6 elementor-widget elementor-widget-text-editor\" data-id=\"a322cb6\" data-element_type=\"widget\" data-e-type=\"widget\" data-widget_type=\"text-editor.default\">\n\t\t\t\t<div class=\"elementor-widget-container\">\n\t\t\t\t\t\t\t\t\t<p>Lima End\u00fcstriyel Bilgisayar, end\u00fcstriyel bili\u015fim, ileti\u015fim ve otomasyon \u00e7\u00f6z\u00fcmleri \u00fcretmek ve da\u011f\u0131t\u0131m\u0131n\u0131 ger\u00e7ekle\u015ftirmek \u00fczere 1995 y\u0131l\u0131nda kurulmu\u015ftur. \u00a0\u00d6ncelikli hedefi T\u00fcrkiye\u2019nin y\u00fckselen sekt\u00f6rlerine kritik ve uzun \u00f6m\u00fcrl\u00fc proje teslimatlar\u0131 yapmak ve end\u00fcstriyel dijitalle\u015fme hamlesine katk\u0131da bulunmakt\u0131r.<\/p><p><span style=\"color: var( --e-global-color-text ); font-family: var( --e-global-typography-text-font-family ); font-weight: var( --e-global-typography-text-font-weight ); font-size: 1rem;\">It is the first company established in Turkey with an industrial computer focus. Lima also realized the production of the first domestic industrial computer with the Jaz series.\u00a0<\/span>D\u00fcnya\u2019da lider konumundaki \u00fcreticilerin end\u00fcstriyel ve askeri kalitedeki bilgisayar, ileti\u015fim, otomasyon ve yapay g\u00f6rme \u00fcr\u00fcnlerinden olu\u015fan \u00e7ok geni\u015f bir \u00fcr\u00fcn portf\u00f6y\u00fc sunmaktad\u0131r. Bu portf\u00f6yle \u00fc<span style=\"color: var( --e-global-color-text ); font-family: var( --e-global-typography-text-font-family ); font-weight: var( --e-global-typography-text-font-weight ); font-size: 1rem;\">retim, makine otomasyonu, ula\u015f\u0131m, telekom\u00fcnikasyon, perakende sekt\u00f6r\u00fc, enerji ve savunma sanayinin projelerinde\u00a0<\/span><span style=\"color: var( --e-global-color-text ); font-family: var( --e-global-typography-text-font-family ); font-weight: var( --e-global-typography-text-font-weight ); font-size: 1rem;\">uzun soluklu \u00e7\u00f6z\u00fcm ortakl\u0131\u011f\u0131 yapmaktad\u0131r.<\/span><\/p><p>\u00a0<\/p><p><span style=\"color: var( --e-global-color-text ); font-family: var( --e-global-typography-text-font-family ); font-weight: var( --e-global-typography-text-font-weight ); font-size: 1rem;\">Lima End\u00fcstriyel Bilgisayar\u00a0 son y\u0131llarda<\/span>\u00a0yapay g\u00f6rme konusuna \u00f6zel \u00f6nem vermektedir. Yeni kurulan i\u015f ortakl\u0131klar\u0131 ve geni\u015fleyen m\u00fchendis kadrosuyla 3D g\u00f6r\u00fcnt\u00fc i\u015fleme ve AI teknolojilerini kullanan yenilik\u00e7i \u00e7\u00f6z\u00fcmler i\u00e7in p<span style=\"color: var( --e-global-color-text ); font-family: var( --e-global-typography-text-font-family ); font-weight: var( --e-global-typography-text-font-weight ); font-size: 1rem;\">rojelendirme ve sat\u0131\u015f sonras\u0131 teknik destek hizmetleri vermektedir.<\/span><span style=\"color: var( --e-global-color-text ); font-family: var( --e-global-typography-text-font-family ); font-weight: var( --e-global-typography-text-font-weight ); font-size: 1rem;\">\u00a0<\/span><\/p>\t\t\t\t\t\t\t\t<\/div>\n\t\t\t\t<\/div>\n\t\t\t\t\t<\/div>\n\t\t<\/div>\n\t\t\t\t\t<\/div>\n\t\t<\/section>\n\t\t\t\t<section class=\"elementor-section elementor-top-section elementor-element elementor-element-f1e70ec elementor-section-boxed elementor-section-height-default elementor-section-height-default\" data-id=\"f1e70ec\" data-element_type=\"section\" data-e-type=\"section\">\n\t\t\t\t\t\t<div class=\"elementor-container elementor-column-gap-default\">\n\t\t\t\t\t<div class=\"elementor-column elementor-col-66 elementor-top-column elementor-element elementor-element-2f1c8a8\" data-id=\"2f1c8a8\" data-element_type=\"column\" data-e-type=\"column\">\n\t\t\t<div class=\"elementor-widget-wrap elementor-element-populated\">\n\t\t\t\t\t\t<div class=\"elementor-element elementor-element-3797702 elementor-widget elementor-widget-image\" data-id=\"3797702\" data-element_type=\"widget\" data-e-type=\"widget\" data-widget_type=\"image.default\">\n\t\t\t\t<div class=\"elementor-widget-container\">\n\t\t\t\t\t\t\t\t\t\t\t\t\t\t\t<img decoding=\"async\" width=\"730\" height=\"254\" src=\"https:\/\/lima.com.tr\/wp-content\/uploads\/2019\/06\/kadin_calisan.png\" class=\"attachment-full size-full wp-image-516\" alt=\"\" srcset=\"https:\/\/lima.com.tr\/wp-content\/uploads\/2019\/06\/kadin_calisan.png 730w, https:\/\/lima.com.tr\/wp-content\/uploads\/2019\/06\/kadin_calisan-600x209.png 600w, https:\/\/lima.com.tr\/wp-content\/uploads\/2019\/06\/kadin_calisan-300x104.png 300w\" sizes=\"(max-width: 730px) 100vw, 730px\" \/>\t\t\t\t\t\t\t\t\t\t\t\t\t\t\t<\/div>\n\t\t\t\t<\/div>\n\t\t\t\t\t<\/div>\n\t\t<\/div>\n\t\t\t\t<div class=\"elementor-column elementor-col-33 elementor-top-column elementor-element elementor-element-bd3ef09\" data-id=\"bd3ef09\" data-element_type=\"column\" data-e-type=\"column\">\n\t\t\t<div class=\"elementor-widget-wrap elementor-element-populated\">\n\t\t\t\t\t\t<div class=\"elementor-element elementor-element-1a4e47b elementor-widget elementor-widget-image\" data-id=\"1a4e47b\" data-element_type=\"widget\" data-e-type=\"widget\" data-widget_type=\"image.default\">\n\t\t\t\t<div class=\"elementor-widget-container\">\n\t\t\t\t\t\t\t\t\t\t\t\t\t\t\t<img decoding=\"async\" width=\"510\" height=\"254\" src=\"https:\/\/lima.com.tr\/wp-content\/uploads\/2019\/06\/el.png\" class=\"attachment-full size-full wp-image-515\" alt=\"\" srcset=\"https:\/\/lima.com.tr\/wp-content\/uploads\/2019\/06\/el.png 510w, https:\/\/lima.com.tr\/wp-content\/uploads\/2019\/06\/el-300x149.png 300w\" sizes=\"(max-width: 510px) 100vw, 510px\" \/>\t\t\t\t\t\t\t\t\t\t\t\t\t\t\t<\/div>\n\t\t\t\t<\/div>\n\t\t\t\t\t<\/div>\n\t\t<\/div>\n\t\t\t\t\t<\/div>\n\t\t<\/section>\n\t\t\t\t<section class=\"elementor-section elementor-top-section elementor-element elementor-element-4cc9255 elementor-section-boxed elementor-section-height-default elementor-section-height-default\" data-id=\"4cc9255\" data-element_type=\"section\" data-e-type=\"section\">\n\t\t\t\t\t\t<div class=\"elementor-container elementor-column-gap-default\">\n\t\t\t\t\t<div class=\"elementor-column elementor-col-100 elementor-top-column elementor-element elementor-element-13dba70\" data-id=\"13dba70\" data-element_type=\"column\" data-e-type=\"column\">\n\t\t\t<div class=\"elementor-widget-wrap elementor-element-populated\">\n\t\t\t\t\t\t<div class=\"elementor-element elementor-element-36cd7bc elementor-widget elementor-widget-image\" data-id=\"36cd7bc\" data-element_type=\"widget\" data-e-type=\"widget\" data-widget_type=\"image.default\">\n\t\t\t\t<div class=\"elementor-widget-container\">\n\t\t\t\t\t\t\t\t\t\t\t\t\t\t\t<img loading=\"lazy\" decoding=\"async\" width=\"1249\" height=\"254\" src=\"https:\/\/lima.com.tr\/wp-content\/uploads\/2019\/06\/adam-pc.png\" class=\"attachment-full size-full wp-image-514\" alt=\"\" srcset=\"https:\/\/lima.com.tr\/wp-content\/uploads\/2019\/06\/adam-pc.png 1249w, https:\/\/lima.com.tr\/wp-content\/uploads\/2019\/06\/adam-pc-600x122.png 600w, https:\/\/lima.com.tr\/wp-content\/uploads\/2019\/06\/adam-pc-300x61.png 300w, https:\/\/lima.com.tr\/wp-content\/uploads\/2019\/06\/adam-pc-1024x208.png 1024w, https:\/\/lima.com.tr\/wp-content\/uploads\/2019\/06\/adam-pc-768x156.png 768w\" sizes=\"(max-width: 1249px) 100vw, 1249px\" \/>\t\t\t\t\t\t\t\t\t\t\t\t\t\t\t<\/div>\n\t\t\t\t<\/div>\n\t\t\t\t\t<\/div>\n\t\t<\/div>\n\t\t\t\t\t<\/div>\n\t\t<\/section>\n\t\t\t\t<section class=\"elementor-section elementor-top-section elementor-element elementor-element-54a0905 elementor-section-boxed elementor-section-height-default elementor-section-height-default\" data-id=\"54a0905\" data-element_type=\"section\" data-e-type=\"section\">\n\t\t\t\t\t\t<div class=\"elementor-container elementor-column-gap-default\">\n\t\t\t\t\t<div class=\"elementor-column elementor-col-16 elementor-top-column elementor-element elementor-element-7952d95\" data-id=\"7952d95\" data-element_type=\"column\" data-e-type=\"column\">\n\t\t\t<div class=\"elementor-widget-wrap elementor-element-populated\">\n\t\t\t\t\t\t<div class=\"elementor-element elementor-element-57f1a5e elementor-position-top elementor-widget elementor-widget-image-box\" data-id=\"57f1a5e\" data-element_type=\"widget\" data-e-type=\"widget\" data-widget_type=\"image-box.default\">\n\t\t\t\t<div class=\"elementor-widget-container\">\n\t\t\t\t\t<div class=\"elementor-image-box-wrapper\"><figure class=\"elementor-image-box-img\"><a href=\"https:\/\/lima.com.tr\/en\/kalite-politikamiz\/\" target=\"_blank\" tabindex=\"-1\"><img loading=\"lazy\" decoding=\"async\" width=\"128\" height=\"128\" src=\"https:\/\/lima.com.tr\/wp-content\/uploads\/2023\/03\/quality-policy.png\" class=\"attachment-full size-full wp-image-14189\" alt=\"\" srcset=\"https:\/\/lima.com.tr\/wp-content\/uploads\/2023\/03\/quality-policy.png 128w, https:\/\/lima.com.tr\/wp-content\/uploads\/2023\/03\/quality-policy-12x12.png 12w, https:\/\/lima.com.tr\/wp-content\/uploads\/2023\/03\/quality-policy-100x100.png 100w\" sizes=\"(max-width: 128px) 100vw, 128px\" \/><\/a><\/figure><div class=\"elementor-image-box-content\"><h3 class=\"elementor-image-box-title\"><a href=\"https:\/\/lima.com.tr\/en\/kalite-politikamiz\/\" target=\"_blank\">Kalite Politikas\u0131<\/a><\/h3><\/div><\/div>\t\t\t\t<\/div>\n\t\t\t\t<\/div>\n\t\t\t\t\t<\/div>\n\t\t<\/div>\n\t\t\t\t<div class=\"elementor-column elementor-col-16 elementor-top-column elementor-element elementor-element-39dc8e8\" data-id=\"39dc8e8\" data-element_type=\"column\" data-e-type=\"column\">\n\t\t\t<div class=\"elementor-widget-wrap elementor-element-populated\">\n\t\t\t\t\t\t<div class=\"elementor-element elementor-element-a065fed elementor-position-top elementor-widget elementor-widget-image-box\" data-id=\"a065fed\" data-element_type=\"widget\" data-e-type=\"widget\" data-widget_type=\"image-box.default\">\n\t\t\t\t<div class=\"elementor-widget-container\">\n\t\t\t\t\t<div class=\"elementor-image-box-wrapper\"><figure class=\"elementor-image-box-img\"><a href=\"http:\/\/lima.com.tr\/en\/hakkimizda\/sertifikalar\/\" tabindex=\"-1\"><img loading=\"lazy\" decoding=\"async\" width=\"128\" height=\"128\" src=\"https:\/\/lima.com.tr\/wp-content\/uploads\/2023\/03\/certificate-2.png\" class=\"attachment-full size-full wp-image-14229\" alt=\"\" srcset=\"https:\/\/lima.com.tr\/wp-content\/uploads\/2023\/03\/certificate-2.png 128w, https:\/\/lima.com.tr\/wp-content\/uploads\/2023\/03\/certificate-2-12x12.png 12w, https:\/\/lima.com.tr\/wp-content\/uploads\/2023\/03\/certificate-2-100x100.png 100w\" sizes=\"(max-width: 128px) 100vw, 128px\" \/><\/a><\/figure><div class=\"elementor-image-box-content\"><h3 class=\"elementor-image-box-title\"><a href=\"http:\/\/lima.com.tr\/en\/hakkimizda\/sertifikalar\/\">Certifications<\/a><\/h3><\/div><\/div>\t\t\t\t<\/div>\n\t\t\t\t<\/div>\n\t\t\t\t\t<\/div>\n\t\t<\/div>\n\t\t\t\t<div class=\"elementor-column elementor-col-16 elementor-top-column elementor-element elementor-element-0c8f719\" data-id=\"0c8f719\" data-element_type=\"column\" data-e-type=\"column\">\n\t\t\t<div class=\"elementor-widget-wrap elementor-element-populated\">\n\t\t\t\t\t\t<div class=\"elementor-element elementor-element-92ad7cf elementor-position-top elementor-widget elementor-widget-image-box\" data-id=\"92ad7cf\" data-element_type=\"widget\" data-e-type=\"widget\" data-widget_type=\"image-box.default\">\n\t\t\t\t<div class=\"elementor-widget-container\">\n\t\t\t\t\t<div class=\"elementor-image-box-wrapper\"><figure class=\"elementor-image-box-img\"><a href=\"https:\/\/lima.com.tr\/en\/kvk_aydinlatma\/\" target=\"_blank\" tabindex=\"-1\"><img loading=\"lazy\" decoding=\"async\" width=\"128\" height=\"128\" src=\"https:\/\/lima.com.tr\/wp-content\/uploads\/2023\/03\/privacy.png\" class=\"attachment-full size-full wp-image-14203\" alt=\"\" srcset=\"https:\/\/lima.com.tr\/wp-content\/uploads\/2023\/03\/privacy.png 128w, https:\/\/lima.com.tr\/wp-content\/uploads\/2023\/03\/privacy-12x12.png 12w, https:\/\/lima.com.tr\/wp-content\/uploads\/2023\/03\/privacy-100x100.png 100w\" sizes=\"(max-width: 128px) 100vw, 128px\" \/><\/a><\/figure><div class=\"elementor-image-box-content\"><h3 class=\"elementor-image-box-title\"><a href=\"https:\/\/lima.com.tr\/en\/kvk_aydinlatma\/\" target=\"_blank\">KVK Politikas\u0131<\/a><\/h3><\/div><\/div>\t\t\t\t<\/div>\n\t\t\t\t<\/div>\n\t\t\t\t\t<\/div>\n\t\t<\/div>\n\t\t\t\t<div class=\"elementor-column elementor-col-16 elementor-top-column elementor-element elementor-element-c09b367\" data-id=\"c09b367\" data-element_type=\"column\" data-e-type=\"column\">\n\t\t\t<div class=\"elementor-widget-wrap\">\n\t\t\t\t\t\t\t<\/div>\n\t\t<\/div>\n\t\t\t\t<div class=\"elementor-column elementor-col-16 elementor-top-column elementor-element elementor-element-528430c\" data-id=\"528430c\" data-element_type=\"column\" data-e-type=\"column\">\n\t\t\t<div class=\"elementor-widget-wrap\">\n\t\t\t\t\t\t\t<\/div>\n\t\t<\/div>\n\t\t\t\t<div class=\"elementor-column elementor-col-16 elementor-top-column elementor-element elementor-element-954a49a\" data-id=\"954a49a\" data-element_type=\"column\" data-e-type=\"column\">\n\t\t\t<div class=\"elementor-widget-wrap\">\n\t\t\t\t\t\t\t<\/div>\n\t\t<\/div>\n\t\t\t\t\t<\/div>\n\t\t<\/section>\n\t\t\t\t<\/div>","protected":false},"excerpt":{"rendered":"<p>Lima End\u00fcstriyel Bilgisayar Lima End\u00fcstriyel Bilgisayar, end\u00fcstriyel bili\u015fim, ileti\u015fim ve otomasyon \u00e7\u00f6z\u00fcmleri \u00fcretmek ve da\u011f\u0131t\u0131m\u0131n\u0131 ger\u00e7ekle\u015ftirmek \u00fczere 1995 y\u0131l\u0131nda kurulmu\u015ftur. \u00a0\u00d6ncelikli hedefi T\u00fcrkiye\u2019nin y\u00fckselen sekt\u00f6rlerine kritik ve uzun \u00f6m\u00fcrl\u00fc proje teslimatlar\u0131 yapmak ve end\u00fcstriyel dijitalle\u015fme hamlesine katk\u0131da bulunmakt\u0131r. T\u00fcrkiye\u2019de End\u00fcstriyel Bilgisayar odakl\u0131 olarak kurulan ilk \u015firkettir. Jaz serisiyle yerli end\u00fcstriyel bilgisayar konusunda ilk \u00fcretimi de [&hellip;]<\/p>\n","protected":false},"author":8,"featured_media":0,"parent":0,"menu_order":0,"comment_status":"closed","ping_status":"closed","template":"","meta":{"footnotes":""},"class_list":["post-73","page","type-page","status-publish","hentry"],"_links":{"self":[{"href":"https:\/\/lima.com.tr\/en\/wp-json\/wp\/v2\/pages\/73","targetHints":{"allow":["GET"]}}],"collection":[{"href":"https:\/\/lima.com.tr\/en\/wp-json\/wp\/v2\/pages"}],"about":[{"href":"https:\/\/lima.com.tr\/en\/wp-json\/wp\/v2\/types\/page"}],"author":[{"embeddable":true,"href":"https:\/\/lima.com.tr\/en\/wp-json\/wp\/v2\/users\/8"}],"replies":[{"embeddable":true,"href":"https:\/\/lima.com.tr\/en\/wp-json\/wp\/v2\/comments?post=73"}],"version-history":[{"count":5,"href":"https:\/\/lima.com.tr\/en\/wp-json\/wp\/v2\/pages\/73\/revisions"}],"predecessor-version":[{"id":16231,"href":"https:\/\/lima.com.tr\/en\/wp-json\/wp\/v2\/pages\/73\/revisions\/16231"}],"wp:attachment":[{"href":"https:\/\/lima.com.tr\/en\/wp-json\/wp\/v2\/media?parent=73"}],"curies":[{"name":"wp","href":"https:\/\/api.w.org\/{rel}","templated":true}]}}