{"id":51,"date":"2019-06-17T23:56:02","date_gmt":"2019-06-17T23:56:02","guid":{"rendered":"http:\/\/lima.com.tr\/?page_id=51"},"modified":"2024-08-07T16:49:50","modified_gmt":"2024-08-07T13:49:50","slug":"endustriyel-otomasyon","status":"publish","type":"page","link":"https:\/\/lima.com.tr\/en\/endustriyel-otomasyon\/","title":{"rendered":"Industrial Automation"},"content":{"rendered":"<div data-elementor-type=\"wp-post\" data-elementor-id=\"51\" class=\"elementor elementor-51\" data-elementor-post-type=\"page\">\n\t\t\t\t\t\t<section class=\"elementor-section elementor-top-section elementor-element elementor-element-e4491d4 elementor-section-boxed elementor-section-height-default elementor-section-height-default\" data-id=\"e4491d4\" data-element_type=\"section\" data-e-type=\"section\">\n\t\t\t\t\t\t<div class=\"elementor-container elementor-column-gap-default\">\n\t\t\t\t\t<div class=\"elementor-column elementor-col-100 elementor-top-column elementor-element elementor-element-f0bc794\" data-id=\"f0bc794\" data-element_type=\"column\" data-e-type=\"column\">\n\t\t\t<div class=\"elementor-widget-wrap elementor-element-populated\">\n\t\t\t\t\t\t<section class=\"elementor-section elementor-inner-section elementor-element elementor-element-966e8d7 elementor-section-boxed elementor-section-height-default elementor-section-height-default\" data-id=\"966e8d7\" data-element_type=\"section\" data-e-type=\"section\" data-settings=\"{&quot;shape_divider_bottom&quot;:&quot;opacity-tilt&quot;}\">\n\t\t\t\t\t<div class=\"elementor-shape elementor-shape-bottom\" aria-hidden=\"true\" data-negative=\"false\">\n\t\t\t<svg xmlns=\"http:\/\/www.w3.org\/2000\/svg\" viewbox=\"0 0 2600 131.1\" preserveaspectratio=\"none\">\n\t<path class=\"elementor-shape-fill\" d=\"M0 0L2600 0 2600 69.1 0 0z\"\/>\n\t<path class=\"elementor-shape-fill\" style=\"opacity:0.5\" d=\"M0 0L2600 0 2600 69.1 0 69.1z\"\/>\n\t<path class=\"elementor-shape-fill\" style=\"opacity:0.25\" d=\"M2600 0L0 0 0 130.1 2600 69.1z\"\/>\n<\/svg>\t\t<\/div>\n\t\t\t\t\t<div class=\"elementor-container elementor-column-gap-default\">\n\t\t\t\t\t<div class=\"elementor-column elementor-col-50 elementor-inner-column elementor-element elementor-element-d41cf5b\" data-id=\"d41cf5b\" data-element_type=\"column\" data-e-type=\"column\">\n\t\t\t<div class=\"elementor-widget-wrap elementor-element-populated\">\n\t\t\t\t\t\t<div class=\"elementor-element elementor-element-900be66 elementor-widget elementor-widget-heading\" data-id=\"900be66\" data-element_type=\"widget\" data-e-type=\"widget\" data-widget_type=\"heading.default\">\n\t\t\t\t<div class=\"elementor-widget-container\">\n\t\t\t\t\t<h2 class=\"elementor-heading-title elementor-size-default\">Industrial Automation<\/h2>\t\t\t\t<\/div>\n\t\t\t\t<\/div>\n\t\t\t\t<div class=\"elementor-element elementor-element-235967a elementor-widget elementor-widget-text-editor\" data-id=\"235967a\" data-element_type=\"widget\" data-e-type=\"widget\" data-widget_type=\"text-editor.default\">\n\t\t\t\t<div class=\"elementor-widget-container\">\n\t\t\t\t\t\t\t\t\t<p>Otomasyon uygulamalar\u0131n\u0131n en temel i\u015flevleri olan sens\u00f6r ve makinelerden sinyal toplama, kontrol, g\u00f6rselle\u015ftirme ve iletimini sa\u011flayan donan\u0131m ve yaz\u0131mlar\u0131 kapsar. Bu ama\u00e7la; \u00f6zel insan-makine aray\u00fczleri (HMI), sinyal giri\u015f\/\u00e7\u0131k\u0131\u015f kart\u0131 ve mod\u00fclleri, otomasyon denetleyiciler ve sinyal d\u00f6n\u00fc\u015ft\u00fcr\u00fcc\u00fc ayg\u0131tlar ve SCADA yaz\u0131l\u0131mlar\u0131 kullan\u0131l\u0131r.<\/p>\t\t\t\t\t\t\t\t<\/div>\n\t\t\t\t<\/div>\n\t\t\t\t<div class=\"elementor-element elementor-element-9d5e03f elementor-button-info elementor-align-right elementor-widget elementor-widget-button\" data-id=\"9d5e03f\" data-element_type=\"widget\" data-e-type=\"widget\" data-widget_type=\"button.default\">\n\t\t\t\t<div class=\"elementor-widget-container\">\n\t\t\t\t\t\t\t\t\t<div class=\"elementor-button-wrapper\">\n\t\t\t\t\t<a class=\"elementor-button elementor-button-link elementor-size-sm\" href=\"#anchor-urun-gruplari\">\n\t\t\t\t\t\t<span class=\"elementor-button-content-wrapper\">\n\t\t\t\t\t\t\t\t\t<span class=\"elementor-button-text\">Product Groups<\/span>\n\t\t\t\t\t<\/span>\n\t\t\t\t\t<\/a>\n\t\t\t\t<\/div>\n\t\t\t\t\t\t\t\t<\/div>\n\t\t\t\t<\/div>\n\t\t\t\t\t<\/div>\n\t\t<\/div>\n\t\t\t\t<div class=\"elementor-column elementor-col-50 elementor-inner-column elementor-element elementor-element-608c8a3\" data-id=\"608c8a3\" data-element_type=\"column\" data-e-type=\"column\">\n\t\t\t<div class=\"elementor-widget-wrap elementor-element-populated\">\n\t\t\t\t\t\t<div class=\"elementor-element elementor-element-6845645 elementor-widget__width-initial elementor-widget elementor-widget-image\" data-id=\"6845645\" data-element_type=\"widget\" data-e-type=\"widget\" data-widget_type=\"image.default\">\n\t\t\t\t<div class=\"elementor-widget-container\">\n\t\t\t\t\t\t\t\t\t\t\t\t\t\t\t<img fetchpriority=\"high\" decoding=\"async\" width=\"480\" height=\"480\" src=\"https:\/\/lima.com.tr\/wp-content\/uploads\/2024\/08\/endustriyel-otomasyon-s.png\" class=\"attachment-medium_large size-medium_large wp-image-17161\" alt=\"\" srcset=\"https:\/\/lima.com.tr\/wp-content\/uploads\/2024\/08\/endustriyel-otomasyon-s.png 480w, https:\/\/lima.com.tr\/wp-content\/uploads\/2024\/08\/endustriyel-otomasyon-s-300x300.png 300w, https:\/\/lima.com.tr\/wp-content\/uploads\/2024\/08\/endustriyel-otomasyon-s-150x150.png 150w, https:\/\/lima.com.tr\/wp-content\/uploads\/2024\/08\/endustriyel-otomasyon-s-12x12.png 12w, https:\/\/lima.com.tr\/wp-content\/uploads\/2024\/08\/endustriyel-otomasyon-s-100x100.png 100w, https:\/\/lima.com.tr\/wp-content\/uploads\/2024\/08\/elementor\/thumbs\/endustriyel-otomasyon-s-qs49e9399jf9yblvqqitwxbi335lou91gmrsa10utc.png 128w\" sizes=\"(max-width: 480px) 100vw, 480px\" \/>\t\t\t\t\t\t\t\t\t\t\t\t\t\t\t<\/div>\n\t\t\t\t<\/div>\n\t\t\t\t\t<\/div>\n\t\t<\/div>\n\t\t\t\t\t<\/div>\n\t\t<\/section>\n\t\t\t\t\t<\/div>\n\t\t<\/div>\n\t\t\t\t\t<\/div>\n\t\t<\/section>\n\t\t\t\t<section class=\"elementor-section elementor-top-section elementor-element elementor-element-12bd4da elementor-section-boxed elementor-section-height-default elementor-section-height-default\" data-id=\"12bd4da\" data-element_type=\"section\" data-e-type=\"section\" id=\"anchor-urun-gruplari\" data-settings=\"{&quot;background_background&quot;:&quot;classic&quot;}\">\n\t\t\t\t\t\t\t<div class=\"elementor-background-overlay\"><\/div>\n\t\t\t\t\t\t\t<div class=\"elementor-container elementor-column-gap-default\">\n\t\t\t\t\t<div class=\"elementor-column elementor-col-100 elementor-top-column elementor-element elementor-element-4812971\" data-id=\"4812971\" data-element_type=\"column\" data-e-type=\"column\">\n\t\t\t<div class=\"elementor-widget-wrap elementor-element-populated\">\n\t\t\t\t\t\t<div class=\"elementor-element elementor-element-f65eafc elementor-widget elementor-widget-woocommerce-breadcrumb\" data-id=\"f65eafc\" data-element_type=\"widget\" data-e-type=\"widget\" data-widget_type=\"woocommerce-breadcrumb.default\">\n\t\t\t\t<div class=\"elementor-widget-container\">\n\t\t\t\t\t<nav class=\"woocommerce-breadcrumb\" aria-label=\"Breadcrumb\" data-no-translation=\"\" data-trp-gettext=\"\">Home<\/nav>\t\t\t\t<\/div>\n\t\t\t\t<\/div>\n\t\t\t\t<div class=\"elementor-element elementor-element-259d1d2 elementor-widget elementor-widget-heading\" data-id=\"259d1d2\" data-element_type=\"widget\" data-e-type=\"widget\" data-widget_type=\"heading.default\">\n\t\t\t\t<div class=\"elementor-widget-container\">\n\t\t\t\t\t<h2 class=\"elementor-heading-title elementor-size-default\">Product Groups<\/h2>\t\t\t\t<\/div>\n\t\t\t\t<\/div>\n\t\t\t\t<section class=\"elementor-section elementor-inner-section elementor-element elementor-element-3ee44b2 elementor-section-boxed elementor-section-height-default elementor-section-height-default\" data-id=\"3ee44b2\" data-element_type=\"section\" data-e-type=\"section\">\n\t\t\t\t\t\t<div class=\"elementor-container elementor-column-gap-default\">\n\t\t\t\t\t<div class=\"elementor-column elementor-col-100 elementor-inner-column elementor-element elementor-element-d2844f2\" data-id=\"d2844f2\" data-element_type=\"column\" data-e-type=\"column\">\n\t\t\t<div class=\"elementor-widget-wrap elementor-element-populated\">\n\t\t\t\t\t\t<div class=\"elementor-element elementor-element-18b3603 elementor-grid-5 elementor-product-loop-item--align-center elementor-grid-tablet-3 elementor-grid-mobile-2 elementor-products-grid elementor-wc-products elementor-widget elementor-widget-wc-categories\" data-id=\"18b3603\" data-element_type=\"widget\" data-e-type=\"widget\" data-widget_type=\"wc-categories.default\">\n\t\t\t\t<div class=\"elementor-widget-container\">\n\t\t\t\t\t<div class=\"woocommerce columns-5\"><ul class=\"products elementor-grid columns-5\">\n<li class=\"product-category product first\">\n\t<a aria-label=\"Visit product category Da\u011f\u0131t\u0131k G\/\u00c7 Mod\u00fclleri\" href=\"https:\/\/lima.com.tr\/en\/product-category\/endustriyel-otomasyon\/dagitik-g-c-modulleri\/\" data-no-translation-aria-label=\"\"><img decoding=\"async\" src=\"https:\/\/lima.com.tr\/wp-content\/uploads\/2019\/08\/ADAM-6251.png\" alt=\"Da\u011f\u0131t\u0131k G\/\u00c7 Mod\u00fclleri\" width=\"300\" height=\"300\" srcset=\"https:\/\/lima.com.tr\/wp-content\/uploads\/2019\/08\/ADAM-6251.png 160w, https:\/\/lima.com.tr\/wp-content\/uploads\/2019\/08\/ADAM-6251-100x100.png 100w, https:\/\/lima.com.tr\/wp-content\/uploads\/2019\/08\/ADAM-6251-150x150.png 150w\" sizes=\"(max-width: 160px) 100vw, 160px\" \/>\t\t<h2 class=\"woocommerce-loop-category__title\">\n\t\t\tDistributed I \/ O Modules <mark class=\"count\">(2)<\/mark>\t\t<\/h2>\n\t\t<\/a><\/li>\n<li class=\"product-category product\">\n\t<a aria-label=\"Visit product category End\u00fcstriyel Otomasyon Aksesuarlar\u0131\" href=\"https:\/\/lima.com.tr\/en\/product-category\/endustriyel-otomasyon\/endustriyel-otomasyon-aksesuarlari\/\" data-no-translation-aria-label=\"\"><img decoding=\"async\" src=\"https:\/\/lima.com.tr\/wp-content\/uploads\/2019\/08\/ADAM-3920.png\" alt=\"End\u00fcstriyel Otomasyon Aksesuarlar\u0131\" width=\"300\" height=\"300\" srcset=\"https:\/\/lima.com.tr\/wp-content\/uploads\/2019\/08\/ADAM-3920.png 220w, https:\/\/lima.com.tr\/wp-content\/uploads\/2019\/08\/ADAM-3920-100x100.png 100w, https:\/\/lima.com.tr\/wp-content\/uploads\/2019\/08\/ADAM-3920-150x150.png 150w\" sizes=\"(max-width: 220px) 100vw, 220px\" \/>\t\t<h2 class=\"woocommerce-loop-category__title\">\n\t\t\tIndustrial Automation Accessories\t\t<\/h2>\n\t\t<\/a><\/li>\n<li class=\"product-category product\">\n\t<a aria-label=\"Visit product category Veri Toplama Kartlar\u0131 \/ Mod\u00fclleri\" href=\"https:\/\/lima.com.tr\/en\/product-category\/endustriyel-otomasyon\/veri-toplama-kartlari-modulleri\/\" data-no-translation-aria-label=\"\"><img loading=\"lazy\" decoding=\"async\" src=\"https:\/\/lima.com.tr\/wp-content\/uploads\/2019\/08\/PCIE-1802-300x300.png\" alt=\"Veri Toplama Kartlar\u0131 \/ Mod\u00fclleri\" width=\"300\" height=\"300\" srcset=\"https:\/\/lima.com.tr\/wp-content\/uploads\/2019\/08\/PCIE-1802-300x300.png 300w, https:\/\/lima.com.tr\/wp-content\/uploads\/2019\/08\/PCIE-1802-100x100.png 100w, https:\/\/lima.com.tr\/wp-content\/uploads\/2019\/08\/PCIE-1802-150x150.png 150w\" sizes=\"(max-width: 300px) 100vw, 300px\" \/>\t\t<h2 class=\"woocommerce-loop-category__title\">\n\t\t\tData Acquisition Cards \/ Modules\t\t<\/h2>\n\t\t<\/a><\/li>\n<\/ul>\n<\/div>\t\t\t\t<\/div>\n\t\t\t\t<\/div>\n\t\t\t\t\t<\/div>\n\t\t<\/div>\n\t\t\t\t\t<\/div>\n\t\t<\/section>\n\t\t\t\t\t<\/div>\n\t\t<\/div>\n\t\t\t\t\t<\/div>\n\t\t<\/section>\n\t\t\t\t<section class=\"elementor-section elementor-top-section elementor-element elementor-element-0705556 elementor-section-boxed elementor-section-height-default elementor-section-height-default\" data-id=\"0705556\" data-element_type=\"section\" data-e-type=\"section\" data-settings=\"{&quot;background_background&quot;:&quot;classic&quot;}\">\n\t\t\t\t\t\t\t<div class=\"elementor-background-overlay\"><\/div>\n\t\t\t\t\t\t\t<div class=\"elementor-container elementor-column-gap-default\">\n\t\t\t\t\t<div class=\"elementor-column elementor-col-100 elementor-top-column elementor-element elementor-element-98cb29f\" data-id=\"98cb29f\" data-element_type=\"column\" data-e-type=\"column\">\n\t\t\t<div class=\"elementor-widget-wrap elementor-element-populated\">\n\t\t\t\t\t\t<div class=\"elementor-element elementor-element-e911c8e elementor-widget elementor-widget-heading\" data-id=\"e911c8e\" data-element_type=\"widget\" data-e-type=\"widget\" data-widget_type=\"heading.default\">\n\t\t\t\t<div class=\"elementor-widget-container\">\n\t\t\t\t\t<h2 class=\"elementor-heading-title elementor-size-default\">Solutions \/ Products<\/h2>\t\t\t\t<\/div>\n\t\t\t\t<\/div>\n\t\t\t\t<section class=\"elementor-section elementor-inner-section elementor-element elementor-element-655f522 elementor-section-content-middle elementor-section-boxed elementor-section-height-default elementor-section-height-default\" data-id=\"655f522\" data-element_type=\"section\" data-e-type=\"section\">\n\t\t\t\t\t\t<div class=\"elementor-container elementor-column-gap-default\">\n\t\t\t\t\t<div class=\"elementor-column elementor-col-25 elementor-inner-column elementor-element elementor-element-adb6b84\" data-id=\"adb6b84\" data-element_type=\"column\" data-e-type=\"column\">\n\t\t\t<div class=\"elementor-widget-wrap elementor-element-populated\">\n\t\t\t\t\t\t<div class=\"elementor-element elementor-element-546dfb3 elementor-position-left elementor-vertical-align-middle elementor-widget elementor-widget-image-box\" data-id=\"546dfb3\" data-element_type=\"widget\" data-e-type=\"widget\" data-widget_type=\"image-box.default\">\n\t\t\t\t<div class=\"elementor-widget-container\">\n\t\t\t\t\t<div class=\"elementor-image-box-wrapper\"><figure class=\"elementor-image-box-img\"><a href=\"http:\/\/lima.com.tr\/en\/endustriyel-bilisim\/\" tabindex=\"-1\"><img loading=\"lazy\" decoding=\"async\" width=\"300\" height=\"300\" src=\"https:\/\/lima.com.tr\/wp-content\/uploads\/2024\/08\/endustriyel-bilisim-s-300x300.png\" class=\"attachment-medium size-medium wp-image-17168\" alt=\"End\u00fcstriyel Biili\u015fim\" srcset=\"https:\/\/lima.com.tr\/wp-content\/uploads\/2024\/08\/endustriyel-bilisim-s-300x300.png 300w, https:\/\/lima.com.tr\/wp-content\/uploads\/2024\/08\/endustriyel-bilisim-s-150x150.png 150w, https:\/\/lima.com.tr\/wp-content\/uploads\/2024\/08\/endustriyel-bilisim-s-12x12.png 12w, https:\/\/lima.com.tr\/wp-content\/uploads\/2024\/08\/endustriyel-bilisim-s-100x100.png 100w, https:\/\/lima.com.tr\/wp-content\/uploads\/2024\/08\/elementor\/thumbs\/endustriyel-bilisim-s-qs4ahr92hvi3wc842b9d7gfwv2fy6w2x85tfdog7b4.png 128w, https:\/\/lima.com.tr\/wp-content\/uploads\/2024\/08\/endustriyel-bilisim-s.png 480w\" sizes=\"(max-width: 300px) 100vw, 300px\" \/><\/a><\/figure><div class=\"elementor-image-box-content\"><h3 class=\"elementor-image-box-title\"><a href=\"http:\/\/lima.com.tr\/en\/endustriyel-bilisim\/\">Industrial Computing<\/a><\/h3><\/div><\/div>\t\t\t\t<\/div>\n\t\t\t\t<\/div>\n\t\t\t\t\t<\/div>\n\t\t<\/div>\n\t\t\t\t<div class=\"elementor-column elementor-col-25 elementor-inner-column elementor-element elementor-element-1e7471c\" data-id=\"1e7471c\" data-element_type=\"column\" data-e-type=\"column\">\n\t\t\t<div class=\"elementor-widget-wrap elementor-element-populated\">\n\t\t\t\t\t\t<div class=\"elementor-element elementor-element-ab4d65c elementor-position-left elementor-vertical-align-middle elementor-widget elementor-widget-image-box\" data-id=\"ab4d65c\" data-element_type=\"widget\" data-e-type=\"widget\" data-widget_type=\"image-box.default\">\n\t\t\t\t<div class=\"elementor-widget-container\">\n\t\t\t\t\t<div class=\"elementor-image-box-wrapper\"><figure class=\"elementor-image-box-img\"><a href=\"http:\/\/lima.com.tr\/en\/endustriyel-iletisim\/\" tabindex=\"-1\"><img loading=\"lazy\" decoding=\"async\" width=\"300\" height=\"300\" src=\"https:\/\/lima.com.tr\/wp-content\/uploads\/2024\/08\/endustriyel-iletisim-new-300x300.png\" class=\"attachment-medium size-medium wp-image-17187\" alt=\"End\u00fcstriyel i\u0130eti\u015fim\" srcset=\"https:\/\/lima.com.tr\/wp-content\/uploads\/2024\/08\/endustriyel-iletisim-new-300x300.png 300w, https:\/\/lima.com.tr\/wp-content\/uploads\/2024\/08\/endustriyel-iletisim-new-1024x1024.png 1024w, https:\/\/lima.com.tr\/wp-content\/uploads\/2024\/08\/endustriyel-iletisim-new-150x150.png 150w, https:\/\/lima.com.tr\/wp-content\/uploads\/2024\/08\/endustriyel-iletisim-new-768x768.png 768w, https:\/\/lima.com.tr\/wp-content\/uploads\/2024\/08\/endustriyel-iletisim-new-12x12.png 12w, https:\/\/lima.com.tr\/wp-content\/uploads\/2024\/08\/endustriyel-iletisim-new-600x600.png 600w, https:\/\/lima.com.tr\/wp-content\/uploads\/2024\/08\/endustriyel-iletisim-new-100x100.png 100w, https:\/\/lima.com.tr\/wp-content\/uploads\/2024\/08\/elementor\/thumbs\/endustriyel-iletisim-new-qs4bmtt749q56ykf8kdinlbza60bis4p7g079xjxfk.png 128w, https:\/\/lima.com.tr\/wp-content\/uploads\/2024\/08\/endustriyel-iletisim-new.png 1410w\" sizes=\"(max-width: 300px) 100vw, 300px\" \/><\/a><\/figure><div class=\"elementor-image-box-content\"><h3 class=\"elementor-image-box-title\"><a href=\"http:\/\/lima.com.tr\/en\/endustriyel-iletisim\/\">Industrial Communication<\/a><\/h3><\/div><\/div>\t\t\t\t<\/div>\n\t\t\t\t<\/div>\n\t\t\t\t\t<\/div>\n\t\t<\/div>\n\t\t\t\t<div class=\"elementor-column elementor-col-25 elementor-inner-column elementor-element elementor-element-fdf8489\" data-id=\"fdf8489\" data-element_type=\"column\" data-e-type=\"column\">\n\t\t\t<div class=\"elementor-widget-wrap elementor-element-populated\">\n\t\t\t\t\t\t<div class=\"elementor-element elementor-element-14ce4e8 elementor-position-left elementor-vertical-align-middle elementor-widget elementor-widget-image-box\" data-id=\"14ce4e8\" data-element_type=\"widget\" data-e-type=\"widget\" data-widget_type=\"image-box.default\">\n\t\t\t\t<div class=\"elementor-widget-container\">\n\t\t\t\t\t<div class=\"elementor-image-box-wrapper\"><figure class=\"elementor-image-box-img\"><a href=\"http:\/\/lima.com.tr\/en\/endustriyel-otomasyon\/\" tabindex=\"-1\"><img loading=\"lazy\" decoding=\"async\" width=\"300\" height=\"300\" src=\"https:\/\/lima.com.tr\/wp-content\/uploads\/2024\/08\/endustriyel-otomasyon-s-300x300.png\" class=\"attachment-medium size-medium wp-image-17161\" alt=\"\" srcset=\"https:\/\/lima.com.tr\/wp-content\/uploads\/2024\/08\/endustriyel-otomasyon-s-300x300.png 300w, https:\/\/lima.com.tr\/wp-content\/uploads\/2024\/08\/endustriyel-otomasyon-s-150x150.png 150w, https:\/\/lima.com.tr\/wp-content\/uploads\/2024\/08\/endustriyel-otomasyon-s-12x12.png 12w, https:\/\/lima.com.tr\/wp-content\/uploads\/2024\/08\/endustriyel-otomasyon-s-100x100.png 100w, https:\/\/lima.com.tr\/wp-content\/uploads\/2024\/08\/elementor\/thumbs\/endustriyel-otomasyon-s-qs49e9399jf9yblvqqitwxbi335lou91gmrsa10utc.png 128w, https:\/\/lima.com.tr\/wp-content\/uploads\/2024\/08\/endustriyel-otomasyon-s.png 480w\" sizes=\"(max-width: 300px) 100vw, 300px\" \/><\/a><\/figure><div class=\"elementor-image-box-content\"><h3 class=\"elementor-image-box-title\"><a href=\"http:\/\/lima.com.tr\/en\/endustriyel-otomasyon\/\">Industrial Automation<\/a><\/h3><\/div><\/div>\t\t\t\t<\/div>\n\t\t\t\t<\/div>\n\t\t\t\t\t<\/div>\n\t\t<\/div>\n\t\t\t\t<div class=\"elementor-column elementor-col-25 elementor-inner-column elementor-element elementor-element-671fd71\" data-id=\"671fd71\" data-element_type=\"column\" data-e-type=\"column\">\n\t\t\t<div class=\"elementor-widget-wrap elementor-element-populated\">\n\t\t\t\t\t\t<div class=\"elementor-element elementor-element-92086dc elementor-position-left elementor-vertical-align-middle elementor-widget elementor-widget-image-box\" data-id=\"92086dc\" data-element_type=\"widget\" data-e-type=\"widget\" data-widget_type=\"image-box.default\">\n\t\t\t\t<div class=\"elementor-widget-container\">\n\t\t\t\t\t<div class=\"elementor-image-box-wrapper\"><figure class=\"elementor-image-box-img\"><a href=\"http:\/\/lima.com.tr\/en\/yapay-gorme\/\" tabindex=\"-1\"><img loading=\"lazy\" decoding=\"async\" width=\"300\" height=\"300\" src=\"https:\/\/lima.com.tr\/wp-content\/uploads\/2024\/08\/yapay-gorme-big2-300x300.png\" class=\"attachment-medium size-medium wp-image-17086\" alt=\"Yapay G\u00f6rme - Lima\" srcset=\"https:\/\/lima.com.tr\/wp-content\/uploads\/2024\/08\/yapay-gorme-big2-300x300.png 300w, https:\/\/lima.com.tr\/wp-content\/uploads\/2024\/08\/yapay-gorme-big2-1024x1024.png 1024w, https:\/\/lima.com.tr\/wp-content\/uploads\/2024\/08\/yapay-gorme-big2-150x150.png 150w, https:\/\/lima.com.tr\/wp-content\/uploads\/2024\/08\/yapay-gorme-big2-768x768.png 768w, https:\/\/lima.com.tr\/wp-content\/uploads\/2024\/08\/yapay-gorme-big2-12x12.png 12w, https:\/\/lima.com.tr\/wp-content\/uploads\/2024\/08\/yapay-gorme-big2-600x600.png 600w, https:\/\/lima.com.tr\/wp-content\/uploads\/2024\/08\/yapay-gorme-big2-100x100.png 100w, https:\/\/lima.com.tr\/wp-content\/uploads\/2024\/08\/yapay-gorme-big2.png 1400w\" sizes=\"(max-width: 300px) 100vw, 300px\" \/><\/a><\/figure><div class=\"elementor-image-box-content\"><h3 class=\"elementor-image-box-title\"><a href=\"http:\/\/lima.com.tr\/en\/yapay-gorme\/\">Machine Vision<\/a><\/h3><\/div><\/div>\t\t\t\t<\/div>\n\t\t\t\t<\/div>\n\t\t\t\t\t<\/div>\n\t\t<\/div>\n\t\t\t\t\t<\/div>\n\t\t<\/section>\n\t\t\t\t\t<\/div>\n\t\t<\/div>\n\t\t\t\t\t<\/div>\n\t\t<\/section>\n\t\t\t\t<\/div>","protected":false},"excerpt":{"rendered":"<p>End\u00fcstriyel Otomasyon Otomasyon uygulamalar\u0131n\u0131n en temel i\u015flevleri olan sens\u00f6r ve makinelerden sinyal toplama, kontrol, g\u00f6rselle\u015ftirme ve iletimini sa\u011flayan donan\u0131m ve yaz\u0131mlar\u0131 kapsar. Bu ama\u00e7la; \u00f6zel insan-makine aray\u00fczleri (HMI), sinyal giri\u015f\/\u00e7\u0131k\u0131\u015f kart\u0131 ve mod\u00fclleri, otomasyon denetleyiciler ve sinyal d\u00f6n\u00fc\u015ft\u00fcr\u00fcc\u00fc ayg\u0131tlar ve SCADA yaz\u0131l\u0131mlar\u0131 kullan\u0131l\u0131r. \u00dcr\u00fcn Gruplar\u0131 \u00dcr\u00fcn Gruplar\u0131 \u00c7\u00f6z\u00fcmler \/ \u00dcr\u00fcnler End\u00fcstriyel Bili\u015fim End\u00fcstriyel \u0130leti\u015fim End\u00fcstriyel [&hellip;]<\/p>\n","protected":false},"author":8,"featured_media":0,"parent":0,"menu_order":0,"comment_status":"closed","ping_status":"closed","template":"","meta":{"footnotes":""},"class_list":["post-51","page","type-page","status-publish","hentry"],"_links":{"self":[{"href":"https:\/\/lima.com.tr\/en\/wp-json\/wp\/v2\/pages\/51","targetHints":{"allow":["GET"]}}],"collection":[{"href":"https:\/\/lima.com.tr\/en\/wp-json\/wp\/v2\/pages"}],"about":[{"href":"https:\/\/lima.com.tr\/en\/wp-json\/wp\/v2\/types\/page"}],"author":[{"embeddable":true,"href":"https:\/\/lima.com.tr\/en\/wp-json\/wp\/v2\/users\/8"}],"replies":[{"embeddable":true,"href":"https:\/\/lima.com.tr\/en\/wp-json\/wp\/v2\/comments?post=51"}],"version-history":[{"count":5,"href":"https:\/\/lima.com.tr\/en\/wp-json\/wp\/v2\/pages\/51\/revisions"}],"predecessor-version":[{"id":17472,"href":"https:\/\/lima.com.tr\/en\/wp-json\/wp\/v2\/pages\/51\/revisions\/17472"}],"wp:attachment":[{"href":"https:\/\/lima.com.tr\/en\/wp-json\/wp\/v2\/media?parent=51"}],"curies":[{"name":"wp","href":"https:\/\/api.w.org\/{rel}","templated":true}]}}