{"id":17772,"date":"2024-08-20T13:42:39","date_gmt":"2024-08-20T10:42:39","guid":{"rendered":"https:\/\/lima.com.tr\/?page_id=17772"},"modified":"2024-08-20T15:48:23","modified_gmt":"2024-08-20T12:48:23","slug":"kowa","status":"publish","type":"page","link":"https:\/\/lima.com.tr\/en\/is-ortagi\/kowa\/","title":{"rendered":"Kowa"},"content":{"rendered":"<div data-elementor-type=\"wp-page\" data-elementor-id=\"17772\" class=\"elementor elementor-17772\" data-elementor-post-type=\"page\">\n\t\t\t\t\t\t<section class=\"elementor-section elementor-top-section elementor-element elementor-element-72511d5 elementor-section-boxed elementor-section-height-default elementor-section-height-default\" data-id=\"72511d5\" data-element_type=\"section\" data-e-type=\"section\">\n\t\t\t\t\t\t<div class=\"elementor-container elementor-column-gap-default\">\n\t\t\t\t\t<div class=\"elementor-column elementor-col-100 elementor-top-column elementor-element elementor-element-fd1a0d8\" data-id=\"fd1a0d8\" data-element_type=\"column\" data-e-type=\"column\">\n\t\t\t<div class=\"elementor-widget-wrap elementor-element-populated\">\n\t\t\t\t\t\t<section class=\"elementor-section elementor-inner-section elementor-element elementor-element-5c461e9 elementor-section-boxed elementor-section-height-default elementor-section-height-default\" data-id=\"5c461e9\" data-element_type=\"section\" data-e-type=\"section\" data-settings=\"{&quot;shape_divider_bottom&quot;:&quot;opacity-tilt&quot;}\">\n\t\t\t\t\t<div class=\"elementor-shape elementor-shape-bottom\" aria-hidden=\"true\" data-negative=\"false\">\n\t\t\t<svg xmlns=\"http:\/\/www.w3.org\/2000\/svg\" viewbox=\"0 0 2600 131.1\" preserveaspectratio=\"none\">\n\t<path class=\"elementor-shape-fill\" d=\"M0 0L2600 0 2600 69.1 0 0z\"\/>\n\t<path class=\"elementor-shape-fill\" style=\"opacity:0.5\" d=\"M0 0L2600 0 2600 69.1 0 69.1z\"\/>\n\t<path class=\"elementor-shape-fill\" style=\"opacity:0.25\" d=\"M2600 0L0 0 0 130.1 2600 69.1z\"\/>\n<\/svg>\t\t<\/div>\n\t\t\t\t\t<div class=\"elementor-container elementor-column-gap-default\">\n\t\t\t\t\t<div class=\"elementor-column elementor-col-50 elementor-inner-column elementor-element elementor-element-6e08df0\" data-id=\"6e08df0\" data-element_type=\"column\" data-e-type=\"column\" data-settings=\"{&quot;background_background&quot;:&quot;gradient&quot;}\">\n\t\t\t<div class=\"elementor-widget-wrap elementor-element-populated\">\n\t\t\t\t\t<div class=\"elementor-background-overlay\"><\/div>\n\t\t\t\t\t\t<div class=\"elementor-element elementor-element-fc95176 elementor-widget elementor-widget-text-editor\" data-id=\"fc95176\" data-element_type=\"widget\" data-e-type=\"widget\" data-widget_type=\"text-editor.default\">\n\t\t\t\t<div class=\"elementor-widget-container\">\n\t\t\t\t\t\t\t\t\tKowa Optimed, Japonya\u2019daki en b\u00fcy\u00fck \u00f6zel \u015firketlerden biri olan Kowa Company Limited\u2019in bir alt kurulu\u015fudur. 1894 y\u0131l\u0131nda kurulan Kowa; optik, ecza kimyasallar\u0131, ya\u015fam bilimleri, tekstil ve \u00e7e\u015fitli t\u00fcketici \u00fcr\u00fcnleri alanlar\u0131nda \u00e7e\u015fitli \u00fcretim ve ticaret faaliyetlerinde bulunan \u00e7ok uluslu bir Japon \u015firketidir.\n<br><br>\nKowa\u2019n\u0131n elektronik ve optik b\u00f6l\u00fcm\u00fc, 1940\u2019larda lens \u00fcretimine ba\u015flam\u0131\u015ft\u0131r. Ge\u00e7en s\u00fcrede CCTV (g\u00fcvenlik), yapay g\u00f6rme ve trafik kontrol\u00fc kategorilerindeki lens \u00fcr\u00fcn serileri, pazardaki en geli\u015fkin \u00fcr\u00fcnler haline gelmi\u015f durumdad\u0131r.\n<br><br>\nLima End\u00fcstriyel Bilgisayar olarak Kowa\u2019n\u0131n t\u00fcm yapay g\u00f6rme lens (objektif) portf\u00f6y\u00fcn\u00fcn T\u00fcrkiye\u2019deki sat\u0131\u015flar\u0131n\u0131 y\u00fcr\u00fctmekteyiz.\n<br><br><br>\t\t\t\t\t\t\t\t<\/div>\n\t\t\t\t<\/div>\n\t\t\t\t\t<\/div>\n\t\t<\/div>\n\t\t\t\t<div class=\"elementor-column elementor-col-50 elementor-inner-column elementor-element elementor-element-9d36ade\" data-id=\"9d36ade\" data-element_type=\"column\" data-e-type=\"column\">\n\t\t\t<div class=\"elementor-widget-wrap elementor-element-populated\">\n\t\t\t\t\t\t<div class=\"elementor-element elementor-element-8b068d4 elementor-widget__width-initial elementor-widget elementor-widget-image\" data-id=\"8b068d4\" data-element_type=\"widget\" data-e-type=\"widget\" data-widget_type=\"image.default\">\n\t\t\t\t<div class=\"elementor-widget-container\">\n\t\t\t\t\t\t\t\t\t\t\t\t\t\t\t<img fetchpriority=\"high\" decoding=\"async\" width=\"768\" height=\"768\" src=\"https:\/\/lima.com.tr\/wp-content\/uploads\/2024\/08\/Kowa-lens-logo-768x768.png\" class=\"attachment-medium_large size-medium_large wp-image-17771\" alt=\"\" srcset=\"https:\/\/lima.com.tr\/wp-content\/uploads\/2024\/08\/Kowa-lens-logo-768x768.png 768w, https:\/\/lima.com.tr\/wp-content\/uploads\/2024\/08\/Kowa-lens-logo-300x300.png 300w, https:\/\/lima.com.tr\/wp-content\/uploads\/2024\/08\/Kowa-lens-logo-150x150.png 150w, https:\/\/lima.com.tr\/wp-content\/uploads\/2024\/08\/Kowa-lens-logo-12x12.png 12w, https:\/\/lima.com.tr\/wp-content\/uploads\/2024\/08\/Kowa-lens-logo-600x600.png 600w, https:\/\/lima.com.tr\/wp-content\/uploads\/2024\/08\/Kowa-lens-logo-100x100.png 100w, https:\/\/lima.com.tr\/wp-content\/uploads\/2024\/08\/Kowa-lens-logo.png 800w\" sizes=\"(max-width: 768px) 100vw, 768px\" \/>\t\t\t\t\t\t\t\t\t\t\t\t\t\t\t<\/div>\n\t\t\t\t<\/div>\n\t\t\t\t\t<\/div>\n\t\t<\/div>\n\t\t\t\t\t<\/div>\n\t\t<\/section>\n\t\t\t\t\t<\/div>\n\t\t<\/div>\n\t\t\t\t\t<\/div>\n\t\t<\/section>\n\t\t\t\t<section class=\"elementor-section elementor-top-section elementor-element elementor-element-a9be032 elementor-section-boxed elementor-section-height-default elementor-section-height-default\" data-id=\"a9be032\" data-element_type=\"section\" data-e-type=\"section\" id=\"anchor-urun-gruplari\" data-settings=\"{&quot;background_background&quot;:&quot;classic&quot;}\">\n\t\t\t\t\t\t\t<div class=\"elementor-background-overlay\"><\/div>\n\t\t\t\t\t\t\t<div class=\"elementor-container elementor-column-gap-default\">\n\t\t\t\t\t<div class=\"elementor-column elementor-col-100 elementor-top-column elementor-element elementor-element-41ecdaf\" data-id=\"41ecdaf\" data-element_type=\"column\" data-e-type=\"column\">\n\t\t\t<div class=\"elementor-widget-wrap elementor-element-populated\">\n\t\t\t\t\t\t<div class=\"elementor-element elementor-element-f37845f elementor-widget elementor-widget-woocommerce-breadcrumb\" data-id=\"f37845f\" data-element_type=\"widget\" data-e-type=\"widget\" data-widget_type=\"woocommerce-breadcrumb.default\">\n\t\t\t\t<div class=\"elementor-widget-container\">\n\t\t\t\t\t<nav class=\"woocommerce-breadcrumb\" aria-label=\"Breadcrumb\" data-no-translation=\"\" data-trp-gettext=\"\">Home<\/nav>\t\t\t\t<\/div>\n\t\t\t\t<\/div>\n\t\t\t\t<div class=\"elementor-element elementor-element-c9d986f elementor-widget elementor-widget-menu-anchor\" data-id=\"c9d986f\" data-element_type=\"widget\" data-e-type=\"widget\" data-widget_type=\"menu-anchor.default\">\n\t\t\t\t<div class=\"elementor-widget-container\">\n\t\t\t\t\t\t\t<div class=\"elementor-menu-anchor\" id=\"urun-gruplari\"><\/div>\n\t\t\t\t\t\t<\/div>\n\t\t\t\t<\/div>\n\t\t\t\t<div class=\"elementor-element elementor-element-a619640 elementor-widget elementor-widget-heading\" data-id=\"a619640\" data-element_type=\"widget\" data-e-type=\"widget\" data-widget_type=\"heading.default\">\n\t\t\t\t<div class=\"elementor-widget-container\">\n\t\t\t\t\t<h2 class=\"elementor-heading-title elementor-size-default\">Kowa Yapay G\u00f6rme Lensleri<\/h2>\t\t\t\t<\/div>\n\t\t\t\t<\/div>\n\t\t\t\t<section class=\"elementor-section elementor-inner-section elementor-element elementor-element-524fac4 elementor-section-boxed elementor-section-height-default elementor-section-height-default\" data-id=\"524fac4\" data-element_type=\"section\" data-e-type=\"section\">\n\t\t\t\t\t\t<div class=\"elementor-container elementor-column-gap-default\">\n\t\t\t\t\t<div class=\"elementor-column elementor-col-100 elementor-inner-column elementor-element elementor-element-f636f40\" data-id=\"f636f40\" data-element_type=\"column\" data-e-type=\"column\">\n\t\t\t<div class=\"elementor-widget-wrap elementor-element-populated\">\n\t\t\t\t\t\t<div class=\"elementor-element elementor-element-043c2f8 elementor-grid-5 elementor-product-loop-item--align-center elementor-grid-tablet-3 elementor-grid-mobile-2 elementor-products-grid elementor-wc-products elementor-widget elementor-widget-wc-categories\" data-id=\"043c2f8\" data-element_type=\"widget\" data-e-type=\"widget\" data-widget_type=\"wc-categories.default\">\n\t\t\t\t<div class=\"elementor-widget-container\">\n\t\t\t\t\t<div class=\"woocommerce columns-5\"><ul class=\"products elementor-grid columns-5\">\n<li class=\"product-category product first\">\n\t<a aria-label=\"Visit product category C-Mount Lensler\" href=\"https:\/\/lima.com.tr\/en\/product-category\/is-ortak\/kowa\/c-mount-lens\/\" data-no-translation-aria-label=\"\"><img decoding=\"async\" src=\"https:\/\/lima.com.tr\/wp-content\/uploads\/2024\/08\/Kowa-C-Mount-Lens-300x300.png\" alt=\"C-Mount Lensler\" width=\"300\" height=\"300\" srcset=\"https:\/\/lima.com.tr\/wp-content\/uploads\/2024\/08\/Kowa-C-Mount-Lens-300x300.png 300w, https:\/\/lima.com.tr\/wp-content\/uploads\/2024\/08\/Kowa-C-Mount-Lens-150x150.png 150w, https:\/\/lima.com.tr\/wp-content\/uploads\/2024\/08\/Kowa-C-Mount-Lens-12x12.png 12w, https:\/\/lima.com.tr\/wp-content\/uploads\/2024\/08\/Kowa-C-Mount-Lens-600x600.png 600w, https:\/\/lima.com.tr\/wp-content\/uploads\/2024\/08\/Kowa-C-Mount-Lens-100x100.png 100w, https:\/\/lima.com.tr\/wp-content\/uploads\/2024\/08\/Kowa-C-Mount-Lens.png 700w\" sizes=\"(max-width: 300px) 100vw, 300px\" \/>\t\t<h2 class=\"woocommerce-loop-category__title\">\n\t\t\tC-Mount Lenses <mark class=\"count\">(102)<\/mark>\t\t<\/h2>\n\t\t<\/a><\/li>\n<li class=\"product-category product\">\n\t<a aria-label=\"Visit product category F-Mount Lensler\" href=\"https:\/\/lima.com.tr\/en\/product-category\/is-ortak\/kowa\/f-mount-lens\/\" data-no-translation-aria-label=\"\"><img decoding=\"async\" src=\"https:\/\/lima.com.tr\/wp-content\/uploads\/2024\/08\/Kowa-F-Mount-Lens-300x300.png\" alt=\"F-Mount Lensler\" width=\"300\" height=\"300\" srcset=\"https:\/\/lima.com.tr\/wp-content\/uploads\/2024\/08\/Kowa-F-Mount-Lens-300x300.png 300w, https:\/\/lima.com.tr\/wp-content\/uploads\/2024\/08\/Kowa-F-Mount-Lens-150x150.png 150w, https:\/\/lima.com.tr\/wp-content\/uploads\/2024\/08\/Kowa-F-Mount-Lens-12x12.png 12w, https:\/\/lima.com.tr\/wp-content\/uploads\/2024\/08\/Kowa-F-Mount-Lens-600x600.png 600w, https:\/\/lima.com.tr\/wp-content\/uploads\/2024\/08\/Kowa-F-Mount-Lens-100x100.png 100w, https:\/\/lima.com.tr\/wp-content\/uploads\/2024\/08\/Kowa-F-Mount-Lens.png 700w\" sizes=\"(max-width: 300px) 100vw, 300px\" \/>\t\t<h2 class=\"woocommerce-loop-category__title\">\n\t\t\tF-Mount Lenses <mark class=\"count\">(5)<\/mark>\t\t<\/h2>\n\t\t<\/a><\/li>\n<li class=\"product-category product\">\n\t<a aria-label=\"Visit product category S-Mount Lensler\" href=\"https:\/\/lima.com.tr\/en\/product-category\/is-ortak\/kowa\/s-mount-lens\/\" data-no-translation-aria-label=\"\"><img loading=\"lazy\" decoding=\"async\" src=\"https:\/\/lima.com.tr\/wp-content\/uploads\/2025\/02\/LM1-7QS-300x300.webp\" alt=\"S-Mount Lensler\" width=\"300\" height=\"300\" srcset=\"https:\/\/lima.com.tr\/wp-content\/uploads\/2025\/02\/LM1-7QS-300x300.webp 300w, https:\/\/lima.com.tr\/wp-content\/uploads\/2025\/02\/LM1-7QS-150x150.webp 150w, https:\/\/lima.com.tr\/wp-content\/uploads\/2025\/02\/LM1-7QS-768x768.webp 768w, https:\/\/lima.com.tr\/wp-content\/uploads\/2025\/02\/LM1-7QS-12x12.webp 12w, https:\/\/lima.com.tr\/wp-content\/uploads\/2025\/02\/LM1-7QS-600x600.webp 600w, https:\/\/lima.com.tr\/wp-content\/uploads\/2025\/02\/LM1-7QS-100x100.webp 100w, https:\/\/lima.com.tr\/wp-content\/uploads\/2025\/02\/LM1-7QS.webp 800w\" sizes=\"(max-width: 300px) 100vw, 300px\" \/>\t\t<h2 class=\"woocommerce-loop-category__title\">\n\t\t\tS-Mount Lenses <mark class=\"count\">(1)<\/mark>\t\t<\/h2>\n\t\t<\/a><\/li>\n<\/ul>\n<\/div>\t\t\t\t<\/div>\n\t\t\t\t<\/div>\n\t\t\t\t\t<\/div>\n\t\t<\/div>\n\t\t\t\t\t<\/div>\n\t\t<\/section>\n\t\t\t\t\t<\/div>\n\t\t<\/div>\n\t\t\t\t\t<\/div>\n\t\t<\/section>\n\t\t\t\t<section class=\"elementor-section elementor-top-section elementor-element elementor-element-22d5d8d elementor-section-boxed elementor-section-height-default elementor-section-height-default\" data-id=\"22d5d8d\" data-element_type=\"section\" data-e-type=\"section\">\n\t\t\t\t\t\t<div class=\"elementor-container elementor-column-gap-narrow\">\n\t\t\t\t\t<div class=\"elementor-column elementor-col-100 elementor-top-column elementor-element elementor-element-34f1009\" data-id=\"34f1009\" data-element_type=\"column\" data-e-type=\"column\">\n\t\t\t<div class=\"elementor-widget-wrap\">\n\t\t\t\t\t\t\t<\/div>\n\t\t<\/div>\n\t\t\t\t\t<\/div>\n\t\t<\/section>\n\t\t\t\t<section class=\"elementor-section elementor-top-section elementor-element elementor-element-d937fc3 elementor-section-boxed elementor-section-height-default elementor-section-height-default\" data-id=\"d937fc3\" data-element_type=\"section\" data-e-type=\"section\" data-settings=\"{&quot;background_background&quot;:&quot;classic&quot;}\">\n\t\t\t\t\t\t\t<div class=\"elementor-background-overlay\"><\/div>\n\t\t\t\t\t\t\t<div class=\"elementor-container elementor-column-gap-default\">\n\t\t\t\t\t<div class=\"elementor-column elementor-col-100 elementor-top-column elementor-element elementor-element-aa3f1a1\" data-id=\"aa3f1a1\" data-element_type=\"column\" data-e-type=\"column\">\n\t\t\t<div class=\"elementor-widget-wrap elementor-element-populated\">\n\t\t\t\t\t\t<div class=\"elementor-element elementor-element-56d2364 elementor-widget elementor-widget-heading\" data-id=\"56d2364\" data-element_type=\"widget\" data-e-type=\"widget\" data-widget_type=\"heading.default\">\n\t\t\t\t<div class=\"elementor-widget-container\">\n\t\t\t\t\t<h2 class=\"elementor-heading-title elementor-size-default\">Solutions \/ Products<\/h2>\t\t\t\t<\/div>\n\t\t\t\t<\/div>\n\t\t\t\t<section class=\"elementor-section elementor-inner-section elementor-element elementor-element-807698f elementor-section-content-middle elementor-section-boxed elementor-section-height-default elementor-section-height-default\" data-id=\"807698f\" data-element_type=\"section\" data-e-type=\"section\">\n\t\t\t\t\t\t<div class=\"elementor-container elementor-column-gap-default\">\n\t\t\t\t\t<div class=\"elementor-column elementor-col-25 elementor-inner-column elementor-element elementor-element-20e1c5e\" data-id=\"20e1c5e\" data-element_type=\"column\" data-e-type=\"column\">\n\t\t\t<div class=\"elementor-widget-wrap elementor-element-populated\">\n\t\t\t\t\t\t<div class=\"elementor-element elementor-element-e3ba6a8 elementor-position-left elementor-vertical-align-middle elementor-widget elementor-widget-image-box\" data-id=\"e3ba6a8\" data-element_type=\"widget\" data-e-type=\"widget\" data-widget_type=\"image-box.default\">\n\t\t\t\t<div class=\"elementor-widget-container\">\n\t\t\t\t\t<div class=\"elementor-image-box-wrapper\"><figure class=\"elementor-image-box-img\"><a href=\"http:\/\/lima.com.tr\/en\/endustriyel-bilisim\/\" tabindex=\"-1\"><img loading=\"lazy\" decoding=\"async\" width=\"300\" height=\"300\" src=\"https:\/\/lima.com.tr\/wp-content\/uploads\/2024\/08\/endustriyel-bilisim-s-300x300.png\" class=\"attachment-medium size-medium wp-image-17168\" alt=\"End\u00fcstriyel Biili\u015fim\" srcset=\"https:\/\/lima.com.tr\/wp-content\/uploads\/2024\/08\/endustriyel-bilisim-s-300x300.png 300w, https:\/\/lima.com.tr\/wp-content\/uploads\/2024\/08\/endustriyel-bilisim-s-150x150.png 150w, https:\/\/lima.com.tr\/wp-content\/uploads\/2024\/08\/endustriyel-bilisim-s-12x12.png 12w, https:\/\/lima.com.tr\/wp-content\/uploads\/2024\/08\/endustriyel-bilisim-s-100x100.png 100w, https:\/\/lima.com.tr\/wp-content\/uploads\/2024\/08\/elementor\/thumbs\/endustriyel-bilisim-s-qs4ahr92hvi3wc842b9d7gfwv2fy6w2x85tfdog7b4.png 128w, https:\/\/lima.com.tr\/wp-content\/uploads\/2024\/08\/endustriyel-bilisim-s.png 480w\" sizes=\"(max-width: 300px) 100vw, 300px\" \/><\/a><\/figure><div class=\"elementor-image-box-content\"><h3 class=\"elementor-image-box-title\"><a href=\"http:\/\/lima.com.tr\/en\/endustriyel-bilisim\/\">Industrial Computing<\/a><\/h3><\/div><\/div>\t\t\t\t<\/div>\n\t\t\t\t<\/div>\n\t\t\t\t\t<\/div>\n\t\t<\/div>\n\t\t\t\t<div class=\"elementor-column elementor-col-25 elementor-inner-column elementor-element elementor-element-11e0dba\" data-id=\"11e0dba\" data-element_type=\"column\" data-e-type=\"column\">\n\t\t\t<div class=\"elementor-widget-wrap elementor-element-populated\">\n\t\t\t\t\t\t<div class=\"elementor-element elementor-element-4e74637 elementor-position-left elementor-vertical-align-middle elementor-widget elementor-widget-image-box\" data-id=\"4e74637\" data-element_type=\"widget\" data-e-type=\"widget\" data-widget_type=\"image-box.default\">\n\t\t\t\t<div class=\"elementor-widget-container\">\n\t\t\t\t\t<div class=\"elementor-image-box-wrapper\"><figure class=\"elementor-image-box-img\"><a href=\"http:\/\/lima.com.tr\/en\/endustriyel-iletisim\/\" tabindex=\"-1\"><img loading=\"lazy\" decoding=\"async\" width=\"300\" height=\"300\" src=\"https:\/\/lima.com.tr\/wp-content\/uploads\/2024\/08\/endustriyel-iletisim-new-300x300.png\" class=\"attachment-medium size-medium wp-image-17187\" alt=\"End\u00fcstriyel i\u0130eti\u015fim\" srcset=\"https:\/\/lima.com.tr\/wp-content\/uploads\/2024\/08\/endustriyel-iletisim-new-300x300.png 300w, https:\/\/lima.com.tr\/wp-content\/uploads\/2024\/08\/endustriyel-iletisim-new-1024x1024.png 1024w, https:\/\/lima.com.tr\/wp-content\/uploads\/2024\/08\/endustriyel-iletisim-new-150x150.png 150w, https:\/\/lima.com.tr\/wp-content\/uploads\/2024\/08\/endustriyel-iletisim-new-768x768.png 768w, https:\/\/lima.com.tr\/wp-content\/uploads\/2024\/08\/endustriyel-iletisim-new-12x12.png 12w, https:\/\/lima.com.tr\/wp-content\/uploads\/2024\/08\/endustriyel-iletisim-new-600x600.png 600w, https:\/\/lima.com.tr\/wp-content\/uploads\/2024\/08\/endustriyel-iletisim-new-100x100.png 100w, https:\/\/lima.com.tr\/wp-content\/uploads\/2024\/08\/elementor\/thumbs\/endustriyel-iletisim-new-qs4bmtt749q56ykf8kdinlbza60bis4p7g079xjxfk.png 128w, https:\/\/lima.com.tr\/wp-content\/uploads\/2024\/08\/endustriyel-iletisim-new.png 1410w\" sizes=\"(max-width: 300px) 100vw, 300px\" \/><\/a><\/figure><div class=\"elementor-image-box-content\"><h3 class=\"elementor-image-box-title\"><a href=\"http:\/\/lima.com.tr\/en\/endustriyel-iletisim\/\">Industrial Communication<\/a><\/h3><\/div><\/div>\t\t\t\t<\/div>\n\t\t\t\t<\/div>\n\t\t\t\t\t<\/div>\n\t\t<\/div>\n\t\t\t\t<div class=\"elementor-column elementor-col-25 elementor-inner-column elementor-element elementor-element-61b2247\" data-id=\"61b2247\" data-element_type=\"column\" data-e-type=\"column\">\n\t\t\t<div class=\"elementor-widget-wrap elementor-element-populated\">\n\t\t\t\t\t\t<div class=\"elementor-element elementor-element-f85eb3a elementor-position-left elementor-vertical-align-middle elementor-widget elementor-widget-image-box\" data-id=\"f85eb3a\" data-element_type=\"widget\" data-e-type=\"widget\" data-widget_type=\"image-box.default\">\n\t\t\t\t<div class=\"elementor-widget-container\">\n\t\t\t\t\t<div class=\"elementor-image-box-wrapper\"><figure class=\"elementor-image-box-img\"><a href=\"http:\/\/lima.com.tr\/en\/endustriyel-otomasyon\/\" tabindex=\"-1\"><img loading=\"lazy\" decoding=\"async\" width=\"300\" height=\"300\" src=\"https:\/\/lima.com.tr\/wp-content\/uploads\/2024\/08\/endustriyel-otomasyon-s-300x300.png\" class=\"attachment-medium size-medium wp-image-17161\" alt=\"\" srcset=\"https:\/\/lima.com.tr\/wp-content\/uploads\/2024\/08\/endustriyel-otomasyon-s-300x300.png 300w, https:\/\/lima.com.tr\/wp-content\/uploads\/2024\/08\/endustriyel-otomasyon-s-150x150.png 150w, https:\/\/lima.com.tr\/wp-content\/uploads\/2024\/08\/endustriyel-otomasyon-s-12x12.png 12w, https:\/\/lima.com.tr\/wp-content\/uploads\/2024\/08\/endustriyel-otomasyon-s-100x100.png 100w, https:\/\/lima.com.tr\/wp-content\/uploads\/2024\/08\/elementor\/thumbs\/endustriyel-otomasyon-s-qs49e9399jf9yblvqqitwxbi335lou91gmrsa10utc.png 128w, https:\/\/lima.com.tr\/wp-content\/uploads\/2024\/08\/endustriyel-otomasyon-s.png 480w\" sizes=\"(max-width: 300px) 100vw, 300px\" \/><\/a><\/figure><div class=\"elementor-image-box-content\"><h3 class=\"elementor-image-box-title\"><a href=\"http:\/\/lima.com.tr\/en\/endustriyel-otomasyon\/\">Industrial Automation<\/a><\/h3><\/div><\/div>\t\t\t\t<\/div>\n\t\t\t\t<\/div>\n\t\t\t\t\t<\/div>\n\t\t<\/div>\n\t\t\t\t<div class=\"elementor-column elementor-col-25 elementor-inner-column elementor-element elementor-element-5a265b8\" data-id=\"5a265b8\" data-element_type=\"column\" data-e-type=\"column\">\n\t\t\t<div class=\"elementor-widget-wrap elementor-element-populated\">\n\t\t\t\t\t\t<div class=\"elementor-element elementor-element-3378512 elementor-position-left elementor-vertical-align-middle elementor-widget elementor-widget-image-box\" data-id=\"3378512\" data-element_type=\"widget\" data-e-type=\"widget\" data-widget_type=\"image-box.default\">\n\t\t\t\t<div class=\"elementor-widget-container\">\n\t\t\t\t\t<div class=\"elementor-image-box-wrapper\"><figure class=\"elementor-image-box-img\"><a href=\"http:\/\/lima.com.tr\/en\/yapay-gorme\/\" tabindex=\"-1\"><img loading=\"lazy\" decoding=\"async\" width=\"300\" height=\"300\" src=\"https:\/\/lima.com.tr\/wp-content\/uploads\/2024\/08\/yapay-gorme-big2-300x300.png\" class=\"attachment-medium size-medium wp-image-17086\" alt=\"Yapay G\u00f6rme - Lima\" srcset=\"https:\/\/lima.com.tr\/wp-content\/uploads\/2024\/08\/yapay-gorme-big2-300x300.png 300w, https:\/\/lima.com.tr\/wp-content\/uploads\/2024\/08\/yapay-gorme-big2-1024x1024.png 1024w, https:\/\/lima.com.tr\/wp-content\/uploads\/2024\/08\/yapay-gorme-big2-150x150.png 150w, https:\/\/lima.com.tr\/wp-content\/uploads\/2024\/08\/yapay-gorme-big2-768x768.png 768w, https:\/\/lima.com.tr\/wp-content\/uploads\/2024\/08\/yapay-gorme-big2-12x12.png 12w, https:\/\/lima.com.tr\/wp-content\/uploads\/2024\/08\/yapay-gorme-big2-600x600.png 600w, https:\/\/lima.com.tr\/wp-content\/uploads\/2024\/08\/yapay-gorme-big2-100x100.png 100w, https:\/\/lima.com.tr\/wp-content\/uploads\/2024\/08\/yapay-gorme-big2.png 1400w\" sizes=\"(max-width: 300px) 100vw, 300px\" \/><\/a><\/figure><div class=\"elementor-image-box-content\"><h3 class=\"elementor-image-box-title\"><a href=\"http:\/\/lima.com.tr\/en\/yapay-gorme\/\">Machine Vision<\/a><\/h3><\/div><\/div>\t\t\t\t<\/div>\n\t\t\t\t<\/div>\n\t\t\t\t\t<\/div>\n\t\t<\/div>\n\t\t\t\t\t<\/div>\n\t\t<\/section>\n\t\t\t\t\t<\/div>\n\t\t<\/div>\n\t\t\t\t\t<\/div>\n\t\t<\/section>\n\t\t\t\t<\/div>","protected":false},"excerpt":{"rendered":"<p>Kowa Optimed, Japonya\u2019daki en b\u00fcy\u00fck \u00f6zel \u015firketlerden biri olan Kowa Company Limited\u2019in bir alt kurulu\u015fudur. 1894 y\u0131l\u0131nda kurulan Kowa; optik, ecza kimyasallar\u0131, ya\u015fam bilimleri, tekstil ve \u00e7e\u015fitli t\u00fcketici \u00fcr\u00fcnleri alanlar\u0131nda \u00e7e\u015fitli \u00fcretim ve ticaret faaliyetlerinde bulunan \u00e7ok uluslu bir Japon \u015firketidir. Kowa\u2019n\u0131n elektronik ve optik b\u00f6l\u00fcm\u00fc, 1940\u2019larda lens \u00fcretimine ba\u015flam\u0131\u015ft\u0131r. Ge\u00e7en s\u00fcrede CCTV (g\u00fcvenlik), yapay [&hellip;]<\/p>\n","protected":false},"author":7,"featured_media":0,"parent":15108,"menu_order":0,"comment_status":"closed","ping_status":"closed","template":"","meta":{"footnotes":""},"class_list":["post-17772","page","type-page","status-publish","hentry"],"_links":{"self":[{"href":"https:\/\/lima.com.tr\/en\/wp-json\/wp\/v2\/pages\/17772","targetHints":{"allow":["GET"]}}],"collection":[{"href":"https:\/\/lima.com.tr\/en\/wp-json\/wp\/v2\/pages"}],"about":[{"href":"https:\/\/lima.com.tr\/en\/wp-json\/wp\/v2\/types\/page"}],"author":[{"embeddable":true,"href":"https:\/\/lima.com.tr\/en\/wp-json\/wp\/v2\/users\/7"}],"replies":[{"embeddable":true,"href":"https:\/\/lima.com.tr\/en\/wp-json\/wp\/v2\/comments?post=17772"}],"version-history":[{"count":5,"href":"https:\/\/lima.com.tr\/en\/wp-json\/wp\/v2\/pages\/17772\/revisions"}],"predecessor-version":[{"id":17805,"href":"https:\/\/lima.com.tr\/en\/wp-json\/wp\/v2\/pages\/17772\/revisions\/17805"}],"up":[{"embeddable":true,"href":"https:\/\/lima.com.tr\/en\/wp-json\/wp\/v2\/pages\/15108"}],"wp:attachment":[{"href":"https:\/\/lima.com.tr\/en\/wp-json\/wp\/v2\/media?parent=17772"}],"curies":[{"name":"wp","href":"https:\/\/api.w.org\/{rel}","templated":true}]}}