{"id":16120,"date":"2024-06-10T12:15:55","date_gmt":"2024-06-10T09:15:55","guid":{"rendered":"https:\/\/lima.com.tr\/?page_id=16120"},"modified":"2024-06-10T16:07:50","modified_gmt":"2024-06-10T13:07:50","slug":"kvk_aydinlatma","status":"publish","type":"page","link":"https:\/\/lima.com.tr\/en\/kvk_aydinlatma\/","title":{"rendered":"KVKK Ayd\u0131nlatma ve A\u00e7\u0131k R\u0131za"},"content":{"rendered":"<div data-elementor-type=\"wp-post\" data-elementor-id=\"16120\" class=\"elementor elementor-16120\" data-elementor-post-type=\"page\">\n\t\t\t\t\t\t<section class=\"elementor-section elementor-top-section elementor-element elementor-element-fe53998 elementor-section-full_width elementor-section-height-default elementor-section-height-default\" data-id=\"fe53998\" data-element_type=\"section\" data-e-type=\"section\">\n\t\t\t\t\t\t<div class=\"elementor-container elementor-column-gap-no\">\n\t\t\t\t\t<div class=\"elementor-column elementor-col-100 elementor-top-column elementor-element elementor-element-0786952\" data-id=\"0786952\" data-element_type=\"column\" data-e-type=\"column\">\n\t\t\t<div class=\"elementor-widget-wrap elementor-element-populated\">\n\t\t\t\t\t\t<div class=\"elementor-element elementor-element-5744f1b elementor-widget elementor-widget-image\" data-id=\"5744f1b\" data-element_type=\"widget\" data-e-type=\"widget\" data-widget_type=\"image.default\">\n\t\t\t\t<div class=\"elementor-widget-container\">\n\t\t\t\t\t\t\t\t\t\t\t\t\t\t\t<img fetchpriority=\"high\" decoding=\"async\" width=\"740\" height=\"224\" src=\"https:\/\/lima.com.tr\/wp-content\/uploads\/2024\/06\/kvkk.jpg\" class=\"attachment-full size-full wp-image-16122\" alt=\"\" srcset=\"https:\/\/lima.com.tr\/wp-content\/uploads\/2024\/06\/kvkk.jpg 740w, https:\/\/lima.com.tr\/wp-content\/uploads\/2024\/06\/kvkk-300x91.jpg 300w, https:\/\/lima.com.tr\/wp-content\/uploads\/2024\/06\/kvkk-18x5.jpg 18w, https:\/\/lima.com.tr\/wp-content\/uploads\/2024\/06\/kvkk-600x182.jpg 600w\" sizes=\"(max-width: 740px) 100vw, 740px\" \/>\t\t\t\t\t\t\t\t\t\t\t\t\t\t\t<\/div>\n\t\t\t\t<\/div>\n\t\t\t\t\t<\/div>\n\t\t<\/div>\n\t\t\t\t\t<\/div>\n\t\t<\/section>\n\t\t\t\t<section class=\"elementor-section elementor-top-section elementor-element elementor-element-c2fce0e elementor-section-boxed elementor-section-height-default elementor-section-height-default\" data-id=\"c2fce0e\" data-element_type=\"section\" data-e-type=\"section\">\n\t\t\t\t\t\t<div class=\"elementor-container elementor-column-gap-default\">\n\t\t\t\t\t<div class=\"elementor-column elementor-col-100 elementor-top-column elementor-element elementor-element-9accfe8\" data-id=\"9accfe8\" data-element_type=\"column\" data-e-type=\"column\">\n\t\t\t<div class=\"elementor-widget-wrap elementor-element-populated\">\n\t\t\t\t\t\t<div class=\"elementor-element elementor-element-04b108f elementor-widget elementor-widget-heading\" data-id=\"04b108f\" data-element_type=\"widget\" data-e-type=\"widget\" data-widget_type=\"heading.default\">\n\t\t\t\t<div class=\"elementor-widget-container\">\n\t\t\t\t\t<h2 class=\"elementor-heading-title elementor-size-default\">KVK Kanunu Ayd\u0131nlatma ve A\u00e7\u0131k R\u0131za Metinleri<\/h2>\t\t\t\t<\/div>\n\t\t\t\t<\/div>\n\t\t\t\t<div class=\"elementor-element elementor-element-a96784a elementor-widget elementor-widget-text-editor\" data-id=\"a96784a\" data-element_type=\"widget\" data-e-type=\"widget\" data-widget_type=\"text-editor.default\">\n\t\t\t\t<div class=\"elementor-widget-container\">\n\t\t\t\t\t\t\t\t\t<h5><strong>A\u00e7\u0131k R\u0131za Metni<\/strong><\/h5><p>Bu metin; Lima End\u00fcstriyel Bilgisayar Hizmetleri ve Tic. Ltd. \u015eti (&#8220;<strong>L\u0130MA<\/strong>&#8220;)\u00a0taraf\u0131ndan\u00a0y\u00f6netilen <a href=\"https:\/\/lima.com.tr\/en\/\">lima.com.tr<\/a> ve \u015firket i\u00e7inde kullan\u0131lan CRM ve Muhasebe sistemlerinin; <strong>Veri Sorumlusu<\/strong> olan L\u0130MA\u2019n\u0131n <strong>6698<\/strong> say\u0131l\u0131 Ki\u015fisel Verilerin Korunmas\u0131 Kanunu\u2019na (\u201c<strong>KVKK<\/strong>\u201d)\u00a0uygun olarak\u00a0\u00fcyelerinin ki\u015fisel verilerinin i\u015flenmesine ili\u015fkin a\u00e7\u0131klamalarda bulunmak, bilgilendirmek ve bu bilgilendirme dahilinde \u00fcyelerin \u201c<strong>A\u00e7\u0131k R\u0131za Beyanlar\u0131<\/strong>\u201dn\u0131n al\u0131nmas\u0131 amac\u0131yla yay\u0131nlamaktad\u0131r.<\/p><p>L\u0130MA\u00a0nezdindeki ki\u015fisel verileriniz a\u015fa\u011f\u0131da a\u00e7\u0131klanan sebep, ama\u00e7 ve y\u00f6ntemlerle, ilgili yasal d\u00fczenlemeler ve yasal otoritelerce \u00f6ng\u00f6r\u00fclen bilgi saklama, raporlama, bilgilendirme y\u00fck\u00fcml\u00fcl\u00fcklerine uygun \u015fekilde sistemlerimize kaydedilecek, depolanacak, muhafaza edilecek, saklanacak, yasal ya da finansal gerekler, nedenler ile s\u0131n\u0131fland\u0131r\u0131lacak, g\u00fcncellenecek ve mevzuat\u0131n izin verdi\u011fi durumlarda ve yasal s\u0131n\u0131rlar dahilinde 3. ki\u015filere a\u00e7\u0131klanabilecek\/devredilebilecek, s\u0131n\u0131fland\u0131r\u0131labilecek ve KVK Kanunu\u2019nda say\u0131lan \u015fekillerde i\u015flenebilecektir.<\/p><p>Gerek duyman\u0131z halinde lima.com.tr\u2019deki hizmetlerimizden yararlanmak, dilek ve \u00f6nerilerde bulunmak, kendinizi daha iyi tan\u0131tmak ve kullan\u0131c\u0131 tercihlerinizi daha yak\u0131ndan takip edebilmemiz amac\u0131yla, bilgi sa\u011flarken veya internet sitesini kullan\u0131rken; ad, soyad, e-posta, vergi numaras\u0131, \u015firket ve adres gibi bilgiler ve bunlarla s\u0131n\u0131rl\u0131 olmaks\u0131z\u0131n, payla\u015faca\u011f\u0131n\u0131z veya payla\u015ft\u0131\u011f\u0131n\u0131z t\u00fcm ki\u015fisel verileri, \u00e7erezler (cookies) arac\u0131l\u0131\u011f\u0131yla payla\u015ft\u0131\u011f\u0131n\u0131z verileriniz de dahil, internet sitesi ile KVKK Madde 5\/f.1 ve Madde. 6\/f.2 uyar\u0131nca kendi iste\u011finizle payla\u015ft\u0131\u011f\u0131n\u0131z\u0131, bu verilerin size daha kapsaml\u0131 ve uygun hizmet verilmesi, L\u0130MA\u2019n\u0131n etkinlik ve yeniliklerinden haberdar olmak, ba\u015fvuru ve \u015fikayetlerinizin i\u015flenebilmesi i\u00e7in yapt\u0131\u011f\u0131n\u0131z\u0131 kabul etmektesiniz. \u00a0Sitemize yapt\u0131\u011f\u0131n\u0131z ziyaretlere ait trafik bilgileri de 5651 say\u0131l\u0131 Kanun uyar\u0131nca i\u015flenecektir.<\/p><p>Bu bilgilendirmeyi 6698 say\u0131l\u0131 KVK Kanunu\u2019nun Madde 10.\u2019u \u00e7er\u00e7evesinde; L\u0130MA olarak s\u00fcrd\u00fcrd\u00fc\u011f\u00fcm\u00fcz hizmetler kapsam\u0131nda i\u015flenmekte olan ki\u015fisel verileriniz hakk\u0131nda sizi ayd\u0131nlatmak \u00fczere yapmaktay\u0131z.<\/p>\t\t\t\t\t\t\t\t<\/div>\n\t\t\t\t<\/div>\n\t\t\t\t<div class=\"elementor-element elementor-element-01f18f6 elementor-widget elementor-widget-text-editor\" data-id=\"01f18f6\" data-element_type=\"widget\" data-e-type=\"widget\" data-widget_type=\"text-editor.default\">\n\t\t\t\t<div class=\"elementor-widget-container\">\n\t\t\t\t\t\t\t\t\t<h5><strong>Ki\u015fisel Verilerin \u0130\u015flenmesindeki Ama\u00e7lar ve Sa\u011flanan Fayda<\/strong><\/h5><p>L\u0130MA\u00a0taraf\u0131ndan \u00f6zel nitelikli ki\u015fisel verileriniz de dahil olmak \u00fczere derlenen bilgiler; <br \/>Sizlere sa\u011flanan \u00fcr\u00fcn ve hizmetlerin tan\u0131t\u0131m, tedarik, sat\u0131\u015f ve teknik destek s\u00fcre\u00e7lerinin y\u00fcr\u00fct\u00fclebilmesi, bilgi g\u00fcvenli\u011fi y\u00f6netimi, kurumsal ileti\u015fim, muhasebe, lojistik faaliyetleri, memnuniyet ve kalite iyile\u015ftirme,\u00a0 \u015fikayet, \u00fcr\u00fcn iade s\u00fcre\u00e7lerinin y\u00f6netimi, online destek hizmeti sa\u011flanmas\u0131 konusunda mevzuata uygun \u00e7al\u0131\u015fmalar, kimlik do\u011frulama faaliyetlerinin y\u00fcr\u00fct\u00fclmesi, mevcut verilerin g\u00fcncelli\u011finin ve do\u011frulu\u011funun sa\u011flanmas\u0131, yetkili kurum ve kurulu\u015flara mevzuat kapsam\u0131nda bilgi verilmesi ama\u00e7lar\u0131 ile i\u015flenmektedir.<\/p>\t\t\t\t\t\t\t\t<\/div>\n\t\t\t\t<\/div>\n\t\t\t\t<div class=\"elementor-element elementor-element-cbf26f7 elementor-widget elementor-widget-text-editor\" data-id=\"cbf26f7\" data-element_type=\"widget\" data-e-type=\"widget\" data-widget_type=\"text-editor.default\">\n\t\t\t\t<div class=\"elementor-widget-container\">\n\t\t\t\t\t\t\t\t\t<p><strong>Ki\u015fisel Verilerin Toplanma Y\u00f6ntemleri ve \u015eekli<\/strong><\/p><p>Ki\u015fisel verileriniz\u00a0L\u0130MA\u00a0taraf\u0131ndan sizlerin beyanlar\u0131 baz al\u0131nmak sureti ile y\u00fcz y\u00fcze veya online ortamlardan, ayr\u0131ca yasal mevzuata uygun olarak \u00e7e\u015fitli kurum ve kurulu\u015flar aras\u0131ndaki sistem payla\u015f\u0131mlar\u0131 ve i\u015f ortakl\u0131\u011f\u0131 bulunan dernek, kurum ve kurulu\u015flar arac\u0131l\u0131\u011f\u0131yla toplanmaktad\u0131r. Ki\u015fisel verileriniz\u00a0L\u0130MA\u2019n\u0131n faaliyetlerini s\u00fcrd\u00fcrmesine y\u00f6nelik kanunlarda a\u00e7\u0131k\u00e7a \u00f6ng\u00f6r\u00fclmesi dolay\u0131s\u0131 ile veyahut bir s\u00f6zle\u015fmenin kurulmas\u0131 veya ifas\u0131yla do\u011frudan do\u011fruya ilgili olarak ki\u015fisel veri i\u015flemesinin gerekli olmas\u0131, veri sorumlusunun hukuki y\u00fck\u00fcml\u00fcl\u00fc\u011f\u00fcn\u00fc yerine getirebilmesi i\u00e7in zorunlu olmas\u0131, bir hakk\u0131n tesisi, kullan\u0131lmas\u0131 veya korunmas\u0131 i\u00e7in veri i\u015flemenin zorunlu olmas\u0131, sizlerin temel hak ve \u00f6zg\u00fcrl\u00fcklerine zarar vermemek kayd\u0131yla, veri sorumlusunun me\u015fru menfaatleri i\u00e7in veri i\u015flenmesinin zorunlu olmas\u0131 veya a\u00e7\u0131k r\u0131zan\u0131z\u0131n temin edilmesi hukuki sebepleri ile toplanmakta ve i\u015flenmektedir.\u00a0L\u0130MA\u2019n\u0131n ki\u015fisel verilerinizin toplanmas\u0131 saklanmas\u0131 i\u015flenmesi s\u00fcre\u00e7leriyle ilgili farkl\u0131 talepleriniz olmas\u0131 halinde bunlar\u0131n taraf\u0131m\u0131za yaz\u0131l\u0131 bi\u00e7imde bildirilmi\u015f olmas\u0131 gerekmektedir<\/p>\t\t\t\t\t\t\t\t<\/div>\n\t\t\t\t<\/div>\n\t\t\t\t<div class=\"elementor-element elementor-element-136d932 elementor-widget elementor-widget-text-editor\" data-id=\"136d932\" data-element_type=\"widget\" data-e-type=\"widget\" data-widget_type=\"text-editor.default\">\n\t\t\t\t<div class=\"elementor-widget-container\">\n\t\t\t\t\t\t\t\t\t<p><strong>Ki\u015fisel Verilerinizin \u00dc\u00e7\u00fcnc\u00fc Ki\u015filere Aktar\u0131lmas\u0131 Bak\u0131m\u0131ndan \u0130zin<\/strong><\/p><p>Ki\u015fisel verileriniz\u00a0L\u0130MA\u2019n\u0131n yurti\u00e7i ve yurtd\u0131\u015f\u0131ndaki do\u011frudan veya dolayl\u0131 i\u015f ortaklar\u0131yla, \u00e7\u00f6z\u00fcm ortaklar\u0131yla; ayr\u0131ca kanunen yetkili k\u0131l\u0131nm\u0131\u015f kamu t\u00fczel ki\u015filikleri, \u00f6zel ki\u015filer veya adli makamlarla payla\u015f\u0131labilecektir. S\u00f6z konusu payla\u015f\u0131mlar \u00e7er\u00e7evesinde ki\u015fisel verileriniz yurti\u00e7inde veya yurtd\u0131\u015f\u0131nda i\u015flenebilecektir.<\/p>\t\t\t\t\t\t\t\t<\/div>\n\t\t\t\t<\/div>\n\t\t\t\t<div class=\"elementor-element elementor-element-c99427d elementor-widget elementor-widget-text-editor\" data-id=\"c99427d\" data-element_type=\"widget\" data-e-type=\"widget\" data-widget_type=\"text-editor.default\">\n\t\t\t\t<div class=\"elementor-widget-container\">\n\t\t\t\t\t\t\t\t\t<p><strong>Ki\u015fisel Verilerinizin \u0130\u015flenme S\u00fcresi<\/strong><\/p><p>Ki\u015fisel verileriniz en az on y\u0131l s\u00fcre ile i\u015flenecektir. S\u00f6z konusu s\u00fcrenin bitiminden sonra gerek halinde ek s\u00fcreler boyunca da ki\u015fisel verileriniz i\u015flenmeye devam edecektir. Bahsedilen bu s\u00fcrelerin sonunda ise ki\u015fisel verileriniz derhal silinecek, yok edilecek veya anonim hale gelecektir.<\/p>\t\t\t\t\t\t\t\t<\/div>\n\t\t\t\t<\/div>\n\t\t\t\t<div class=\"elementor-element elementor-element-591ece8 elementor-widget elementor-widget-text-editor\" data-id=\"591ece8\" data-element_type=\"widget\" data-e-type=\"widget\" data-widget_type=\"text-editor.default\">\n\t\t\t\t<div class=\"elementor-widget-container\">\n\t\t\t\t\t\t\t\t\t<p><strong>Ki\u015fisel Verilerinize \u0130li\u015fkin G\u00fcvenlik \u00d6nlemleri<\/strong><\/p><p>Ki\u015fisel verilerinizin hukuka ayk\u0131r\u0131 olarak i\u015flenmesini ve hukuka ayk\u0131r\u0131 olarak eri\u015filmesini \u00f6nlemek amac\u0131yla gerekli her t\u00fcrl\u00fc teknik ve idari tedbirler\u00a0L\u0130MA\u00a0taraf\u0131ndan al\u0131nmaktad\u0131r.<\/p>\t\t\t\t\t\t\t\t<\/div>\n\t\t\t\t<\/div>\n\t\t\t\t<div class=\"elementor-element elementor-element-f56b860 elementor-widget elementor-widget-text-editor\" data-id=\"f56b860\" data-element_type=\"widget\" data-e-type=\"widget\" data-widget_type=\"text-editor.default\">\n\t\t\t\t<div class=\"elementor-widget-container\">\n\t\t\t\t\t\t\t\t\t<p><strong>Ki\u015fisel Verilerinize \u0130li\u015fkin Haklar\u0131n\u0131z<\/strong><\/p><p>6698 say\u0131l\u0131 Kanun\u2019undaki Madde 11\u2019e g\u00f6re ki\u015fisel verilerinize ili\u015fkin haklar\u0131n\u0131z a\u015fa\u011f\u0131daki gibidir:<\/p><ul><li>Ki\u015fisel veri i\u015flenip i\u015flenmedi\u011fini \u00f6\u011frenme,<\/li><li>Ki\u015fisel verileri i\u015flenmi\u015f ise buna ili\u015fkin bilgi talep etme,<\/li><li>Ki\u015fisel verilerin i\u015flenme amac\u0131n\u0131 ve bunlar\u0131n amac\u0131na uygun kullan\u0131l\u0131p\u00a0kullan\u0131lmad\u0131\u011f\u0131n\u0131 \u00f6\u011frenme,<\/li><li>Yurt i\u00e7inde veya yurt d\u0131\u015f\u0131nda ki\u015fisel verilerin aktar\u0131ld\u0131\u011f\u0131 \u00fc\u00e7\u00fcnc\u00fc ki\u015fileri bilme,<\/li><li>Ki\u015fisel verilerinizin eksik veya yanl\u0131\u015f i\u015flenmi\u015f olmas\u0131 halinde bunlar\u0131n\u00a0d\u00fczeltilmesini isteme ve bu kapsamda yap\u0131lan i\u015flemin ki\u015fisel verilerin aktar\u0131ld\u0131\u011f\u0131\u00a0\u00fc\u00e7\u00fcnc\u00fc ki\u015filere bildirilmesini isteme,<\/li><li>Ki\u015fisel verilerin silinmesine veya yok edilmesini isteme,<\/li><li>Ki\u015fisel verilerin d\u00fczeltilmesi, silinmesi ve ya edilmesi halinde bu i\u015flemlerin ki\u015fisel\u00a0verilerin aktar\u0131ld\u0131\u011f\u0131 \u00fc\u00e7\u00fcnc\u00fc ki\u015filere bildirilmesini isteme,<\/li><li>\u0130\u015flenen verilerin m\u00fcnhas\u0131ran otomatik sistemler vas\u0131tas\u0131yla analiz edilmesi suretiyle ki\u015finin kendisi aleyhine bir sonucun ortaya \u00e7\u0131kmas\u0131na itiraz etme,<\/li><li>Ki\u015fisel verilerin kanuna ayk\u0131r\u0131 olarak i\u015flenmesi sebebiyle zarara u\u011framas\u0131\u00a0halinde zarar\u0131n giderilmesini,\u00a0<\/li><\/ul><p><span style=\"background-color: transparent; color: var( --e-global-color-text ); font-family: var( --e-global-typography-text-font-family ); font-weight: var( --e-global-typography-text-font-weight );\">\u00a0T<\/span><span style=\"background-color: transparent; color: var( --e-global-color-text ); font-family: var( --e-global-typography-text-font-family ); font-weight: var( --e-global-typography-text-font-weight ); font-size: 1rem;\">alep etme hakk\u0131na sahipsiniz.<\/span><\/p>\t\t\t\t\t\t\t\t<\/div>\n\t\t\t\t<\/div>\n\t\t\t\t\t<\/div>\n\t\t<\/div>\n\t\t\t\t\t<\/div>\n\t\t<\/section>\n\t\t\t\t<section class=\"elementor-section elementor-top-section elementor-element elementor-element-2d16dba elementor-section-boxed elementor-section-height-default elementor-section-height-default\" data-id=\"2d16dba\" data-element_type=\"section\" data-e-type=\"section\">\n\t\t\t\t\t\t<div class=\"elementor-container elementor-column-gap-narrow\">\n\t\t\t\t\t<div class=\"elementor-column elementor-col-50 elementor-top-column elementor-element elementor-element-8b42f7e\" data-id=\"8b42f7e\" data-element_type=\"column\" data-e-type=\"column\">\n\t\t\t<div class=\"elementor-widget-wrap elementor-element-populated\">\n\t\t\t\t\t\t<div class=\"elementor-element elementor-element-5a29074 elementor-align-center elementor-widget elementor-widget-post-info\" data-id=\"5a29074\" data-element_type=\"widget\" data-e-type=\"widget\" data-widget_type=\"post-info.default\">\n\t\t\t\t<div class=\"elementor-widget-container\">\n\t\t\t\t\t\t\t<ul class=\"elementor-icon-list-items elementor-post-info\">\n\t\t\t\t\t\t\t\t<li class=\"elementor-icon-list-item elementor-repeater-item-5899428\">\n\t\t\t\t\t\t\t\t\t\t\t\t\t<span class=\"elementor-icon-list-text elementor-post-info__item elementor-post-info__item--type-custom\">\n\t\t\t\t\t\t\t\t\t\t01\/06\/2024\t\t\t\t\t<\/span>\n\t\t\t\t\t\t\t\t<\/li>\n\t\t\t\t<\/ul>\n\t\t\t\t\t\t<\/div>\n\t\t\t\t<\/div>\n\t\t\t\t<div class=\"elementor-element elementor-element-0a7229f elementor-position-left elementor-widget__width-initial elementor-vertical-align-top elementor-widget elementor-widget-image-box\" data-id=\"0a7229f\" data-element_type=\"widget\" data-e-type=\"widget\" data-widget_type=\"image-box.default\">\n\t\t\t\t<div class=\"elementor-widget-container\">\n\t\t\t\t\t<div class=\"elementor-image-box-wrapper\"><figure class=\"elementor-image-box-img\"><a href=\"https:\/\/lima.com.tr\/wp-content\/uploads\/2024\/06\/Lima_KVKK_Aydinlatma.pdf\" target=\"_blank\" tabindex=\"-1\"><img decoding=\"async\" width=\"150\" height=\"150\" src=\"https:\/\/lima.com.tr\/wp-content\/uploads\/2024\/06\/KVKK_s-150x150.png\" class=\"attachment-thumbnail size-thumbnail wp-image-16140\" alt=\"\" srcset=\"https:\/\/lima.com.tr\/wp-content\/uploads\/2024\/06\/KVKK_s-150x150.png 150w, https:\/\/lima.com.tr\/wp-content\/uploads\/2024\/06\/KVKK_s-12x12.png 12w, https:\/\/lima.com.tr\/wp-content\/uploads\/2024\/06\/KVKK_s-100x100.png 100w, https:\/\/lima.com.tr\/wp-content\/uploads\/2024\/06\/KVKK_s.png 240w\" sizes=\"(max-width: 150px) 100vw, 150px\" \/><\/a><\/figure><div class=\"elementor-image-box-content\"><h3 class=\"elementor-image-box-title\"><a href=\"https:\/\/lima.com.tr\/wp-content\/uploads\/2024\/06\/Lima_KVKK_Aydinlatma.pdf\" target=\"_blank\">KVKK-LIMA<\/a><\/h3><p class=\"elementor-image-box-description\">KVK Kanunu Ayd\u0131nlatma ve A\u00e7\u0131k R\u0131za Metinleri<br>&nbsp;<\/p><\/div><\/div>\t\t\t\t<\/div>\n\t\t\t\t<\/div>\n\t\t\t\t<div class=\"elementor-element elementor-element-2b63f51 elementor-align-center elementor-widget elementor-widget-button\" data-id=\"2b63f51\" data-element_type=\"widget\" data-e-type=\"widget\" data-widget_type=\"button.default\">\n\t\t\t\t<div class=\"elementor-widget-container\">\n\t\t\t\t\t\t\t\t\t<div class=\"elementor-button-wrapper\">\n\t\t\t\t\t<a class=\"elementor-button elementor-button-link elementor-size-sm\" href=\"https:\/\/lima.com.tr\/wp-content\/uploads\/2024\/06\/Lima_KVKK_Aydinlatma.pdf\" target=\"_blank\">\n\t\t\t\t\t\t<span class=\"elementor-button-content-wrapper\">\n\t\t\t\t\t\t\t\t\t<span class=\"elementor-button-text\">View<\/span>\n\t\t\t\t\t<\/span>\n\t\t\t\t\t<\/a>\n\t\t\t\t<\/div>\n\t\t\t\t\t\t\t\t<\/div>\n\t\t\t\t<\/div>\n\t\t\t\t\t<\/div>\n\t\t<\/div>\n\t\t\t\t<div class=\"elementor-column elementor-col-50 elementor-top-column elementor-element elementor-element-f4a784b\" data-id=\"f4a784b\" data-element_type=\"column\" data-e-type=\"column\">\n\t\t\t<div class=\"elementor-widget-wrap elementor-element-populated\">\n\t\t\t\t\t\t<section class=\"elementor-section elementor-inner-section elementor-element elementor-element-18fdef2 elementor-section-boxed elementor-section-height-default elementor-section-height-default\" data-id=\"18fdef2\" data-element_type=\"section\" data-e-type=\"section\">\n\t\t\t\t\t\t<div class=\"elementor-container elementor-column-gap-default\">\n\t\t\t\t\t<div class=\"elementor-column elementor-col-100 elementor-inner-column elementor-element elementor-element-6d873ab\" data-id=\"6d873ab\" data-element_type=\"column\" data-e-type=\"column\">\n\t\t\t<div class=\"elementor-widget-wrap\">\n\t\t\t\t\t\t\t<\/div>\n\t\t<\/div>\n\t\t\t\t\t<\/div>\n\t\t<\/section>\n\t\t\t\t\t<\/div>\n\t\t<\/div>\n\t\t\t\t\t<\/div>\n\t\t<\/section>\n\t\t\t\t<\/div>","protected":false},"excerpt":{"rendered":"<p>KVK Kanunu Ayd\u0131nlatma ve A\u00e7\u0131k R\u0131za Metinleri A\u00e7\u0131k R\u0131za Metni Bu metin; Lima End\u00fcstriyel Bilgisayar Hizmetleri ve Tic. Ltd. \u015eti (&#8220;L\u0130MA&#8220;)\u00a0taraf\u0131ndan\u00a0y\u00f6netilen lima.com.tr ve \u015firket i\u00e7inde kullan\u0131lan CRM ve Muhasebe sistemlerinin; Veri Sorumlusu olan L\u0130MA\u2019n\u0131n 6698 say\u0131l\u0131 Ki\u015fisel Verilerin Korunmas\u0131 Kanunu\u2019na (\u201cKVKK\u201d)\u00a0uygun olarak\u00a0\u00fcyelerinin ki\u015fisel verilerinin i\u015flenmesine ili\u015fkin a\u00e7\u0131klamalarda bulunmak, bilgilendirmek ve bu bilgilendirme dahilinde \u00fcyelerin \u201cA\u00e7\u0131k [&hellip;]<\/p>\n","protected":false},"author":7,"featured_media":0,"parent":0,"menu_order":0,"comment_status":"closed","ping_status":"closed","template":"","meta":{"footnotes":""},"class_list":["post-16120","page","type-page","status-publish","hentry"],"_links":{"self":[{"href":"https:\/\/lima.com.tr\/en\/wp-json\/wp\/v2\/pages\/16120","targetHints":{"allow":["GET"]}}],"collection":[{"href":"https:\/\/lima.com.tr\/en\/wp-json\/wp\/v2\/pages"}],"about":[{"href":"https:\/\/lima.com.tr\/en\/wp-json\/wp\/v2\/types\/page"}],"author":[{"embeddable":true,"href":"https:\/\/lima.com.tr\/en\/wp-json\/wp\/v2\/users\/7"}],"replies":[{"embeddable":true,"href":"https:\/\/lima.com.tr\/en\/wp-json\/wp\/v2\/comments?post=16120"}],"version-history":[{"count":5,"href":"https:\/\/lima.com.tr\/en\/wp-json\/wp\/v2\/pages\/16120\/revisions"}],"predecessor-version":[{"id":16274,"href":"https:\/\/lima.com.tr\/en\/wp-json\/wp\/v2\/pages\/16120\/revisions\/16274"}],"wp:attachment":[{"href":"https:\/\/lima.com.tr\/en\/wp-json\/wp\/v2\/media?parent=16120"}],"curies":[{"name":"wp","href":"https:\/\/api.w.org\/{rel}","templated":true}]}}